{"id":14952,"date":"2022-09-05T17:54:11","date_gmt":"2022-09-05T17:54:11","guid":{"rendered":"https:\/\/www.garciavarona.com\/tienda\/?post_type=product&#038;p=14952"},"modified":"2023-05-04T14:10:08","modified_gmt":"2023-05-04T14:10:08","slug":"liston-de-madera-de-roble-macizo","status":"publish","type":"product","link":"https:\/\/www.garciavarona.com\/en\/producto\/liston-de-madera-de-roble-macizo\/","title":{"rendered":"List\u00f3n de madera de roble macizo"},"content":{"rendered":"<h1>List\u00f3n de madera de roble macizo<\/h1>\n<p><strong>List\u00f3n de roble<\/strong> macizo. <strong>Rastrel de madera maciza<\/strong> de roble. Varias medidas disponibles. Precio por paquete. Varios largos disponibles.<\/p>\n<p>Calidad R\u00fastica: Admisible nudos, grietas, variaciones de colores, albura y falta cepillado. Roble rojo europeo.<\/p>\n<p>Calidad Premier: Sin nudos grandes, sin grietas, posible presencia de alg\u00fan nudo de brote, escasa variaci\u00f3n de color y albura. Roble rojo europeo.<\/p>\n<p>Calidad Mix: 50 % limpio de nudo, 50% con nudo, presencia de albura.<\/p>\n<h3>Usos de los listones de madera<\/h3>\n<p>Los<strong> listones de madera<\/strong> tienen una gran variedad de usos tanto en la construcci\u00f3n, creaci\u00f3n de estructuras, bricolaje, como en la decoraci\u00f3n.<\/p>\n<p>Los listones o rastreles se utilizan tanto para construir paredes o estructuras (suelen tener un grosor mayor), como para rastrelados de suelos. Pueden unir y servir de soporte a diferentes estructuras. Crear una mayor sujeci\u00f3n y resistencia para estas estructuras, hacer tabiques. Adem\u00e1s, al mismo tiempo que unen, dan soporte, por ejemplo para colocar encimeras o baldas.<\/p>\n<p>El rastrelado de suelos se lleva a cabo para colocar tarima de madera clavada. Tambi\u00e9n paredes, techos o cubiertas. Sirve como estructura para la colocaci\u00f3n de friso de madera como revestimiento de las paredes.<\/p>\n<p>Es extendido su uso en trabajos de carpinter\u00eda, como marcos de puertas o ventanas. Para la fabricaci\u00f3n de muebles, como estanter\u00edas, mesas y sillas de madera. Dependiendo del tipo de muebles y de si son para interior o exterior estar\u00e1n tratados de una manera u otra. Los listones de madera pueden usarse para cualquier tipo de decoraci\u00f3n en el hogar.<\/p>\n<h3>Precauciones en el uso e instalaci\u00f3n de listones de madera<\/h3>\n<p>* No soltar los\u00a0<a href=\"https:\/\/es.wikipedia.org\/wiki\/Fleje\" target=\"_blank\" rel=\"noopener\">flejes<\/a> (sujeci\u00f3n) del paquete de listones hasta el momento de la instalaci\u00f3n. De esta forma evitamos posibles deformaciones. En caso de que, una vez acabada la instalaci\u00f3n, haya sobrantes, se deben de volver a sujetar los listones con flejes o similar para evitar que se deformen.<\/p>\n","protected":false},"excerpt":{"rendered":"<p><strong>Rastrel de madera maciza<\/strong> de roble. Varias medidas disponibles. Precio por paquete.<\/p>\n","protected":false},"featured_media":12726,"template":"","meta":[],"product_brand":[],"product_cat":[767,755],"product_tag":[1158,1156,1509,1176,1159],"class_list":{"0":"post-14952","1":"product","2":"type-product","3":"status-publish","4":"has-post-thumbnail","6":"product_cat-listones-de-madera","7":"product_cat-construccion","8":"product_tag-liston","9":"product_tag-liston-de-madera","10":"product_tag-liston-de-madera-de-roble","11":"product_tag-liston-de-roble","12":"product_tag-rastrel","13":"pa_calidad-mix","14":"pa_calidad-rustico","15":"pa_calidad-premier","16":"pa_largo-1200mm","17":"pa_largo-1300mm","18":"pa_largo-1500mm","19":"pa_largo-1750mm","20":"pa_seccion-50x27-mm","21":"pa_seccion-50x30-mm","22":"pa_unidades-por-paquete-6-unidades","24":"first","25":"outofstock","26":"taxable","27":"shipping-taxable","28":"purchasable","29":"product-type-variable","30":"has-default-attributes"},"yoast_head":"<!-- This site is optimized with the Yoast SEO plugin v27.3 - https:\/\/yoast.com\/product\/yoast-seo-wordpress\/ -->\n<title>List\u00f3n de madera de roble macizo | Maderas Garcia Varona<\/title>\n<meta name=\"description\" content=\"List\u00f3n de madera de roble macizo. Rastrel de madera maciza de roble. Varias medidas disponibles. Los listones de madera tienen una gran variedad de usos.\" \/>\n<meta name=\"robots\" content=\"index, follow, max-snippet:-1, max-image-preview:large, max-video-preview:-1\" \/>\n<link rel=\"canonical\" href=\"https:\/\/www.garciavarona.com\/en\/producto\/liston-de-madera-de-roble-macizo\/\" \/>\n<meta property=\"og:locale\" content=\"en_US\" \/>\n<meta property=\"og:type\" content=\"article\" \/>\n<meta property=\"og:title\" content=\"List\u00f3n de madera de roble macizo | Maderas Garcia Varona\" \/>\n<meta property=\"og:description\" content=\"List\u00f3n de madera de roble macizo. Rastrel de madera maciza de roble. Varias medidas disponibles. Los listones de madera tienen una gran variedad de usos.\" \/>\n<meta property=\"og:url\" content=\"https:\/\/www.garciavarona.com\/en\/producto\/liston-de-madera-de-roble-macizo\/\" \/>\n<meta property=\"og:site_name\" content=\"Maderas Garcia Varona\" \/>\n<meta property=\"article:publisher\" content=\"https:\/\/www.facebook.com\/maderasgarciavaronagrupo\" \/>\n<meta property=\"article:modified_time\" content=\"2023-05-04T14:10:08+00:00\" \/>\n<meta property=\"og:image\" content=\"https:\/\/www.garciavarona.com\/wp-content\/uploads\/2021\/04\/1433-Liston-de-roble-macizo-50x30-mm-seco-con-tratamiento-CU3-Premier-paquete-6-unidades.jpg\" \/>\n\t<meta property=\"og:image:width\" content=\"525\" \/>\n\t<meta property=\"og:image:height\" content=\"525\" \/>\n\t<meta property=\"og:image:type\" content=\"image\/jpeg\" \/>\n<meta name=\"twitter:card\" content=\"summary_large_image\" \/>\n<meta name=\"twitter:site\" content=\"@maderasvaronars\" \/>\n<meta name=\"twitter:label1\" content=\"Est. reading time\" \/>\n\t<meta name=\"twitter:data1\" content=\"2 minutes\" \/>\n<script type=\"application\/ld+json\" class=\"yoast-schema-graph\">{\"@context\":\"https:\\\/\\\/schema.org\",\"@graph\":[{\"@type\":[\"WebPage\",\"ItemPage\"],\"@id\":\"https:\\\/\\\/www.garciavarona.com\\\/en\\\/producto\\\/liston-de-madera-de-roble-macizo\\\/\",\"url\":\"https:\\\/\\\/www.garciavarona.com\\\/en\\\/producto\\\/liston-de-madera-de-roble-macizo\\\/\",\"name\":\"List\u00f3n de madera de roble macizo | Maderas Garcia Varona\",\"isPartOf\":{\"@id\":\"https:\\\/\\\/www.garciavarona.com\\\/en\\\/#website\"},\"primaryImageOfPage\":{\"@id\":\"https:\\\/\\\/www.garciavarona.com\\\/en\\\/producto\\\/liston-de-madera-de-roble-macizo\\\/#primaryimage\"},\"image\":{\"@id\":\"https:\\\/\\\/www.garciavarona.com\\\/en\\\/producto\\\/liston-de-madera-de-roble-macizo\\\/#primaryimage\"},\"thumbnailUrl\":\"https:\\\/\\\/www.garciavarona.com\\\/wp-content\\\/uploads\\\/2021\\\/04\\\/1433-Liston-de-roble-macizo-50x30-mm-seco-con-tratamiento-CU3-Premier-paquete-6-unidades.jpg\",\"datePublished\":\"2022-09-05T17:54:11+00:00\",\"dateModified\":\"2023-05-04T14:10:08+00:00\",\"description\":\"List\u00f3n de madera de roble macizo. Rastrel de madera maciza de roble. Varias medidas disponibles. Los listones de madera tienen una gran variedad de usos.\",\"breadcrumb\":{\"@id\":\"https:\\\/\\\/www.garciavarona.com\\\/en\\\/producto\\\/liston-de-madera-de-roble-macizo\\\/#breadcrumb\"},\"inLanguage\":\"en-US\",\"potentialAction\":[{\"@type\":\"ReadAction\",\"target\":[\"https:\\\/\\\/www.garciavarona.com\\\/en\\\/producto\\\/liston-de-madera-de-roble-macizo\\\/\"]}]},{\"@type\":\"ImageObject\",\"inLanguage\":\"en-US\",\"@id\":\"https:\\\/\\\/www.garciavarona.com\\\/en\\\/producto\\\/liston-de-madera-de-roble-macizo\\\/#primaryimage\",\"url\":\"https:\\\/\\\/www.garciavarona.com\\\/wp-content\\\/uploads\\\/2021\\\/04\\\/1433-Liston-de-roble-macizo-50x30-mm-seco-con-tratamiento-CU3-Premier-paquete-6-unidades.jpg\",\"contentUrl\":\"https:\\\/\\\/www.garciavarona.com\\\/wp-content\\\/uploads\\\/2021\\\/04\\\/1433-Liston-de-roble-macizo-50x30-mm-seco-con-tratamiento-CU3-Premier-paquete-6-unidades.jpg\",\"width\":525,\"height\":525,\"caption\":\"List\u00f3n de roble macizo 50x30 mm seco con tratamiento CU3 Premier paquete 6 unidades\"},{\"@type\":\"BreadcrumbList\",\"@id\":\"https:\\\/\\\/www.garciavarona.com\\\/en\\\/producto\\\/liston-de-madera-de-roble-macizo\\\/#breadcrumb\",\"itemListElement\":[{\"@type\":\"ListItem\",\"position\":1,\"name\":\"Portada\",\"item\":\"https:\\\/\\\/www.garciavarona.com\\\/en\\\/\"},{\"@type\":\"ListItem\",\"position\":2,\"name\":\"Tienda Maderas Garc\u00eda Varona\",\"item\":\"https:\\\/\\\/www.garciavarona.com\\\/tienda\\\/\"},{\"@type\":\"ListItem\",\"position\":3,\"name\":\"List\u00f3n de madera de roble macizo\"}]},{\"@type\":\"WebSite\",\"@id\":\"https:\\\/\\\/www.garciavarona.com\\\/en\\\/#website\",\"url\":\"https:\\\/\\\/www.garciavarona.com\\\/en\\\/\",\"name\":\"Maderas Garcia Varona\",\"description\":\"Fabrica y Aserradero de Madera. Expertos en Madera\",\"publisher\":{\"@id\":\"https:\\\/\\\/www.garciavarona.com\\\/en\\\/#organization\"},\"potentialAction\":[{\"@type\":\"SearchAction\",\"target\":{\"@type\":\"EntryPoint\",\"urlTemplate\":\"https:\\\/\\\/www.garciavarona.com\\\/en\\\/?s={search_term_string}\"},\"query-input\":{\"@type\":\"PropertyValueSpecification\",\"valueRequired\":true,\"valueName\":\"search_term_string\"}}],\"inLanguage\":\"en-US\"},{\"@type\":\"Organization\",\"@id\":\"https:\\\/\\\/www.garciavarona.com\\\/en\\\/#organization\",\"name\":\"Maderas Garcia Varona\",\"url\":\"https:\\\/\\\/www.garciavarona.com\\\/en\\\/\",\"logo\":{\"@type\":\"ImageObject\",\"inLanguage\":\"en-US\",\"@id\":\"https:\\\/\\\/www.garciavarona.com\\\/en\\\/#\\\/schema\\\/logo\\\/image\\\/\",\"url\":\"https:\\\/\\\/www.garciavarona.com\\\/wp-content\\\/uploads\\\/2022\\\/06\\\/logoGarciaVarona.svg\",\"contentUrl\":\"https:\\\/\\\/www.garciavarona.com\\\/wp-content\\\/uploads\\\/2022\\\/06\\\/logoGarciaVarona.svg\",\"width\":1020,\"height\":200,\"caption\":\"Maderas Garcia Varona\"},\"image\":{\"@id\":\"https:\\\/\\\/www.garciavarona.com\\\/en\\\/#\\\/schema\\\/logo\\\/image\\\/\"},\"sameAs\":[\"https:\\\/\\\/www.facebook.com\\\/maderasgarciavaronagrupo\",\"https:\\\/\\\/x.com\\\/maderasvaronars\",\"https:\\\/\\\/www.instagram.com\\\/maderasgarciavarona\\\/\",\"https:\\\/\\\/www.linkedin.com\\\/company\\\/maderas-garcia-varona\\\/\",\"https:\\\/\\\/www.youtube.com\\\/channel\\\/UCGUEME06N_h66pB2coJC83w\\\/featured\"]}]}<\/script>\n<!-- \/ Yoast SEO plugin. -->","yoast_head_json":{"title":"List\u00f3n de madera de roble macizo | Maderas Garcia Varona","description":"List\u00f3n de madera de roble macizo. Rastrel de madera maciza de roble. Varias medidas disponibles. Los listones de madera tienen una gran variedad de usos.","robots":{"index":"index","follow":"follow","max-snippet":"max-snippet:-1","max-image-preview":"max-image-preview:large","max-video-preview":"max-video-preview:-1"},"canonical":"https:\/\/www.garciavarona.com\/en\/producto\/liston-de-madera-de-roble-macizo\/","og_locale":"en_US","og_type":"article","og_title":"List\u00f3n de madera de roble macizo | Maderas Garcia Varona","og_description":"List\u00f3n de madera de roble macizo. Rastrel de madera maciza de roble. Varias medidas disponibles. Los listones de madera tienen una gran variedad de usos.","og_url":"https:\/\/www.garciavarona.com\/en\/producto\/liston-de-madera-de-roble-macizo\/","og_site_name":"Maderas Garcia Varona","article_publisher":"https:\/\/www.facebook.com\/maderasgarciavaronagrupo","article_modified_time":"2023-05-04T14:10:08+00:00","og_image":[{"width":525,"height":525,"url":"https:\/\/www.garciavarona.com\/wp-content\/uploads\/2021\/04\/1433-Liston-de-roble-macizo-50x30-mm-seco-con-tratamiento-CU3-Premier-paquete-6-unidades.jpg","type":"image\/jpeg"}],"twitter_card":"summary_large_image","twitter_site":"@maderasvaronars","twitter_misc":{"Est. reading time":"2 minutes"},"schema":{"@context":"https:\/\/schema.org","@graph":[{"@type":["WebPage","ItemPage"],"@id":"https:\/\/www.garciavarona.com\/en\/producto\/liston-de-madera-de-roble-macizo\/","url":"https:\/\/www.garciavarona.com\/en\/producto\/liston-de-madera-de-roble-macizo\/","name":"List\u00f3n de madera de roble macizo | Maderas Garcia Varona","isPartOf":{"@id":"https:\/\/www.garciavarona.com\/en\/#website"},"primaryImageOfPage":{"@id":"https:\/\/www.garciavarona.com\/en\/producto\/liston-de-madera-de-roble-macizo\/#primaryimage"},"image":{"@id":"https:\/\/www.garciavarona.com\/en\/producto\/liston-de-madera-de-roble-macizo\/#primaryimage"},"thumbnailUrl":"https:\/\/www.garciavarona.com\/wp-content\/uploads\/2021\/04\/1433-Liston-de-roble-macizo-50x30-mm-seco-con-tratamiento-CU3-Premier-paquete-6-unidades.jpg","datePublished":"2022-09-05T17:54:11+00:00","dateModified":"2023-05-04T14:10:08+00:00","description":"List\u00f3n de madera de roble macizo. Rastrel de madera maciza de roble. Varias medidas disponibles. Los listones de madera tienen una gran variedad de usos.","breadcrumb":{"@id":"https:\/\/www.garciavarona.com\/en\/producto\/liston-de-madera-de-roble-macizo\/#breadcrumb"},"inLanguage":"en-US","potentialAction":[{"@type":"ReadAction","target":["https:\/\/www.garciavarona.com\/en\/producto\/liston-de-madera-de-roble-macizo\/"]}]},{"@type":"ImageObject","inLanguage":"en-US","@id":"https:\/\/www.garciavarona.com\/en\/producto\/liston-de-madera-de-roble-macizo\/#primaryimage","url":"https:\/\/www.garciavarona.com\/wp-content\/uploads\/2021\/04\/1433-Liston-de-roble-macizo-50x30-mm-seco-con-tratamiento-CU3-Premier-paquete-6-unidades.jpg","contentUrl":"https:\/\/www.garciavarona.com\/wp-content\/uploads\/2021\/04\/1433-Liston-de-roble-macizo-50x30-mm-seco-con-tratamiento-CU3-Premier-paquete-6-unidades.jpg","width":525,"height":525,"caption":"List\u00f3n de roble macizo 50x30 mm seco con tratamiento CU3 Premier paquete 6 unidades"},{"@type":"BreadcrumbList","@id":"https:\/\/www.garciavarona.com\/en\/producto\/liston-de-madera-de-roble-macizo\/#breadcrumb","itemListElement":[{"@type":"ListItem","position":1,"name":"Portada","item":"https:\/\/www.garciavarona.com\/en\/"},{"@type":"ListItem","position":2,"name":"Tienda Maderas Garc\u00eda Varona","item":"https:\/\/www.garciavarona.com\/tienda\/"},{"@type":"ListItem","position":3,"name":"List\u00f3n de madera de roble macizo"}]},{"@type":"WebSite","@id":"https:\/\/www.garciavarona.com\/en\/#website","url":"https:\/\/www.garciavarona.com\/en\/","name":"Maderas Garcia Varona","description":"Fabrica y Aserradero de Madera. Expertos en Madera","publisher":{"@id":"https:\/\/www.garciavarona.com\/en\/#organization"},"potentialAction":[{"@type":"SearchAction","target":{"@type":"EntryPoint","urlTemplate":"https:\/\/www.garciavarona.com\/en\/?s={search_term_string}"},"query-input":{"@type":"PropertyValueSpecification","valueRequired":true,"valueName":"search_term_string"}}],"inLanguage":"en-US"},{"@type":"Organization","@id":"https:\/\/www.garciavarona.com\/en\/#organization","name":"Maderas Garcia Varona","url":"https:\/\/www.garciavarona.com\/en\/","logo":{"@type":"ImageObject","inLanguage":"en-US","@id":"https:\/\/www.garciavarona.com\/en\/#\/schema\/logo\/image\/","url":"https:\/\/www.garciavarona.com\/wp-content\/uploads\/2022\/06\/logoGarciaVarona.svg","contentUrl":"https:\/\/www.garciavarona.com\/wp-content\/uploads\/2022\/06\/logoGarciaVarona.svg","width":1020,"height":200,"caption":"Maderas Garcia Varona"},"image":{"@id":"https:\/\/www.garciavarona.com\/en\/#\/schema\/logo\/image\/"},"sameAs":["https:\/\/www.facebook.com\/maderasgarciavaronagrupo","https:\/\/x.com\/maderasvaronars","https:\/\/www.instagram.com\/maderasgarciavarona\/","https:\/\/www.linkedin.com\/company\/maderas-garcia-varona\/","https:\/\/www.youtube.com\/channel\/UCGUEME06N_h66pB2coJC83w\/featured"]}]}},"_links":{"self":[{"href":"https:\/\/www.garciavarona.com\/en\/wp-json\/wp\/v2\/product\/14952","targetHints":{"allow":["GET"]}}],"collection":[{"href":"https:\/\/www.garciavarona.com\/en\/wp-json\/wp\/v2\/product"}],"about":[{"href":"https:\/\/www.garciavarona.com\/en\/wp-json\/wp\/v2\/types\/product"}],"version-history":[{"count":4,"href":"https:\/\/www.garciavarona.com\/en\/wp-json\/wp\/v2\/product\/14952\/revisions"}],"predecessor-version":[{"id":14962,"href":"https:\/\/www.garciavarona.com\/en\/wp-json\/wp\/v2\/product\/14952\/revisions\/14962"}],"wp:featuredmedia":[{"embeddable":true,"href":"https:\/\/www.garciavarona.com\/en\/wp-json\/wp\/v2\/media\/12726"}],"wp:attachment":[{"href":"https:\/\/www.garciavarona.com\/en\/wp-json\/wp\/v2\/media?parent=14952"}],"wp:term":[{"taxonomy":"product_brand","embeddable":true,"href":"https:\/\/www.garciavarona.com\/en\/wp-json\/wp\/v2\/product_brand?post=14952"},{"taxonomy":"product_cat","embeddable":true,"href":"https:\/\/www.garciavarona.com\/en\/wp-json\/wp\/v2\/product_cat?post=14952"},{"taxonomy":"product_tag","embeddable":true,"href":"https:\/\/www.garciavarona.com\/en\/wp-json\/wp\/v2\/product_tag?post=14952"}],"curies":[{"name":"wp","href":"https:\/\/api.w.org\/{rel}","templated":true}]}}