{"id":14963,"date":"2022-09-09T11:42:57","date_gmt":"2022-09-09T11:42:57","guid":{"rendered":"https:\/\/www.garciavarona.com\/tienda\/?post_type=product&#038;p=14963"},"modified":"2025-09-18T11:16:34","modified_gmt":"2025-09-18T09:16:34","slug":"liston-de-madera-de-pino-macizo","status":"publish","type":"product","link":"https:\/\/www.garciavarona.com\/en\/producto\/liston-de-madera-de-pino-macizo\/","title":{"rendered":"List\u00f3n de madera de pino macizo"},"content":{"rendered":"<h1>List\u00f3n de madera de pino macizo<\/h1>\n<p>Paquete de <strong>rastrel de pino macizo seco<\/strong>. List\u00f3n de madera de pino macizo. Largos varios. Precio por paquete. Consulta precio con descuento por palet completo.<\/p>\n<h3>Usos de los listones de madera<\/h3>\n<p>Los<strong> listones de madera<\/strong> tienen una gran variedad de usos tanto en la construcci\u00f3n, creaci\u00f3n de estructuras, bricolaje, como en la decoraci\u00f3n.<\/p>\n<p>Los listones o rastreles se utilizan tanto para construir paredes o estructuras (suelen tener un grosor mayor), como para rastrelados de suelos. Pueden unir y servir de soporte a diferentes estructuras. Crear una mayor sujeci\u00f3n y resistencia para estas estructuras, hacer tabiques. Adem\u00e1s, al mismo tiempo que unen, dan soporte, por ejemplo para colocar encimeras o baldas.<\/p>\n<p>El rastrelado de suelos se lleva a cabo para colocar\u00a0<a href=\"https:\/\/www.garciavarona.com\/es\/15-tarimas\" target=\"_blank\" rel=\"noopener\">tarima de madera<\/a> clavada. Tambi\u00e9n paredes, techos o cubiertas. Sirve como estructura para la colocaci\u00f3n de friso de madera como revestimiento de las paredes.<\/p>\n<p>Es extendido su uso en trabajos de carpinter\u00eda, como marcos de puertas o ventanas. Para la fabricaci\u00f3n de muebles, como estanter\u00edas, mesas y sillas de madera. Dependiendo del tipo de muebles y de si son para interior o exterior estar\u00e1n tratados de una manera u otra. Los listones de madera pueden usarse para cualquier tipo de decoraci\u00f3n en el hogar. Consigue listones de madera baratos, al mejor precio.<\/p>\n<h3>Precauciones en el uso e instalaci\u00f3n de listones de madera<\/h3>\n<p>* No soltar los <a href=\"https:\/\/es.wikipedia.org\/wiki\/Fleje\" target=\"_blank\" rel=\"noopener\">flejes<\/a> (sujeci\u00f3n) del paquete de listones hasta el momento de la instalaci\u00f3n. De esta forma evitamos posibles deformaciones. En caso de que, una vez acabada la instalaci\u00f3n, haya sobrantes, se deben de volver a sujetar los listones con flejes o similar para evitar que se deformen.<\/p>\n","protected":false},"excerpt":{"rendered":"<p>List\u00f3n de madera de pino macizo Paquete de rastrel de pino macizo seco. List\u00f3n de madera de pino macizo. Largos<\/p>\n","protected":false},"featured_media":12764,"template":"","meta":[],"product_brand":[],"product_cat":[2075,767,755],"product_tag":[1158,1156,1161,1159,1157,1160],"class_list":{"0":"post-14963","1":"product","2":"type-product","3":"status-publish","4":"has-post-thumbnail","6":"product_cat-producto-recogida-en-tienda","7":"product_cat-listones-de-madera","8":"product_cat-construccion","9":"product_tag-liston","10":"product_tag-liston-de-madera","11":"product_tag-liston-de-pino","12":"product_tag-rastrel","13":"product_tag-rastrel-de-madera","14":"product_tag-rastrel-de-pino","15":"pa_largo-2500mm","16":"pa_largo-3000mm","17":"pa_largo-4-000-mm","18":"pa_seccion-25x20-mm","19":"pa_seccion-30x20-mm","20":"pa_seccion-40x20-mm","21":"pa_seccion-40x30-mm","22":"pa_seccion-50x30-mm","23":"pa_seccion-50x40-mm","24":"pa_unidades-por-paquete-6-unidades","25":"pa_unidades-por-paquete-8unidades","26":"pa_unidades-por-paquete-9-unidades","27":"pa_unidades-por-paquete-10unidades","28":"pa_unidades-por-paquete-12-unidades","29":"pa_unidades-por-paquete-15-unidades","30":"pa_unidades-por-paquete-18-unidades","31":"pa_unidades-por-paquete-20-unidades","32":"pa_unidades-por-paquete-24-unidades","34":"first","35":"instock","36":"taxable","37":"shipping-taxable","38":"purchasable","39":"product-type-variable","40":"has-default-attributes"},"yoast_head":"<!-- This site is optimized with the Yoast SEO plugin v27.3 - https:\/\/yoast.com\/product\/yoast-seo-wordpress\/ -->\n<title>List\u00f3n de madera de pino macizo | Maderas Garcia Varona<\/title>\n<meta name=\"description\" content=\"Paquete de rastrel de pino macizo seco. List\u00f3n de madera de pino macizo. Largos varios. Precio por paquete. Consulta precio con descuento por palet.\" \/>\n<meta name=\"robots\" content=\"index, follow, max-snippet:-1, max-image-preview:large, max-video-preview:-1\" \/>\n<link rel=\"canonical\" href=\"https:\/\/www.garciavarona.com\/en\/producto\/liston-de-madera-de-pino-macizo\/\" \/>\n<meta property=\"og:locale\" content=\"en_US\" \/>\n<meta property=\"og:type\" content=\"article\" \/>\n<meta property=\"og:title\" content=\"List\u00f3n de madera de pino macizo | Maderas Garcia Varona\" \/>\n<meta property=\"og:description\" content=\"Paquete de rastrel de pino macizo seco. List\u00f3n de madera de pino macizo. Largos varios. Precio por paquete. Consulta precio con descuento por palet.\" \/>\n<meta property=\"og:url\" content=\"https:\/\/www.garciavarona.com\/en\/producto\/liston-de-madera-de-pino-macizo\/\" \/>\n<meta property=\"og:site_name\" content=\"Maderas Garcia Varona\" \/>\n<meta property=\"article:publisher\" content=\"https:\/\/www.facebook.com\/maderasgarciavaronagrupo\" \/>\n<meta property=\"article:modified_time\" content=\"2025-09-18T09:16:34+00:00\" \/>\n<meta property=\"og:image\" content=\"https:\/\/www.garciavarona.com\/wp-content\/uploads\/2021\/04\/1367-Liston-de-pino-75x28-mm-con-tratamiento-CU2-paquete-5-unidades.jpg\" \/>\n\t<meta property=\"og:image:width\" content=\"500\" \/>\n\t<meta property=\"og:image:height\" content=\"500\" \/>\n\t<meta property=\"og:image:type\" content=\"image\/jpeg\" \/>\n<meta name=\"twitter:card\" content=\"summary_large_image\" \/>\n<meta name=\"twitter:site\" content=\"@maderasvaronars\" \/>\n<meta name=\"twitter:label1\" content=\"Est. reading time\" \/>\n\t<meta name=\"twitter:data1\" content=\"2 minutes\" \/>\n<script type=\"application\/ld+json\" class=\"yoast-schema-graph\">{\"@context\":\"https:\\\/\\\/schema.org\",\"@graph\":[{\"@type\":[\"WebPage\",\"ItemPage\"],\"@id\":\"https:\\\/\\\/www.garciavarona.com\\\/en\\\/producto\\\/liston-de-madera-de-pino-macizo\\\/\",\"url\":\"https:\\\/\\\/www.garciavarona.com\\\/en\\\/producto\\\/liston-de-madera-de-pino-macizo\\\/\",\"name\":\"List\u00f3n de madera de pino macizo | Maderas Garcia Varona\",\"isPartOf\":{\"@id\":\"https:\\\/\\\/www.garciavarona.com\\\/en\\\/#website\"},\"primaryImageOfPage\":{\"@id\":\"https:\\\/\\\/www.garciavarona.com\\\/en\\\/producto\\\/liston-de-madera-de-pino-macizo\\\/#primaryimage\"},\"image\":{\"@id\":\"https:\\\/\\\/www.garciavarona.com\\\/en\\\/producto\\\/liston-de-madera-de-pino-macizo\\\/#primaryimage\"},\"thumbnailUrl\":\"https:\\\/\\\/www.garciavarona.com\\\/wp-content\\\/uploads\\\/2021\\\/04\\\/1367-Liston-de-pino-75x28-mm-con-tratamiento-CU2-paquete-5-unidades.jpg\",\"datePublished\":\"2022-09-09T11:42:57+00:00\",\"dateModified\":\"2025-09-18T09:16:34+00:00\",\"description\":\"Paquete de rastrel de pino macizo seco. List\u00f3n de madera de pino macizo. Largos varios. Precio por paquete. Consulta precio con descuento por palet.\",\"breadcrumb\":{\"@id\":\"https:\\\/\\\/www.garciavarona.com\\\/en\\\/producto\\\/liston-de-madera-de-pino-macizo\\\/#breadcrumb\"},\"inLanguage\":\"en-US\",\"potentialAction\":[{\"@type\":\"ReadAction\",\"target\":[\"https:\\\/\\\/www.garciavarona.com\\\/en\\\/producto\\\/liston-de-madera-de-pino-macizo\\\/\"]}]},{\"@type\":\"ImageObject\",\"inLanguage\":\"en-US\",\"@id\":\"https:\\\/\\\/www.garciavarona.com\\\/en\\\/producto\\\/liston-de-madera-de-pino-macizo\\\/#primaryimage\",\"url\":\"https:\\\/\\\/www.garciavarona.com\\\/wp-content\\\/uploads\\\/2021\\\/04\\\/1367-Liston-de-pino-75x28-mm-con-tratamiento-CU2-paquete-5-unidades.jpg\",\"contentUrl\":\"https:\\\/\\\/www.garciavarona.com\\\/wp-content\\\/uploads\\\/2021\\\/04\\\/1367-Liston-de-pino-75x28-mm-con-tratamiento-CU2-paquete-5-unidades.jpg\",\"width\":500,\"height\":500,\"caption\":\"List\u00f3n de madera de pino con tratamiento CU2\"},{\"@type\":\"BreadcrumbList\",\"@id\":\"https:\\\/\\\/www.garciavarona.com\\\/en\\\/producto\\\/liston-de-madera-de-pino-macizo\\\/#breadcrumb\",\"itemListElement\":[{\"@type\":\"ListItem\",\"position\":1,\"name\":\"Portada\",\"item\":\"https:\\\/\\\/www.garciavarona.com\\\/en\\\/\"},{\"@type\":\"ListItem\",\"position\":2,\"name\":\"Tienda Maderas Garc\u00eda Varona\",\"item\":\"https:\\\/\\\/www.garciavarona.com\\\/tienda\\\/\"},{\"@type\":\"ListItem\",\"position\":3,\"name\":\"List\u00f3n de madera de pino macizo\"}]},{\"@type\":\"WebSite\",\"@id\":\"https:\\\/\\\/www.garciavarona.com\\\/en\\\/#website\",\"url\":\"https:\\\/\\\/www.garciavarona.com\\\/en\\\/\",\"name\":\"Maderas Garcia Varona\",\"description\":\"Fabrica y Aserradero de Madera. Expertos en Madera\",\"publisher\":{\"@id\":\"https:\\\/\\\/www.garciavarona.com\\\/en\\\/#organization\"},\"potentialAction\":[{\"@type\":\"SearchAction\",\"target\":{\"@type\":\"EntryPoint\",\"urlTemplate\":\"https:\\\/\\\/www.garciavarona.com\\\/en\\\/?s={search_term_string}\"},\"query-input\":{\"@type\":\"PropertyValueSpecification\",\"valueRequired\":true,\"valueName\":\"search_term_string\"}}],\"inLanguage\":\"en-US\"},{\"@type\":\"Organization\",\"@id\":\"https:\\\/\\\/www.garciavarona.com\\\/en\\\/#organization\",\"name\":\"Maderas Garcia Varona\",\"url\":\"https:\\\/\\\/www.garciavarona.com\\\/en\\\/\",\"logo\":{\"@type\":\"ImageObject\",\"inLanguage\":\"en-US\",\"@id\":\"https:\\\/\\\/www.garciavarona.com\\\/en\\\/#\\\/schema\\\/logo\\\/image\\\/\",\"url\":\"https:\\\/\\\/www.garciavarona.com\\\/wp-content\\\/uploads\\\/2022\\\/06\\\/logoGarciaVarona.svg\",\"contentUrl\":\"https:\\\/\\\/www.garciavarona.com\\\/wp-content\\\/uploads\\\/2022\\\/06\\\/logoGarciaVarona.svg\",\"width\":1020,\"height\":200,\"caption\":\"Maderas Garcia Varona\"},\"image\":{\"@id\":\"https:\\\/\\\/www.garciavarona.com\\\/en\\\/#\\\/schema\\\/logo\\\/image\\\/\"},\"sameAs\":[\"https:\\\/\\\/www.facebook.com\\\/maderasgarciavaronagrupo\",\"https:\\\/\\\/x.com\\\/maderasvaronars\",\"https:\\\/\\\/www.instagram.com\\\/maderasgarciavarona\\\/\",\"https:\\\/\\\/www.linkedin.com\\\/company\\\/maderas-garcia-varona\\\/\",\"https:\\\/\\\/www.youtube.com\\\/channel\\\/UCGUEME06N_h66pB2coJC83w\\\/featured\"]}]}<\/script>\n<!-- \/ Yoast SEO plugin. -->","yoast_head_json":{"title":"List\u00f3n de madera de pino macizo | Maderas Garcia Varona","description":"Paquete de rastrel de pino macizo seco. List\u00f3n de madera de pino macizo. Largos varios. Precio por paquete. Consulta precio con descuento por palet.","robots":{"index":"index","follow":"follow","max-snippet":"max-snippet:-1","max-image-preview":"max-image-preview:large","max-video-preview":"max-video-preview:-1"},"canonical":"https:\/\/www.garciavarona.com\/en\/producto\/liston-de-madera-de-pino-macizo\/","og_locale":"en_US","og_type":"article","og_title":"List\u00f3n de madera de pino macizo | Maderas Garcia Varona","og_description":"Paquete de rastrel de pino macizo seco. List\u00f3n de madera de pino macizo. Largos varios. Precio por paquete. Consulta precio con descuento por palet.","og_url":"https:\/\/www.garciavarona.com\/en\/producto\/liston-de-madera-de-pino-macizo\/","og_site_name":"Maderas Garcia Varona","article_publisher":"https:\/\/www.facebook.com\/maderasgarciavaronagrupo","article_modified_time":"2025-09-18T09:16:34+00:00","og_image":[{"width":500,"height":500,"url":"https:\/\/www.garciavarona.com\/wp-content\/uploads\/2021\/04\/1367-Liston-de-pino-75x28-mm-con-tratamiento-CU2-paquete-5-unidades.jpg","type":"image\/jpeg"}],"twitter_card":"summary_large_image","twitter_site":"@maderasvaronars","twitter_misc":{"Est. reading time":"2 minutes"},"schema":{"@context":"https:\/\/schema.org","@graph":[{"@type":["WebPage","ItemPage"],"@id":"https:\/\/www.garciavarona.com\/en\/producto\/liston-de-madera-de-pino-macizo\/","url":"https:\/\/www.garciavarona.com\/en\/producto\/liston-de-madera-de-pino-macizo\/","name":"List\u00f3n de madera de pino macizo | Maderas Garcia Varona","isPartOf":{"@id":"https:\/\/www.garciavarona.com\/en\/#website"},"primaryImageOfPage":{"@id":"https:\/\/www.garciavarona.com\/en\/producto\/liston-de-madera-de-pino-macizo\/#primaryimage"},"image":{"@id":"https:\/\/www.garciavarona.com\/en\/producto\/liston-de-madera-de-pino-macizo\/#primaryimage"},"thumbnailUrl":"https:\/\/www.garciavarona.com\/wp-content\/uploads\/2021\/04\/1367-Liston-de-pino-75x28-mm-con-tratamiento-CU2-paquete-5-unidades.jpg","datePublished":"2022-09-09T11:42:57+00:00","dateModified":"2025-09-18T09:16:34+00:00","description":"Paquete de rastrel de pino macizo seco. List\u00f3n de madera de pino macizo. Largos varios. Precio por paquete. Consulta precio con descuento por palet.","breadcrumb":{"@id":"https:\/\/www.garciavarona.com\/en\/producto\/liston-de-madera-de-pino-macizo\/#breadcrumb"},"inLanguage":"en-US","potentialAction":[{"@type":"ReadAction","target":["https:\/\/www.garciavarona.com\/en\/producto\/liston-de-madera-de-pino-macizo\/"]}]},{"@type":"ImageObject","inLanguage":"en-US","@id":"https:\/\/www.garciavarona.com\/en\/producto\/liston-de-madera-de-pino-macizo\/#primaryimage","url":"https:\/\/www.garciavarona.com\/wp-content\/uploads\/2021\/04\/1367-Liston-de-pino-75x28-mm-con-tratamiento-CU2-paquete-5-unidades.jpg","contentUrl":"https:\/\/www.garciavarona.com\/wp-content\/uploads\/2021\/04\/1367-Liston-de-pino-75x28-mm-con-tratamiento-CU2-paquete-5-unidades.jpg","width":500,"height":500,"caption":"List\u00f3n de madera de pino con tratamiento CU2"},{"@type":"BreadcrumbList","@id":"https:\/\/www.garciavarona.com\/en\/producto\/liston-de-madera-de-pino-macizo\/#breadcrumb","itemListElement":[{"@type":"ListItem","position":1,"name":"Portada","item":"https:\/\/www.garciavarona.com\/en\/"},{"@type":"ListItem","position":2,"name":"Tienda Maderas Garc\u00eda Varona","item":"https:\/\/www.garciavarona.com\/tienda\/"},{"@type":"ListItem","position":3,"name":"List\u00f3n de madera de pino macizo"}]},{"@type":"WebSite","@id":"https:\/\/www.garciavarona.com\/en\/#website","url":"https:\/\/www.garciavarona.com\/en\/","name":"Maderas Garcia Varona","description":"Fabrica y Aserradero de Madera. Expertos en Madera","publisher":{"@id":"https:\/\/www.garciavarona.com\/en\/#organization"},"potentialAction":[{"@type":"SearchAction","target":{"@type":"EntryPoint","urlTemplate":"https:\/\/www.garciavarona.com\/en\/?s={search_term_string}"},"query-input":{"@type":"PropertyValueSpecification","valueRequired":true,"valueName":"search_term_string"}}],"inLanguage":"en-US"},{"@type":"Organization","@id":"https:\/\/www.garciavarona.com\/en\/#organization","name":"Maderas Garcia Varona","url":"https:\/\/www.garciavarona.com\/en\/","logo":{"@type":"ImageObject","inLanguage":"en-US","@id":"https:\/\/www.garciavarona.com\/en\/#\/schema\/logo\/image\/","url":"https:\/\/www.garciavarona.com\/wp-content\/uploads\/2022\/06\/logoGarciaVarona.svg","contentUrl":"https:\/\/www.garciavarona.com\/wp-content\/uploads\/2022\/06\/logoGarciaVarona.svg","width":1020,"height":200,"caption":"Maderas Garcia Varona"},"image":{"@id":"https:\/\/www.garciavarona.com\/en\/#\/schema\/logo\/image\/"},"sameAs":["https:\/\/www.facebook.com\/maderasgarciavaronagrupo","https:\/\/x.com\/maderasvaronars","https:\/\/www.instagram.com\/maderasgarciavarona\/","https:\/\/www.linkedin.com\/company\/maderas-garcia-varona\/","https:\/\/www.youtube.com\/channel\/UCGUEME06N_h66pB2coJC83w\/featured"]}]}},"_links":{"self":[{"href":"https:\/\/www.garciavarona.com\/en\/wp-json\/wp\/v2\/product\/14963","targetHints":{"allow":["GET"]}}],"collection":[{"href":"https:\/\/www.garciavarona.com\/en\/wp-json\/wp\/v2\/product"}],"about":[{"href":"https:\/\/www.garciavarona.com\/en\/wp-json\/wp\/v2\/types\/product"}],"version-history":[{"count":4,"href":"https:\/\/www.garciavarona.com\/en\/wp-json\/wp\/v2\/product\/14963\/revisions"}],"predecessor-version":[{"id":15310,"href":"https:\/\/www.garciavarona.com\/en\/wp-json\/wp\/v2\/product\/14963\/revisions\/15310"}],"wp:featuredmedia":[{"embeddable":true,"href":"https:\/\/www.garciavarona.com\/en\/wp-json\/wp\/v2\/media\/12764"}],"wp:attachment":[{"href":"https:\/\/www.garciavarona.com\/en\/wp-json\/wp\/v2\/media?parent=14963"}],"wp:term":[{"taxonomy":"product_brand","embeddable":true,"href":"https:\/\/www.garciavarona.com\/en\/wp-json\/wp\/v2\/product_brand?post=14963"},{"taxonomy":"product_cat","embeddable":true,"href":"https:\/\/www.garciavarona.com\/en\/wp-json\/wp\/v2\/product_cat?post=14963"},{"taxonomy":"product_tag","embeddable":true,"href":"https:\/\/www.garciavarona.com\/en\/wp-json\/wp\/v2\/product_tag?post=14963"}],"curies":[{"name":"wp","href":"https:\/\/api.w.org\/{rel}","templated":true}]}}