{"id":15151,"date":"2022-09-14T14:13:44","date_gmt":"2022-09-14T14:13:44","guid":{"rendered":"https:\/\/www.garciavarona.com\/tienda\/?post_type=product&#038;p=15151"},"modified":"2026-03-20T14:32:06","modified_gmt":"2026-03-20T13:32:06","slug":"traviesa-de-madera-de-roble-ecologica","status":"publish","type":"product","link":"https:\/\/www.garciavarona.com\/en\/producto\/traviesa-de-madera-de-roble-ecologica\/","title":{"rendered":"Traviesa de madera de roble macizo ecol\u00f3gica"},"content":{"rendered":"\t\t<div data-elementor-type=\"wp-post\" data-elementor-id=\"15151\" class=\"elementor elementor-15151\">\n\t\t\t\t\t\t<section class=\"elementor-section elementor-top-section elementor-element elementor-element-2663d8b5 elementor-section-boxed elementor-section-height-default elementor-section-height-default wd-section-disabled\" data-id=\"2663d8b5\" data-element_type=\"section\">\n\t\t\t\t\t\t<div class=\"elementor-container elementor-column-gap-default\">\n\t\t\t\t\t<div class=\"elementor-column elementor-col-100 elementor-top-column elementor-element elementor-element-4bee18ff\" data-id=\"4bee18ff\" data-element_type=\"column\">\n\t\t\t<div class=\"elementor-widget-wrap elementor-element-populated\">\n\t\t\t\t\t\t<section class=\"elementor-section elementor-inner-section elementor-element elementor-element-cdb92e4 elementor-section-boxed elementor-section-height-default elementor-section-height-default wd-section-disabled\" data-id=\"cdb92e4\" data-element_type=\"section\">\n\t\t\t\t\t\t<div class=\"elementor-container elementor-column-gap-default\">\n\t\t\t\t\t<div class=\"elementor-column elementor-col-50 elementor-inner-column elementor-element elementor-element-831cb96\" data-id=\"831cb96\" data-element_type=\"column\">\n\t\t\t<div class=\"elementor-widget-wrap elementor-element-populated\">\n\t\t\t\t\t\t<div class=\"elementor-element elementor-element-1feb6bc2 color-scheme-inherit text-left elementor-widget elementor-widget-text-editor\" data-id=\"1feb6bc2\" data-element_type=\"widget\" data-widget_type=\"text-editor.default\">\n\t\t\t\t<div class=\"elementor-widget-container\">\n\t\t\t\t\t\t\t\t\t<h1>Traviesa de madera de roble ecol\u00f3gica<\/h1>\n<p>Ideal para la decoraci\u00f3n de exteriores, esta traviesa de roble de 20&#215;10 est\u00e1 fabricada con madera maciza de roble europeo 100% natural, sin tratamientos qu\u00edmicos (gracias a la alta durabilidad natural de este tipo de madera). <strong>Traviesas paisaj\u00edsticas<\/strong>, uso exclusivamente decorativo. Puede tener gema.<\/p>\n<p><strong>Traviesa nueva de madera maciza de roble<\/strong>; no es una traviesa de tren recuperada impregnada de creosota. Madera natural sin tratamientos qu\u00edmicos.<\/p>\n<p>No se trata de traviesa de ferrocarril, por lo que no se le puede dar ese uso. Simula una traviesa de tren de madera maciza, pero no tiene las especificaciones t\u00e9cnicas que requiere una traviesa de ferrocarril. El uso de nuestras traviesas de roble es decorativo.<\/p>\n<p><strong>Traviesa de roble calidad EST\u00c1NDAR<\/strong>. Gema inferior al 40% del ancho de las dos caras, 60% 3 cantos vivos, 25% de las unidades con 4 cantos vivos.<\/p>\n<p><strong>Traviesa de roble calidad R\u00daSTICA<\/strong>. Gema inferior al 60% del ancho de las dos caras, 40% 3 cantos vivos, 15% de las unidades con 4 cantos vivos.<\/p>\n<p><strong>Traviesa de roble calidad PREMIER<\/strong>. Gema inferior al 20% del ancho, 90% 3 cantos vivos, 50% de las unidades con 4 cantos vivos.<\/p>\n<p>Disponible ficha t\u00e9cnica descargable.<\/p>\n<p><strong>Descuentos por compra de paquetes y palets completos<\/strong>. <a href=\"https:\/\/www.garciavarona.com\/contactar\/\">Consultar precio especial a partir de 4 palets.<\/a><\/p>\t\t\t\t\t\t\t\t<\/div>\n\t\t\t\t<\/div>\n\t\t\t\t\t<\/div>\n\t\t<\/div>\n\t\t\t\t<div class=\"elementor-column elementor-col-50 elementor-inner-column elementor-element elementor-element-5008825\" data-id=\"5008825\" data-element_type=\"column\">\n\t\t\t<div class=\"elementor-widget-wrap elementor-element-populated\">\n\t\t\t\t\t\t<div class=\"elementor-element elementor-element-9f496df color-scheme-inherit text-left elementor-widget elementor-widget-text-editor\" data-id=\"9f496df\" data-element_type=\"widget\" data-widget_type=\"text-editor.default\">\n\t\t\t\t<div class=\"elementor-widget-container\">\n\t\t\t\t\t\t\t\t\t<h2>\u00bfPor qu\u00e9 son la mejor opci\u00f3n las <strong>traviesas ecol\u00f3gicas de roble<\/strong> para decorar tu jard\u00edn?<\/h2><ul><li>El roble tiene una alta durabilidad natural, por lo que con una traviesa de roble sin tratamientos qu\u00edmicos consigues una decoraci\u00f3n ecol\u00f3gica de gran durabilidad.<\/li><li>Las traviesas de ferrocarril recuperadas est\u00e1n impregnadas con creosota, un producto totalmente prohibido actualmente y que es perjudicial para la salud.<\/li><li>Un producto ecol\u00f3gico es un producto natural que no tiene tratamientos qu\u00edmicos.<\/li><li>Con una <strong>traviesa de roble<\/strong> tendr\u00e1s una madera de gran durabilidad y totalmente ecol\u00f3gica. Eso si, madera siempre certificada de bosques auto sostenidos.<\/li><\/ul>\t\t\t\t\t\t\t\t<\/div>\n\t\t\t\t<\/div>\n\t\t\t\t<div class=\"elementor-element elementor-element-d93ac3f elementor-align-center elementor-widget elementor-widget-button\" data-id=\"d93ac3f\" data-element_type=\"widget\" data-widget_type=\"button.default\">\n\t\t\t\t<div class=\"elementor-widget-container\">\n\t\t\t\t\t\t\t\t\t<div class=\"elementor-button-wrapper\">\n\t\t\t\t\t<a class=\"elementor-button elementor-button-link elementor-size-sm\" href=\"https:\/\/www.garciavarona.com\/wp-content\/uploads\/2022\/11\/Clasificacion-traviesas-roble-Maderas-Garcia-Varona.pdf\" target=\"_blank\">\n\t\t\t\t\t\t<span class=\"elementor-button-content-wrapper\">\n\t\t\t\t\t\t<span class=\"elementor-button-icon\">\n\t\t\t\t<i aria-hidden=\"true\" class=\"far fa-file-pdf\"><\/i>\t\t\t<\/span>\n\t\t\t\t\t\t\t\t\t<span class=\"elementor-button-text\">Ficha t\u00e9cnica clasificaci\u00f3n traviesas de roble<\/span>\n\t\t\t\t\t<\/span>\n\t\t\t\t\t<\/a>\n\t\t\t\t<\/div>\n\t\t\t\t\t\t\t\t<\/div>\n\t\t\t\t<\/div>\n\t\t\t\t\t<\/div>\n\t\t<\/div>\n\t\t\t\t\t<\/div>\n\t\t<\/section>\n\t\t\t\t\t<\/div>\n\t\t<\/div>\n\t\t\t\t\t<\/div>\n\t\t<\/section>\n\t\t\t\t<\/div>\n\t\t","protected":false},"excerpt":{"rendered":"<p>Traviesa de madera de roble. Precio por unidad, paquete o palet completo.<\/p>\n","protected":false},"featured_media":11894,"template":"","meta":[],"product_brand":[],"product_cat":[754,780],"product_tag":[1563,1564,1114,1561,1560,1559,1121,1558,1557,1063,1356,1061,1357,1562],"class_list":{"0":"post-15151","1":"product","2":"type-product","3":"status-publish","4":"has-post-thumbnail","6":"product_cat-madera-para-jardines","7":"product_cat-traviesas","8":"product_tag-durmiente","9":"product_tag-durmiente-de-madera","10":"product_tag-madera-de-roble","11":"product_tag-madera-para-exteriores","12":"product_tag-madera-para-jardin","13":"product_tag-peldano-de-madera","14":"product_tag-roble","15":"product_tag-travesano-de-madera","16":"product_tag-traviesa","17":"product_tag-traviesa-de-madera","18":"product_tag-traviesa-de-roble","19":"product_tag-traviesa-de-tren","20":"product_tag-traviesa-ecologica","21":"product_tag-traviesa-ferroviaria","22":"pa_calidad-estandar","23":"pa_calidad-rustica","24":"pa_calidad-premier","25":"pa_cantidad-unidad","26":"pa_cantidad-paquete-5-unidades","27":"pa_cantidad-palet-45-unidades","28":"pa_cantidad-palet-25-unidades","29":"pa_largo-2000mm","30":"pa_largo-2400-mm","31":"pa_seccion-200x100-mm","33":"first","34":"instock","35":"taxable","36":"shipping-taxable","37":"purchasable","38":"product-type-variable","39":"has-default-attributes"},"yoast_head":"<!-- This site is optimized with the Yoast SEO plugin v27.3 - https:\/\/yoast.com\/product\/yoast-seo-wordpress\/ -->\n<title>Traviesa de madera de roble macizo ecol\u00f3gica | Garcia Varona<\/title>\n<meta name=\"description\" content=\"Traviesa de madera de roble ecol\u00f3gica fabricada con madera maciza de roble europeo 100% natural, sin tratamientos qu\u00edmicos.\" \/>\n<meta name=\"robots\" content=\"index, follow, max-snippet:-1, max-image-preview:large, max-video-preview:-1\" \/>\n<link rel=\"canonical\" href=\"https:\/\/www.garciavarona.com\/en\/producto\/traviesa-de-madera-de-roble-ecologica\/\" \/>\n<meta property=\"og:locale\" content=\"en_US\" \/>\n<meta property=\"og:type\" content=\"article\" \/>\n<meta property=\"og:title\" content=\"Traviesa de madera de roble macizo ecol\u00f3gica | Garcia Varona\" \/>\n<meta property=\"og:description\" content=\"Traviesa de madera de roble ecol\u00f3gica fabricada con madera maciza de roble europeo 100% natural, sin tratamientos qu\u00edmicos.\" \/>\n<meta property=\"og:url\" content=\"https:\/\/www.garciavarona.com\/en\/producto\/traviesa-de-madera-de-roble-ecologica\/\" \/>\n<meta property=\"og:site_name\" content=\"Maderas Garcia Varona\" \/>\n<meta property=\"article:publisher\" content=\"https:\/\/www.facebook.com\/maderasgarciavaronagrupo\" \/>\n<meta property=\"article:modified_time\" content=\"2026-03-20T13:32:06+00:00\" \/>\n<meta property=\"og:image\" content=\"https:\/\/www.garciavarona.com\/wp-content\/uploads\/2019\/05\/1145-Traviesa-de-roble-macizo-ecologica-25x125-cm.-palet-24-unidades.jpg\" \/>\n\t<meta property=\"og:image:width\" content=\"525\" \/>\n\t<meta property=\"og:image:height\" content=\"525\" \/>\n\t<meta property=\"og:image:type\" content=\"image\/jpeg\" \/>\n<meta name=\"twitter:card\" content=\"summary_large_image\" \/>\n<meta name=\"twitter:site\" content=\"@maderasvaronars\" \/>\n<meta name=\"twitter:label1\" content=\"Est. reading time\" \/>\n\t<meta name=\"twitter:data1\" content=\"2 minutes\" \/>\n<script type=\"application\/ld+json\" class=\"yoast-schema-graph\">{\"@context\":\"https:\\\/\\\/schema.org\",\"@graph\":[{\"@type\":[\"WebPage\",\"ItemPage\"],\"@id\":\"https:\\\/\\\/www.garciavarona.com\\\/en\\\/producto\\\/traviesa-de-madera-de-roble-ecologica\\\/\",\"url\":\"https:\\\/\\\/www.garciavarona.com\\\/en\\\/producto\\\/traviesa-de-madera-de-roble-ecologica\\\/\",\"name\":\"Traviesa de madera de roble macizo ecol\u00f3gica | Garcia Varona\",\"isPartOf\":{\"@id\":\"https:\\\/\\\/www.garciavarona.com\\\/en\\\/#website\"},\"primaryImageOfPage\":{\"@id\":\"https:\\\/\\\/www.garciavarona.com\\\/en\\\/producto\\\/traviesa-de-madera-de-roble-ecologica\\\/#primaryimage\"},\"image\":{\"@id\":\"https:\\\/\\\/www.garciavarona.com\\\/en\\\/producto\\\/traviesa-de-madera-de-roble-ecologica\\\/#primaryimage\"},\"thumbnailUrl\":\"https:\\\/\\\/www.garciavarona.com\\\/wp-content\\\/uploads\\\/2019\\\/05\\\/1145-Traviesa-de-roble-macizo-ecologica-25x125-cm.-palet-24-unidades.jpg\",\"datePublished\":\"2022-09-14T14:13:44+00:00\",\"dateModified\":\"2026-03-20T13:32:06+00:00\",\"description\":\"Traviesa de madera de roble ecol\u00f3gica fabricada con madera maciza de roble europeo 100% natural, sin tratamientos qu\u00edmicos.\",\"breadcrumb\":{\"@id\":\"https:\\\/\\\/www.garciavarona.com\\\/en\\\/producto\\\/traviesa-de-madera-de-roble-ecologica\\\/#breadcrumb\"},\"inLanguage\":\"en-US\",\"potentialAction\":[{\"@type\":\"ReadAction\",\"target\":[\"https:\\\/\\\/www.garciavarona.com\\\/en\\\/producto\\\/traviesa-de-madera-de-roble-ecologica\\\/\"]}]},{\"@type\":\"ImageObject\",\"inLanguage\":\"en-US\",\"@id\":\"https:\\\/\\\/www.garciavarona.com\\\/en\\\/producto\\\/traviesa-de-madera-de-roble-ecologica\\\/#primaryimage\",\"url\":\"https:\\\/\\\/www.garciavarona.com\\\/wp-content\\\/uploads\\\/2019\\\/05\\\/1145-Traviesa-de-roble-macizo-ecologica-25x125-cm.-palet-24-unidades.jpg\",\"contentUrl\":\"https:\\\/\\\/www.garciavarona.com\\\/wp-content\\\/uploads\\\/2019\\\/05\\\/1145-Traviesa-de-roble-macizo-ecologica-25x125-cm.-palet-24-unidades.jpg\",\"width\":525,\"height\":525,\"caption\":\"Traviesa de madera de roble macizo ecol\u00f3gica calidad est\u00e1ndar - paquete\"},{\"@type\":\"BreadcrumbList\",\"@id\":\"https:\\\/\\\/www.garciavarona.com\\\/en\\\/producto\\\/traviesa-de-madera-de-roble-ecologica\\\/#breadcrumb\",\"itemListElement\":[{\"@type\":\"ListItem\",\"position\":1,\"name\":\"Portada\",\"item\":\"https:\\\/\\\/www.garciavarona.com\\\/en\\\/\"},{\"@type\":\"ListItem\",\"position\":2,\"name\":\"Tienda Maderas Garc\u00eda Varona\",\"item\":\"https:\\\/\\\/www.garciavarona.com\\\/tienda\\\/\"},{\"@type\":\"ListItem\",\"position\":3,\"name\":\"Traviesa de madera de roble macizo ecol\u00f3gica\"}]},{\"@type\":\"WebSite\",\"@id\":\"https:\\\/\\\/www.garciavarona.com\\\/en\\\/#website\",\"url\":\"https:\\\/\\\/www.garciavarona.com\\\/en\\\/\",\"name\":\"Maderas Garcia Varona\",\"description\":\"Fabrica y Aserradero de Madera. Expertos en Madera\",\"publisher\":{\"@id\":\"https:\\\/\\\/www.garciavarona.com\\\/en\\\/#organization\"},\"potentialAction\":[{\"@type\":\"SearchAction\",\"target\":{\"@type\":\"EntryPoint\",\"urlTemplate\":\"https:\\\/\\\/www.garciavarona.com\\\/en\\\/?s={search_term_string}\"},\"query-input\":{\"@type\":\"PropertyValueSpecification\",\"valueRequired\":true,\"valueName\":\"search_term_string\"}}],\"inLanguage\":\"en-US\"},{\"@type\":\"Organization\",\"@id\":\"https:\\\/\\\/www.garciavarona.com\\\/en\\\/#organization\",\"name\":\"Maderas Garcia Varona\",\"url\":\"https:\\\/\\\/www.garciavarona.com\\\/en\\\/\",\"logo\":{\"@type\":\"ImageObject\",\"inLanguage\":\"en-US\",\"@id\":\"https:\\\/\\\/www.garciavarona.com\\\/en\\\/#\\\/schema\\\/logo\\\/image\\\/\",\"url\":\"https:\\\/\\\/www.garciavarona.com\\\/wp-content\\\/uploads\\\/2022\\\/06\\\/logoGarciaVarona.svg\",\"contentUrl\":\"https:\\\/\\\/www.garciavarona.com\\\/wp-content\\\/uploads\\\/2022\\\/06\\\/logoGarciaVarona.svg\",\"width\":1020,\"height\":200,\"caption\":\"Maderas Garcia Varona\"},\"image\":{\"@id\":\"https:\\\/\\\/www.garciavarona.com\\\/en\\\/#\\\/schema\\\/logo\\\/image\\\/\"},\"sameAs\":[\"https:\\\/\\\/www.facebook.com\\\/maderasgarciavaronagrupo\",\"https:\\\/\\\/x.com\\\/maderasvaronars\",\"https:\\\/\\\/www.instagram.com\\\/maderasgarciavarona\\\/\",\"https:\\\/\\\/www.linkedin.com\\\/company\\\/maderas-garcia-varona\\\/\",\"https:\\\/\\\/www.youtube.com\\\/channel\\\/UCGUEME06N_h66pB2coJC83w\\\/featured\"]}]}<\/script>\n<!-- \/ Yoast SEO plugin. -->","yoast_head_json":{"title":"Traviesa de madera de roble macizo ecol\u00f3gica | Garcia Varona","description":"Traviesa de madera de roble ecol\u00f3gica fabricada con madera maciza de roble europeo 100% natural, sin tratamientos qu\u00edmicos.","robots":{"index":"index","follow":"follow","max-snippet":"max-snippet:-1","max-image-preview":"max-image-preview:large","max-video-preview":"max-video-preview:-1"},"canonical":"https:\/\/www.garciavarona.com\/en\/producto\/traviesa-de-madera-de-roble-ecologica\/","og_locale":"en_US","og_type":"article","og_title":"Traviesa de madera de roble macizo ecol\u00f3gica | Garcia Varona","og_description":"Traviesa de madera de roble ecol\u00f3gica fabricada con madera maciza de roble europeo 100% natural, sin tratamientos qu\u00edmicos.","og_url":"https:\/\/www.garciavarona.com\/en\/producto\/traviesa-de-madera-de-roble-ecologica\/","og_site_name":"Maderas Garcia Varona","article_publisher":"https:\/\/www.facebook.com\/maderasgarciavaronagrupo","article_modified_time":"2026-03-20T13:32:06+00:00","og_image":[{"width":525,"height":525,"url":"https:\/\/www.garciavarona.com\/wp-content\/uploads\/2019\/05\/1145-Traviesa-de-roble-macizo-ecologica-25x125-cm.-palet-24-unidades.jpg","type":"image\/jpeg"}],"twitter_card":"summary_large_image","twitter_site":"@maderasvaronars","twitter_misc":{"Est. reading time":"2 minutes"},"schema":{"@context":"https:\/\/schema.org","@graph":[{"@type":["WebPage","ItemPage"],"@id":"https:\/\/www.garciavarona.com\/en\/producto\/traviesa-de-madera-de-roble-ecologica\/","url":"https:\/\/www.garciavarona.com\/en\/producto\/traviesa-de-madera-de-roble-ecologica\/","name":"Traviesa de madera de roble macizo ecol\u00f3gica | Garcia Varona","isPartOf":{"@id":"https:\/\/www.garciavarona.com\/en\/#website"},"primaryImageOfPage":{"@id":"https:\/\/www.garciavarona.com\/en\/producto\/traviesa-de-madera-de-roble-ecologica\/#primaryimage"},"image":{"@id":"https:\/\/www.garciavarona.com\/en\/producto\/traviesa-de-madera-de-roble-ecologica\/#primaryimage"},"thumbnailUrl":"https:\/\/www.garciavarona.com\/wp-content\/uploads\/2019\/05\/1145-Traviesa-de-roble-macizo-ecologica-25x125-cm.-palet-24-unidades.jpg","datePublished":"2022-09-14T14:13:44+00:00","dateModified":"2026-03-20T13:32:06+00:00","description":"Traviesa de madera de roble ecol\u00f3gica fabricada con madera maciza de roble europeo 100% natural, sin tratamientos qu\u00edmicos.","breadcrumb":{"@id":"https:\/\/www.garciavarona.com\/en\/producto\/traviesa-de-madera-de-roble-ecologica\/#breadcrumb"},"inLanguage":"en-US","potentialAction":[{"@type":"ReadAction","target":["https:\/\/www.garciavarona.com\/en\/producto\/traviesa-de-madera-de-roble-ecologica\/"]}]},{"@type":"ImageObject","inLanguage":"en-US","@id":"https:\/\/www.garciavarona.com\/en\/producto\/traviesa-de-madera-de-roble-ecologica\/#primaryimage","url":"https:\/\/www.garciavarona.com\/wp-content\/uploads\/2019\/05\/1145-Traviesa-de-roble-macizo-ecologica-25x125-cm.-palet-24-unidades.jpg","contentUrl":"https:\/\/www.garciavarona.com\/wp-content\/uploads\/2019\/05\/1145-Traviesa-de-roble-macizo-ecologica-25x125-cm.-palet-24-unidades.jpg","width":525,"height":525,"caption":"Traviesa de madera de roble macizo ecol\u00f3gica calidad est\u00e1ndar - paquete"},{"@type":"BreadcrumbList","@id":"https:\/\/www.garciavarona.com\/en\/producto\/traviesa-de-madera-de-roble-ecologica\/#breadcrumb","itemListElement":[{"@type":"ListItem","position":1,"name":"Portada","item":"https:\/\/www.garciavarona.com\/en\/"},{"@type":"ListItem","position":2,"name":"Tienda Maderas Garc\u00eda Varona","item":"https:\/\/www.garciavarona.com\/tienda\/"},{"@type":"ListItem","position":3,"name":"Traviesa de madera de roble macizo ecol\u00f3gica"}]},{"@type":"WebSite","@id":"https:\/\/www.garciavarona.com\/en\/#website","url":"https:\/\/www.garciavarona.com\/en\/","name":"Maderas Garcia Varona","description":"Fabrica y Aserradero de Madera. Expertos en Madera","publisher":{"@id":"https:\/\/www.garciavarona.com\/en\/#organization"},"potentialAction":[{"@type":"SearchAction","target":{"@type":"EntryPoint","urlTemplate":"https:\/\/www.garciavarona.com\/en\/?s={search_term_string}"},"query-input":{"@type":"PropertyValueSpecification","valueRequired":true,"valueName":"search_term_string"}}],"inLanguage":"en-US"},{"@type":"Organization","@id":"https:\/\/www.garciavarona.com\/en\/#organization","name":"Maderas Garcia Varona","url":"https:\/\/www.garciavarona.com\/en\/","logo":{"@type":"ImageObject","inLanguage":"en-US","@id":"https:\/\/www.garciavarona.com\/en\/#\/schema\/logo\/image\/","url":"https:\/\/www.garciavarona.com\/wp-content\/uploads\/2022\/06\/logoGarciaVarona.svg","contentUrl":"https:\/\/www.garciavarona.com\/wp-content\/uploads\/2022\/06\/logoGarciaVarona.svg","width":1020,"height":200,"caption":"Maderas Garcia Varona"},"image":{"@id":"https:\/\/www.garciavarona.com\/en\/#\/schema\/logo\/image\/"},"sameAs":["https:\/\/www.facebook.com\/maderasgarciavaronagrupo","https:\/\/x.com\/maderasvaronars","https:\/\/www.instagram.com\/maderasgarciavarona\/","https:\/\/www.linkedin.com\/company\/maderas-garcia-varona\/","https:\/\/www.youtube.com\/channel\/UCGUEME06N_h66pB2coJC83w\/featured"]}]}},"_links":{"self":[{"href":"https:\/\/www.garciavarona.com\/en\/wp-json\/wp\/v2\/product\/15151","targetHints":{"allow":["GET"]}}],"collection":[{"href":"https:\/\/www.garciavarona.com\/en\/wp-json\/wp\/v2\/product"}],"about":[{"href":"https:\/\/www.garciavarona.com\/en\/wp-json\/wp\/v2\/types\/product"}],"version-history":[{"count":6,"href":"https:\/\/www.garciavarona.com\/en\/wp-json\/wp\/v2\/product\/15151\/revisions"}],"predecessor-version":[{"id":19115,"href":"https:\/\/www.garciavarona.com\/en\/wp-json\/wp\/v2\/product\/15151\/revisions\/19115"}],"wp:featuredmedia":[{"embeddable":true,"href":"https:\/\/www.garciavarona.com\/en\/wp-json\/wp\/v2\/media\/11894"}],"wp:attachment":[{"href":"https:\/\/www.garciavarona.com\/en\/wp-json\/wp\/v2\/media?parent=15151"}],"wp:term":[{"taxonomy":"product_brand","embeddable":true,"href":"https:\/\/www.garciavarona.com\/en\/wp-json\/wp\/v2\/product_brand?post=15151"},{"taxonomy":"product_cat","embeddable":true,"href":"https:\/\/www.garciavarona.com\/en\/wp-json\/wp\/v2\/product_cat?post=15151"},{"taxonomy":"product_tag","embeddable":true,"href":"https:\/\/www.garciavarona.com\/en\/wp-json\/wp\/v2\/product_tag?post=15151"}],"curies":[{"name":"wp","href":"https:\/\/api.w.org\/{rel}","templated":true}]}}