{"id":19222,"date":"2023-01-26T11:43:07","date_gmt":"2023-01-26T11:43:07","guid":{"rendered":"https:\/\/www.garciavarona.com\/?post_type=product&#038;p=19222"},"modified":"2026-03-12T09:57:17","modified_gmt":"2026-03-12T08:57:17","slug":"rodapie-de-roble-rechapado","status":"publish","type":"product","link":"https:\/\/www.garciavarona.com\/en\/producto\/rodapie-de-roble-rechapado\/","title":{"rendered":"Rodapi\u00e9 de roble rechapado"},"content":{"rendered":"<h1>Rodapi\u00e9 de roble rechapado sobre abeto<\/h1>\n<p><strong>Rodapi\u00e9 de roble rechapado<\/strong> sobre abeto. Z\u00f3calo de roble rechapado con varios perfiles disponibles.<\/p>\n<p>Disponible barnizado incoloro. El rodapi\u00e9 de madera ofrece el color natural del roble. Se trata de una<strong> moldura de madera de roble rechapado<\/strong> ideal para colocar en la base de las paredes. Este rodapi\u00e9 proteger\u00e1 las paredes de su estancia frente a golpes y roces del d\u00eda a d\u00eda. Su excelente calidad permitir\u00e1 disfrutar de este rodapi\u00e9 durante muchos a\u00f1os, sin necesidad de un mantenimiento especial, m\u00e1s all\u00e1 de la limpieza habitual.<\/p>\n<p><strong>OFERTA ESPECIAL<\/strong> por compra de lote completo. <a href=\"https:\/\/www.garciavarona.com\/contactar\/\">Consulte<\/a> condiciones.<\/p>\n","protected":false},"excerpt":{"rendered":"<p>Rodapi\u00e9 roble rechapado sobre abeto. Precio por metro lineal.<\/p>\n","protected":false},"featured_media":11508,"template":"","meta":[],"product_brand":[],"product_cat":[2075,769,757],"product_tag":[1173,1180,1172,1181],"class_list":{"0":"post-19222","1":"product","2":"type-product","3":"status-publish","4":"has-post-thumbnail","6":"product_cat-producto-recogida-en-tienda","7":"product_cat-rodapie-outlet","8":"product_cat-outlet-de-madera","9":"product_tag-rodapie-de-madera","10":"product_tag-rodapie-de-roble-rechapado","11":"product_tag-zocalo-de-madera","12":"product_tag-zocalo-de-roble-rechapado","13":"pa_ancho-90-mm","14":"pa_ancho-100-mm","15":"pa_perfil_rodapie-946","16":"pa_perfil_rodapie-105mad","17":"pa_perfil_rodapie-cube","19":"first","20":"instock","21":"taxable","22":"shipping-taxable","23":"purchasable","24":"product-type-variable"},"yoast_head":"<!-- This site is optimized with the Yoast SEO plugin v27.3 - https:\/\/yoast.com\/product\/yoast-seo-wordpress\/ -->\n<title>Rodapie de roble rechapado sobre abeto | Garcia Varona<\/title>\n<meta name=\"description\" content=\"Rodapi\u00e9 de roble rechapado sobre abeto. Z\u00f3calo de madera protector de paredes. Varias medidas y perfiles. Oferta \u00faltimas unidades.\" \/>\n<meta name=\"robots\" content=\"index, follow, max-snippet:-1, max-image-preview:large, max-video-preview:-1\" \/>\n<link rel=\"canonical\" href=\"https:\/\/www.garciavarona.com\/en\/producto\/rodapie-de-roble-rechapado\/\" \/>\n<meta property=\"og:locale\" content=\"en_US\" \/>\n<meta property=\"og:type\" content=\"article\" \/>\n<meta property=\"og:title\" content=\"Rodapie de roble rechapado sobre abeto | Garcia Varona\" \/>\n<meta property=\"og:description\" content=\"Rodapi\u00e9 de roble rechapado sobre abeto. Z\u00f3calo de madera protector de paredes. Varias medidas y perfiles. Oferta \u00faltimas unidades.\" \/>\n<meta property=\"og:url\" content=\"https:\/\/www.garciavarona.com\/en\/producto\/rodapie-de-roble-rechapado\/\" \/>\n<meta property=\"og:site_name\" content=\"Maderas Garcia Varona\" \/>\n<meta property=\"article:publisher\" content=\"https:\/\/www.facebook.com\/maderasgarciavaronagrupo\" \/>\n<meta property=\"article:modified_time\" content=\"2026-03-12T08:57:17+00:00\" \/>\n<meta property=\"og:image\" content=\"https:\/\/www.garciavarona.com\/wp-content\/uploads\/2019\/02\/489-Rodapie-de-roble-rechapado-sobre-abeto-9-cm-de-ancho.jpg\" \/>\n\t<meta property=\"og:image:width\" content=\"525\" \/>\n\t<meta property=\"og:image:height\" content=\"525\" \/>\n\t<meta property=\"og:image:type\" content=\"image\/jpeg\" \/>\n<meta name=\"twitter:card\" content=\"summary_large_image\" \/>\n<meta name=\"twitter:site\" content=\"@maderasvaronars\" \/>\n<meta name=\"twitter:label1\" content=\"Est. reading time\" \/>\n\t<meta name=\"twitter:data1\" content=\"1 minute\" \/>\n<script type=\"application\/ld+json\" class=\"yoast-schema-graph\">{\"@context\":\"https:\\\/\\\/schema.org\",\"@graph\":[{\"@type\":[\"WebPage\",\"ItemPage\"],\"@id\":\"https:\\\/\\\/www.garciavarona.com\\\/en\\\/producto\\\/rodapie-de-roble-rechapado\\\/\",\"url\":\"https:\\\/\\\/www.garciavarona.com\\\/en\\\/producto\\\/rodapie-de-roble-rechapado\\\/\",\"name\":\"Rodapie de roble rechapado sobre abeto | Garcia Varona\",\"isPartOf\":{\"@id\":\"https:\\\/\\\/www.garciavarona.com\\\/en\\\/#website\"},\"primaryImageOfPage\":{\"@id\":\"https:\\\/\\\/www.garciavarona.com\\\/en\\\/producto\\\/rodapie-de-roble-rechapado\\\/#primaryimage\"},\"image\":{\"@id\":\"https:\\\/\\\/www.garciavarona.com\\\/en\\\/producto\\\/rodapie-de-roble-rechapado\\\/#primaryimage\"},\"thumbnailUrl\":\"https:\\\/\\\/www.garciavarona.com\\\/wp-content\\\/uploads\\\/2019\\\/02\\\/489-Rodapie-de-roble-rechapado-sobre-abeto-9-cm-de-ancho.jpg\",\"datePublished\":\"2023-01-26T11:43:07+00:00\",\"dateModified\":\"2026-03-12T08:57:17+00:00\",\"description\":\"Rodapi\u00e9 de roble rechapado sobre abeto. Z\u00f3calo de madera protector de paredes. Varias medidas y perfiles. Oferta \u00faltimas unidades.\",\"breadcrumb\":{\"@id\":\"https:\\\/\\\/www.garciavarona.com\\\/en\\\/producto\\\/rodapie-de-roble-rechapado\\\/#breadcrumb\"},\"inLanguage\":\"en-US\",\"potentialAction\":[{\"@type\":\"ReadAction\",\"target\":[\"https:\\\/\\\/www.garciavarona.com\\\/en\\\/producto\\\/rodapie-de-roble-rechapado\\\/\"]}]},{\"@type\":\"ImageObject\",\"inLanguage\":\"en-US\",\"@id\":\"https:\\\/\\\/www.garciavarona.com\\\/en\\\/producto\\\/rodapie-de-roble-rechapado\\\/#primaryimage\",\"url\":\"https:\\\/\\\/www.garciavarona.com\\\/wp-content\\\/uploads\\\/2019\\\/02\\\/489-Rodapie-de-roble-rechapado-sobre-abeto-9-cm-de-ancho.jpg\",\"contentUrl\":\"https:\\\/\\\/www.garciavarona.com\\\/wp-content\\\/uploads\\\/2019\\\/02\\\/489-Rodapie-de-roble-rechapado-sobre-abeto-9-cm-de-ancho.jpg\",\"width\":525,\"height\":525,\"caption\":\"Rodapie de roble rechapado sobre abeto perfil 81 o cube\"},{\"@type\":\"BreadcrumbList\",\"@id\":\"https:\\\/\\\/www.garciavarona.com\\\/en\\\/producto\\\/rodapie-de-roble-rechapado\\\/#breadcrumb\",\"itemListElement\":[{\"@type\":\"ListItem\",\"position\":1,\"name\":\"Portada\",\"item\":\"https:\\\/\\\/www.garciavarona.com\\\/en\\\/\"},{\"@type\":\"ListItem\",\"position\":2,\"name\":\"Tienda Maderas Garc\u00eda Varona\",\"item\":\"https:\\\/\\\/www.garciavarona.com\\\/tienda\\\/\"},{\"@type\":\"ListItem\",\"position\":3,\"name\":\"Rodapi\u00e9 de roble rechapado\"}]},{\"@type\":\"WebSite\",\"@id\":\"https:\\\/\\\/www.garciavarona.com\\\/en\\\/#website\",\"url\":\"https:\\\/\\\/www.garciavarona.com\\\/en\\\/\",\"name\":\"Maderas Garcia Varona\",\"description\":\"Fabrica y Aserradero de Madera. Expertos en Madera\",\"publisher\":{\"@id\":\"https:\\\/\\\/www.garciavarona.com\\\/en\\\/#organization\"},\"potentialAction\":[{\"@type\":\"SearchAction\",\"target\":{\"@type\":\"EntryPoint\",\"urlTemplate\":\"https:\\\/\\\/www.garciavarona.com\\\/en\\\/?s={search_term_string}\"},\"query-input\":{\"@type\":\"PropertyValueSpecification\",\"valueRequired\":true,\"valueName\":\"search_term_string\"}}],\"inLanguage\":\"en-US\"},{\"@type\":\"Organization\",\"@id\":\"https:\\\/\\\/www.garciavarona.com\\\/en\\\/#organization\",\"name\":\"Maderas Garcia Varona\",\"url\":\"https:\\\/\\\/www.garciavarona.com\\\/en\\\/\",\"logo\":{\"@type\":\"ImageObject\",\"inLanguage\":\"en-US\",\"@id\":\"https:\\\/\\\/www.garciavarona.com\\\/en\\\/#\\\/schema\\\/logo\\\/image\\\/\",\"url\":\"https:\\\/\\\/www.garciavarona.com\\\/wp-content\\\/uploads\\\/2022\\\/06\\\/logoGarciaVarona.svg\",\"contentUrl\":\"https:\\\/\\\/www.garciavarona.com\\\/wp-content\\\/uploads\\\/2022\\\/06\\\/logoGarciaVarona.svg\",\"width\":1020,\"height\":200,\"caption\":\"Maderas Garcia Varona\"},\"image\":{\"@id\":\"https:\\\/\\\/www.garciavarona.com\\\/en\\\/#\\\/schema\\\/logo\\\/image\\\/\"},\"sameAs\":[\"https:\\\/\\\/www.facebook.com\\\/maderasgarciavaronagrupo\",\"https:\\\/\\\/x.com\\\/maderasvaronars\",\"https:\\\/\\\/www.instagram.com\\\/maderasgarciavarona\\\/\",\"https:\\\/\\\/www.linkedin.com\\\/company\\\/maderas-garcia-varona\\\/\",\"https:\\\/\\\/www.youtube.com\\\/channel\\\/UCGUEME06N_h66pB2coJC83w\\\/featured\"]}]}<\/script>\n<!-- \/ Yoast SEO plugin. -->","yoast_head_json":{"title":"Rodapie de roble rechapado sobre abeto | Garcia Varona","description":"Rodapi\u00e9 de roble rechapado sobre abeto. Z\u00f3calo de madera protector de paredes. Varias medidas y perfiles. Oferta \u00faltimas unidades.","robots":{"index":"index","follow":"follow","max-snippet":"max-snippet:-1","max-image-preview":"max-image-preview:large","max-video-preview":"max-video-preview:-1"},"canonical":"https:\/\/www.garciavarona.com\/en\/producto\/rodapie-de-roble-rechapado\/","og_locale":"en_US","og_type":"article","og_title":"Rodapie de roble rechapado sobre abeto | Garcia Varona","og_description":"Rodapi\u00e9 de roble rechapado sobre abeto. Z\u00f3calo de madera protector de paredes. Varias medidas y perfiles. Oferta \u00faltimas unidades.","og_url":"https:\/\/www.garciavarona.com\/en\/producto\/rodapie-de-roble-rechapado\/","og_site_name":"Maderas Garcia Varona","article_publisher":"https:\/\/www.facebook.com\/maderasgarciavaronagrupo","article_modified_time":"2026-03-12T08:57:17+00:00","og_image":[{"width":525,"height":525,"url":"https:\/\/www.garciavarona.com\/wp-content\/uploads\/2019\/02\/489-Rodapie-de-roble-rechapado-sobre-abeto-9-cm-de-ancho.jpg","type":"image\/jpeg"}],"twitter_card":"summary_large_image","twitter_site":"@maderasvaronars","twitter_misc":{"Est. reading time":"1 minute"},"schema":{"@context":"https:\/\/schema.org","@graph":[{"@type":["WebPage","ItemPage"],"@id":"https:\/\/www.garciavarona.com\/en\/producto\/rodapie-de-roble-rechapado\/","url":"https:\/\/www.garciavarona.com\/en\/producto\/rodapie-de-roble-rechapado\/","name":"Rodapie de roble rechapado sobre abeto | Garcia Varona","isPartOf":{"@id":"https:\/\/www.garciavarona.com\/en\/#website"},"primaryImageOfPage":{"@id":"https:\/\/www.garciavarona.com\/en\/producto\/rodapie-de-roble-rechapado\/#primaryimage"},"image":{"@id":"https:\/\/www.garciavarona.com\/en\/producto\/rodapie-de-roble-rechapado\/#primaryimage"},"thumbnailUrl":"https:\/\/www.garciavarona.com\/wp-content\/uploads\/2019\/02\/489-Rodapie-de-roble-rechapado-sobre-abeto-9-cm-de-ancho.jpg","datePublished":"2023-01-26T11:43:07+00:00","dateModified":"2026-03-12T08:57:17+00:00","description":"Rodapi\u00e9 de roble rechapado sobre abeto. Z\u00f3calo de madera protector de paredes. Varias medidas y perfiles. Oferta \u00faltimas unidades.","breadcrumb":{"@id":"https:\/\/www.garciavarona.com\/en\/producto\/rodapie-de-roble-rechapado\/#breadcrumb"},"inLanguage":"en-US","potentialAction":[{"@type":"ReadAction","target":["https:\/\/www.garciavarona.com\/en\/producto\/rodapie-de-roble-rechapado\/"]}]},{"@type":"ImageObject","inLanguage":"en-US","@id":"https:\/\/www.garciavarona.com\/en\/producto\/rodapie-de-roble-rechapado\/#primaryimage","url":"https:\/\/www.garciavarona.com\/wp-content\/uploads\/2019\/02\/489-Rodapie-de-roble-rechapado-sobre-abeto-9-cm-de-ancho.jpg","contentUrl":"https:\/\/www.garciavarona.com\/wp-content\/uploads\/2019\/02\/489-Rodapie-de-roble-rechapado-sobre-abeto-9-cm-de-ancho.jpg","width":525,"height":525,"caption":"Rodapie de roble rechapado sobre abeto perfil 81 o cube"},{"@type":"BreadcrumbList","@id":"https:\/\/www.garciavarona.com\/en\/producto\/rodapie-de-roble-rechapado\/#breadcrumb","itemListElement":[{"@type":"ListItem","position":1,"name":"Portada","item":"https:\/\/www.garciavarona.com\/en\/"},{"@type":"ListItem","position":2,"name":"Tienda Maderas Garc\u00eda Varona","item":"https:\/\/www.garciavarona.com\/tienda\/"},{"@type":"ListItem","position":3,"name":"Rodapi\u00e9 de roble rechapado"}]},{"@type":"WebSite","@id":"https:\/\/www.garciavarona.com\/en\/#website","url":"https:\/\/www.garciavarona.com\/en\/","name":"Maderas Garcia Varona","description":"Fabrica y Aserradero de Madera. Expertos en Madera","publisher":{"@id":"https:\/\/www.garciavarona.com\/en\/#organization"},"potentialAction":[{"@type":"SearchAction","target":{"@type":"EntryPoint","urlTemplate":"https:\/\/www.garciavarona.com\/en\/?s={search_term_string}"},"query-input":{"@type":"PropertyValueSpecification","valueRequired":true,"valueName":"search_term_string"}}],"inLanguage":"en-US"},{"@type":"Organization","@id":"https:\/\/www.garciavarona.com\/en\/#organization","name":"Maderas Garcia Varona","url":"https:\/\/www.garciavarona.com\/en\/","logo":{"@type":"ImageObject","inLanguage":"en-US","@id":"https:\/\/www.garciavarona.com\/en\/#\/schema\/logo\/image\/","url":"https:\/\/www.garciavarona.com\/wp-content\/uploads\/2022\/06\/logoGarciaVarona.svg","contentUrl":"https:\/\/www.garciavarona.com\/wp-content\/uploads\/2022\/06\/logoGarciaVarona.svg","width":1020,"height":200,"caption":"Maderas Garcia Varona"},"image":{"@id":"https:\/\/www.garciavarona.com\/en\/#\/schema\/logo\/image\/"},"sameAs":["https:\/\/www.facebook.com\/maderasgarciavaronagrupo","https:\/\/x.com\/maderasvaronars","https:\/\/www.instagram.com\/maderasgarciavarona\/","https:\/\/www.linkedin.com\/company\/maderas-garcia-varona\/","https:\/\/www.youtube.com\/channel\/UCGUEME06N_h66pB2coJC83w\/featured"]}]}},"_links":{"self":[{"href":"https:\/\/www.garciavarona.com\/en\/wp-json\/wp\/v2\/product\/19222","targetHints":{"allow":["GET"]}}],"collection":[{"href":"https:\/\/www.garciavarona.com\/en\/wp-json\/wp\/v2\/product"}],"about":[{"href":"https:\/\/www.garciavarona.com\/en\/wp-json\/wp\/v2\/types\/product"}],"version-history":[{"count":4,"href":"https:\/\/www.garciavarona.com\/en\/wp-json\/wp\/v2\/product\/19222\/revisions"}],"predecessor-version":[{"id":19228,"href":"https:\/\/www.garciavarona.com\/en\/wp-json\/wp\/v2\/product\/19222\/revisions\/19228"}],"wp:featuredmedia":[{"embeddable":true,"href":"https:\/\/www.garciavarona.com\/en\/wp-json\/wp\/v2\/media\/11508"}],"wp:attachment":[{"href":"https:\/\/www.garciavarona.com\/en\/wp-json\/wp\/v2\/media?parent=19222"}],"wp:term":[{"taxonomy":"product_brand","embeddable":true,"href":"https:\/\/www.garciavarona.com\/en\/wp-json\/wp\/v2\/product_brand?post=19222"},{"taxonomy":"product_cat","embeddable":true,"href":"https:\/\/www.garciavarona.com\/en\/wp-json\/wp\/v2\/product_cat?post=19222"},{"taxonomy":"product_tag","embeddable":true,"href":"https:\/\/www.garciavarona.com\/en\/wp-json\/wp\/v2\/product_tag?post=19222"}],"curies":[{"name":"wp","href":"https:\/\/api.w.org\/{rel}","templated":true}]}}