{"id":19317,"date":"2023-02-15T13:21:59","date_gmt":"2023-02-15T13:21:59","guid":{"rendered":"https:\/\/www.garciavarona.com\/?post_type=product&#038;p=19317"},"modified":"2025-10-23T20:24:23","modified_gmt":"2025-10-23T18:24:23","slug":"base-pilar-de-piedra-arenisca","status":"publish","type":"product","link":"https:\/\/www.garciavarona.com\/en\/producto\/base-pilar-de-piedra-arenisca\/","title":{"rendered":"Base pilar de piedra arenisca"},"content":{"rendered":"<h2>Base pilar de piedra arenisca<\/h2>\n<p>Base pilar de piedra arenisca veteada para columnas de madera. Basa de piedra para postes de madera. Se puede usar en porches de madera, cenadores o como base en p\u00e9rgolas y columpios de madera. Peana de piedra lisa, sin abujardar, para apoyo de pilar.<\/p>\n<p>Esta base de piedra arenisca dar\u00e1 vida a tus columnas de madera. Se puede utilizar en exteriores. No tiene ning\u00fan acabado, por lo que puedes utilizarla tal cual o a\u00f1adirle una p\u00e1tina para que parezca una piedra antigua.<\/p>\n<p>Si te gustan los materiales naturales, esta base est\u00e1 hecha de piedra arenisca veteada. Es ideal para un entorno r\u00fastico, como pilar para un porche de madera o una p\u00e9rgola. Es bastante robusta para sostener una estructura de madera.<\/p>\n<p>Medidas:<\/p>\n<p>Alto 400 mm, base inferior 350&#215;350 mm, base superior 250&#215;250 mm.<\/p>\n<p>Alto 300 mm, base inferior 300&#215;300 mm, base superior 200&#215;200 mm.<\/p>\n","protected":false},"excerpt":{"rendered":"<p>Basa de piedra para postes de madera. Precio por unidad.<\/p>\n","protected":false},"featured_media":19320,"template":"","meta":[],"product_brand":[],"product_cat":[755,790],"product_tag":[2026,2027,2028,2030,2029],"class_list":{"0":"post-19317","1":"product","2":"type-product","3":"status-publish","4":"has-post-thumbnail","6":"product_cat-construccion","7":"product_cat-complementos-de-madera","8":"product_tag-basa","9":"product_tag-basa-de-piedra","10":"product_tag-base-de-piedra","11":"product_tag-base-pilar","12":"product_tag-peana","14":"first","15":"instock","16":"taxable","17":"shipping-taxable","18":"purchasable","19":"product-type-variable"},"yoast_head":"<!-- This site is optimized with the Yoast SEO plugin v27.3 - https:\/\/yoast.com\/product\/yoast-seo-wordpress\/ -->\n<title>Base pilar de piedra arenisca | Maderas Garcia Varona<\/title>\n<meta name=\"description\" content=\"Base pilar de piedra arenisca para columnas de madera. Basa de piedra para usar en porches de madera o p\u00e9rgolas. Peana de piedra.\" \/>\n<meta name=\"robots\" content=\"index, follow, max-snippet:-1, max-image-preview:large, max-video-preview:-1\" \/>\n<link rel=\"canonical\" href=\"https:\/\/www.garciavarona.com\/en\/producto\/base-pilar-de-piedra-arenisca\/\" \/>\n<meta property=\"og:locale\" content=\"en_US\" \/>\n<meta property=\"og:type\" content=\"article\" \/>\n<meta property=\"og:title\" content=\"Base pilar de piedra arenisca | Maderas Garcia Varona\" \/>\n<meta property=\"og:description\" content=\"Base pilar de piedra arenisca para columnas de madera. Basa de piedra para usar en porches de madera o p\u00e9rgolas. Peana de piedra.\" \/>\n<meta property=\"og:url\" content=\"https:\/\/www.garciavarona.com\/en\/producto\/base-pilar-de-piedra-arenisca\/\" \/>\n<meta property=\"og:site_name\" content=\"Maderas Garcia Varona\" \/>\n<meta property=\"article:publisher\" content=\"https:\/\/www.facebook.com\/maderasgarciavaronagrupo\" \/>\n<meta property=\"article:modified_time\" content=\"2025-10-23T18:24:23+00:00\" \/>\n<meta property=\"og:image\" content=\"https:\/\/www.garciavarona.com\/wp-content\/uploads\/2023\/02\/Base-pilar-de-piedra-arenisca-peana-Maderas-Garcia-Varona-2.jpg\" \/>\n\t<meta property=\"og:image:width\" content=\"525\" \/>\n\t<meta property=\"og:image:height\" content=\"525\" \/>\n\t<meta property=\"og:image:type\" content=\"image\/jpeg\" \/>\n<meta name=\"twitter:card\" content=\"summary_large_image\" \/>\n<meta name=\"twitter:site\" content=\"@maderasvaronars\" \/>\n<meta name=\"twitter:label1\" content=\"Est. reading time\" \/>\n\t<meta name=\"twitter:data1\" content=\"1 minute\" \/>\n<script type=\"application\/ld+json\" class=\"yoast-schema-graph\">{\"@context\":\"https:\\\/\\\/schema.org\",\"@graph\":[{\"@type\":[\"WebPage\",\"ItemPage\"],\"@id\":\"https:\\\/\\\/www.garciavarona.com\\\/en\\\/producto\\\/base-pilar-de-piedra-arenisca\\\/\",\"url\":\"https:\\\/\\\/www.garciavarona.com\\\/en\\\/producto\\\/base-pilar-de-piedra-arenisca\\\/\",\"name\":\"Base pilar de piedra arenisca | Maderas Garcia Varona\",\"isPartOf\":{\"@id\":\"https:\\\/\\\/www.garciavarona.com\\\/en\\\/#website\"},\"primaryImageOfPage\":{\"@id\":\"https:\\\/\\\/www.garciavarona.com\\\/en\\\/producto\\\/base-pilar-de-piedra-arenisca\\\/#primaryimage\"},\"image\":{\"@id\":\"https:\\\/\\\/www.garciavarona.com\\\/en\\\/producto\\\/base-pilar-de-piedra-arenisca\\\/#primaryimage\"},\"thumbnailUrl\":\"https:\\\/\\\/www.garciavarona.com\\\/wp-content\\\/uploads\\\/2023\\\/02\\\/Base-pilar-de-piedra-arenisca-peana-Maderas-Garcia-Varona-2.jpg\",\"datePublished\":\"2023-02-15T13:21:59+00:00\",\"dateModified\":\"2025-10-23T18:24:23+00:00\",\"description\":\"Base pilar de piedra arenisca para columnas de madera. Basa de piedra para usar en porches de madera o p\u00e9rgolas. Peana de piedra.\",\"breadcrumb\":{\"@id\":\"https:\\\/\\\/www.garciavarona.com\\\/en\\\/producto\\\/base-pilar-de-piedra-arenisca\\\/#breadcrumb\"},\"inLanguage\":\"en-US\",\"potentialAction\":[{\"@type\":\"ReadAction\",\"target\":[\"https:\\\/\\\/www.garciavarona.com\\\/en\\\/producto\\\/base-pilar-de-piedra-arenisca\\\/\"]}]},{\"@type\":\"ImageObject\",\"inLanguage\":\"en-US\",\"@id\":\"https:\\\/\\\/www.garciavarona.com\\\/en\\\/producto\\\/base-pilar-de-piedra-arenisca\\\/#primaryimage\",\"url\":\"https:\\\/\\\/www.garciavarona.com\\\/wp-content\\\/uploads\\\/2023\\\/02\\\/Base-pilar-de-piedra-arenisca-peana-Maderas-Garcia-Varona-2.jpg\",\"contentUrl\":\"https:\\\/\\\/www.garciavarona.com\\\/wp-content\\\/uploads\\\/2023\\\/02\\\/Base-pilar-de-piedra-arenisca-peana-Maderas-Garcia-Varona-2.jpg\",\"width\":525,\"height\":525,\"caption\":\"Base pilar de piedra arenisca - peana - Maderas Garcia Varona\"},{\"@type\":\"BreadcrumbList\",\"@id\":\"https:\\\/\\\/www.garciavarona.com\\\/en\\\/producto\\\/base-pilar-de-piedra-arenisca\\\/#breadcrumb\",\"itemListElement\":[{\"@type\":\"ListItem\",\"position\":1,\"name\":\"Portada\",\"item\":\"https:\\\/\\\/www.garciavarona.com\\\/en\\\/\"},{\"@type\":\"ListItem\",\"position\":2,\"name\":\"Tienda Maderas Garc\u00eda Varona\",\"item\":\"https:\\\/\\\/www.garciavarona.com\\\/tienda\\\/\"},{\"@type\":\"ListItem\",\"position\":3,\"name\":\"Base pilar de piedra arenisca\"}]},{\"@type\":\"WebSite\",\"@id\":\"https:\\\/\\\/www.garciavarona.com\\\/en\\\/#website\",\"url\":\"https:\\\/\\\/www.garciavarona.com\\\/en\\\/\",\"name\":\"Maderas Garcia Varona\",\"description\":\"Fabrica y Aserradero de Madera. Expertos en Madera\",\"publisher\":{\"@id\":\"https:\\\/\\\/www.garciavarona.com\\\/en\\\/#organization\"},\"potentialAction\":[{\"@type\":\"SearchAction\",\"target\":{\"@type\":\"EntryPoint\",\"urlTemplate\":\"https:\\\/\\\/www.garciavarona.com\\\/en\\\/?s={search_term_string}\"},\"query-input\":{\"@type\":\"PropertyValueSpecification\",\"valueRequired\":true,\"valueName\":\"search_term_string\"}}],\"inLanguage\":\"en-US\"},{\"@type\":\"Organization\",\"@id\":\"https:\\\/\\\/www.garciavarona.com\\\/en\\\/#organization\",\"name\":\"Maderas Garcia Varona\",\"url\":\"https:\\\/\\\/www.garciavarona.com\\\/en\\\/\",\"logo\":{\"@type\":\"ImageObject\",\"inLanguage\":\"en-US\",\"@id\":\"https:\\\/\\\/www.garciavarona.com\\\/en\\\/#\\\/schema\\\/logo\\\/image\\\/\",\"url\":\"https:\\\/\\\/www.garciavarona.com\\\/wp-content\\\/uploads\\\/2022\\\/06\\\/logoGarciaVarona.svg\",\"contentUrl\":\"https:\\\/\\\/www.garciavarona.com\\\/wp-content\\\/uploads\\\/2022\\\/06\\\/logoGarciaVarona.svg\",\"width\":1020,\"height\":200,\"caption\":\"Maderas Garcia Varona\"},\"image\":{\"@id\":\"https:\\\/\\\/www.garciavarona.com\\\/en\\\/#\\\/schema\\\/logo\\\/image\\\/\"},\"sameAs\":[\"https:\\\/\\\/www.facebook.com\\\/maderasgarciavaronagrupo\",\"https:\\\/\\\/x.com\\\/maderasvaronars\",\"https:\\\/\\\/www.instagram.com\\\/maderasgarciavarona\\\/\",\"https:\\\/\\\/www.linkedin.com\\\/company\\\/maderas-garcia-varona\\\/\",\"https:\\\/\\\/www.youtube.com\\\/channel\\\/UCGUEME06N_h66pB2coJC83w\\\/featured\"]}]}<\/script>\n<!-- \/ Yoast SEO plugin. -->","yoast_head_json":{"title":"Base pilar de piedra arenisca | Maderas Garcia Varona","description":"Base pilar de piedra arenisca para columnas de madera. Basa de piedra para usar en porches de madera o p\u00e9rgolas. Peana de piedra.","robots":{"index":"index","follow":"follow","max-snippet":"max-snippet:-1","max-image-preview":"max-image-preview:large","max-video-preview":"max-video-preview:-1"},"canonical":"https:\/\/www.garciavarona.com\/en\/producto\/base-pilar-de-piedra-arenisca\/","og_locale":"en_US","og_type":"article","og_title":"Base pilar de piedra arenisca | Maderas Garcia Varona","og_description":"Base pilar de piedra arenisca para columnas de madera. Basa de piedra para usar en porches de madera o p\u00e9rgolas. Peana de piedra.","og_url":"https:\/\/www.garciavarona.com\/en\/producto\/base-pilar-de-piedra-arenisca\/","og_site_name":"Maderas Garcia Varona","article_publisher":"https:\/\/www.facebook.com\/maderasgarciavaronagrupo","article_modified_time":"2025-10-23T18:24:23+00:00","og_image":[{"width":525,"height":525,"url":"https:\/\/www.garciavarona.com\/wp-content\/uploads\/2023\/02\/Base-pilar-de-piedra-arenisca-peana-Maderas-Garcia-Varona-2.jpg","type":"image\/jpeg"}],"twitter_card":"summary_large_image","twitter_site":"@maderasvaronars","twitter_misc":{"Est. reading time":"1 minute"},"schema":{"@context":"https:\/\/schema.org","@graph":[{"@type":["WebPage","ItemPage"],"@id":"https:\/\/www.garciavarona.com\/en\/producto\/base-pilar-de-piedra-arenisca\/","url":"https:\/\/www.garciavarona.com\/en\/producto\/base-pilar-de-piedra-arenisca\/","name":"Base pilar de piedra arenisca | Maderas Garcia Varona","isPartOf":{"@id":"https:\/\/www.garciavarona.com\/en\/#website"},"primaryImageOfPage":{"@id":"https:\/\/www.garciavarona.com\/en\/producto\/base-pilar-de-piedra-arenisca\/#primaryimage"},"image":{"@id":"https:\/\/www.garciavarona.com\/en\/producto\/base-pilar-de-piedra-arenisca\/#primaryimage"},"thumbnailUrl":"https:\/\/www.garciavarona.com\/wp-content\/uploads\/2023\/02\/Base-pilar-de-piedra-arenisca-peana-Maderas-Garcia-Varona-2.jpg","datePublished":"2023-02-15T13:21:59+00:00","dateModified":"2025-10-23T18:24:23+00:00","description":"Base pilar de piedra arenisca para columnas de madera. Basa de piedra para usar en porches de madera o p\u00e9rgolas. Peana de piedra.","breadcrumb":{"@id":"https:\/\/www.garciavarona.com\/en\/producto\/base-pilar-de-piedra-arenisca\/#breadcrumb"},"inLanguage":"en-US","potentialAction":[{"@type":"ReadAction","target":["https:\/\/www.garciavarona.com\/en\/producto\/base-pilar-de-piedra-arenisca\/"]}]},{"@type":"ImageObject","inLanguage":"en-US","@id":"https:\/\/www.garciavarona.com\/en\/producto\/base-pilar-de-piedra-arenisca\/#primaryimage","url":"https:\/\/www.garciavarona.com\/wp-content\/uploads\/2023\/02\/Base-pilar-de-piedra-arenisca-peana-Maderas-Garcia-Varona-2.jpg","contentUrl":"https:\/\/www.garciavarona.com\/wp-content\/uploads\/2023\/02\/Base-pilar-de-piedra-arenisca-peana-Maderas-Garcia-Varona-2.jpg","width":525,"height":525,"caption":"Base pilar de piedra arenisca - peana - Maderas Garcia Varona"},{"@type":"BreadcrumbList","@id":"https:\/\/www.garciavarona.com\/en\/producto\/base-pilar-de-piedra-arenisca\/#breadcrumb","itemListElement":[{"@type":"ListItem","position":1,"name":"Portada","item":"https:\/\/www.garciavarona.com\/en\/"},{"@type":"ListItem","position":2,"name":"Tienda Maderas Garc\u00eda Varona","item":"https:\/\/www.garciavarona.com\/tienda\/"},{"@type":"ListItem","position":3,"name":"Base pilar de piedra arenisca"}]},{"@type":"WebSite","@id":"https:\/\/www.garciavarona.com\/en\/#website","url":"https:\/\/www.garciavarona.com\/en\/","name":"Maderas Garcia Varona","description":"Fabrica y Aserradero de Madera. Expertos en Madera","publisher":{"@id":"https:\/\/www.garciavarona.com\/en\/#organization"},"potentialAction":[{"@type":"SearchAction","target":{"@type":"EntryPoint","urlTemplate":"https:\/\/www.garciavarona.com\/en\/?s={search_term_string}"},"query-input":{"@type":"PropertyValueSpecification","valueRequired":true,"valueName":"search_term_string"}}],"inLanguage":"en-US"},{"@type":"Organization","@id":"https:\/\/www.garciavarona.com\/en\/#organization","name":"Maderas Garcia Varona","url":"https:\/\/www.garciavarona.com\/en\/","logo":{"@type":"ImageObject","inLanguage":"en-US","@id":"https:\/\/www.garciavarona.com\/en\/#\/schema\/logo\/image\/","url":"https:\/\/www.garciavarona.com\/wp-content\/uploads\/2022\/06\/logoGarciaVarona.svg","contentUrl":"https:\/\/www.garciavarona.com\/wp-content\/uploads\/2022\/06\/logoGarciaVarona.svg","width":1020,"height":200,"caption":"Maderas Garcia Varona"},"image":{"@id":"https:\/\/www.garciavarona.com\/en\/#\/schema\/logo\/image\/"},"sameAs":["https:\/\/www.facebook.com\/maderasgarciavaronagrupo","https:\/\/x.com\/maderasvaronars","https:\/\/www.instagram.com\/maderasgarciavarona\/","https:\/\/www.linkedin.com\/company\/maderas-garcia-varona\/","https:\/\/www.youtube.com\/channel\/UCGUEME06N_h66pB2coJC83w\/featured"]}]}},"_links":{"self":[{"href":"https:\/\/www.garciavarona.com\/en\/wp-json\/wp\/v2\/product\/19317","targetHints":{"allow":["GET"]}}],"collection":[{"href":"https:\/\/www.garciavarona.com\/en\/wp-json\/wp\/v2\/product"}],"about":[{"href":"https:\/\/www.garciavarona.com\/en\/wp-json\/wp\/v2\/types\/product"}],"version-history":[{"count":3,"href":"https:\/\/www.garciavarona.com\/en\/wp-json\/wp\/v2\/product\/19317\/revisions"}],"predecessor-version":[{"id":19334,"href":"https:\/\/www.garciavarona.com\/en\/wp-json\/wp\/v2\/product\/19317\/revisions\/19334"}],"wp:featuredmedia":[{"embeddable":true,"href":"https:\/\/www.garciavarona.com\/en\/wp-json\/wp\/v2\/media\/19320"}],"wp:attachment":[{"href":"https:\/\/www.garciavarona.com\/en\/wp-json\/wp\/v2\/media?parent=19317"}],"wp:term":[{"taxonomy":"product_brand","embeddable":true,"href":"https:\/\/www.garciavarona.com\/en\/wp-json\/wp\/v2\/product_brand?post=19317"},{"taxonomy":"product_cat","embeddable":true,"href":"https:\/\/www.garciavarona.com\/en\/wp-json\/wp\/v2\/product_cat?post=19317"},{"taxonomy":"product_tag","embeddable":true,"href":"https:\/\/www.garciavarona.com\/en\/wp-json\/wp\/v2\/product_tag?post=19317"}],"curies":[{"name":"wp","href":"https:\/\/api.w.org\/{rel}","templated":true}]}}