{"id":19330,"date":"2023-02-15T13:30:05","date_gmt":"2023-02-15T13:30:05","guid":{"rendered":"https:\/\/www.garciavarona.com\/?post_type=product&#038;p=19330"},"modified":"2025-03-06T09:08:47","modified_gmt":"2025-03-06T09:08:47","slug":"base-pilar-de-piedra-arenisca-abujardada","status":"publish","type":"product","link":"https:\/\/www.garciavarona.com\/en\/producto\/base-pilar-de-piedra-arenisca-abujardada\/","title":{"rendered":"Base pilar de piedra arenisca abujardada"},"content":{"rendered":"<h2>Base pilar de piedra arenisca abujardada<\/h2>\n<p>Base pilar de piedra arenisca abujardada veteada para columnas de madera. La basa de piedra arenisca con dibujo es una opci\u00f3n ideal para la instalaci\u00f3n de columnas en porches, cenadores y jardines. Este tipo de base es adecuado para colocar columnas o postes de madera. Puede utilizarse como soporte de pilares de madera.<\/p>\n<p>Es la base de piedra perfecta para el cl\u00e1sico poste de madera. La peana de piedra tiene un aspecto natural adecuado para ser utilizado en su jard\u00edn o casa.\u00a0 Puede utilizarlo en casa como simple soporte de columna o en el exterior como soporte en p\u00e9rgolas de madera o verandas.<\/p>\n<p>La base pilar de arenisca abujardada es un complemento perfecto para tus columnas de madera. Si quieres a\u00f1adir un toque particular a la decoraci\u00f3n de cualquier porche, cenador o columpio de madera, no dudes en utilizar esta peana de piedra. Es vers\u00e1til en exteriores como patios y jardines.<\/p>\n<p>Medidas:<\/p>\n<p>Alto 400 mm, base inferior 350&#215;350 mm, base superior 250&#215;250 mm.<\/p>\n<p>Alto 300 mm, base inferior 300&#215;300 mm, base superior 200&#215;200 mm.<\/p>\n","protected":false},"excerpt":{"rendered":"<p>Basa de piedra abujardada para postes de madera. Precio por unidad.<\/p>\n","protected":false},"featured_media":19324,"template":"","meta":[],"product_brand":[],"product_cat":[755,790],"product_tag":[2026,2033,2027,2036,2034,2028,2035,2030,2029],"class_list":{"0":"post-19330","1":"product","2":"type-product","3":"status-publish","4":"has-post-thumbnail","6":"product_cat-construccion","7":"product_cat-complementos-de-madera","8":"product_tag-basa","9":"product_tag-basa-abujardada","10":"product_tag-basa-de-piedra","11":"product_tag-basa-de-piedra-abujardada","12":"product_tag-base-abujardada","13":"product_tag-base-de-piedra","14":"product_tag-base-de-piedra-abujardada","15":"product_tag-base-pilar","16":"product_tag-peana","18":"first","19":"instock","20":"taxable","21":"shipping-taxable","22":"purchasable","23":"product-type-variable"},"yoast_head":"<!-- This site is optimized with the Yoast SEO plugin v27.3 - https:\/\/yoast.com\/product\/yoast-seo-wordpress\/ -->\n<title>Base pilar de piedra arenisca abujardada | Maderas Garcia Varona<\/title>\n<meta name=\"description\" content=\"Base pilar de piedra arenisca abujardada. Basa de piedra adecuada para colocar columnas o postes de madera. Peana de piedra arenisca con dibujo.\" \/>\n<meta name=\"robots\" content=\"index, follow, max-snippet:-1, max-image-preview:large, max-video-preview:-1\" \/>\n<link rel=\"canonical\" href=\"https:\/\/www.garciavarona.com\/en\/producto\/base-pilar-de-piedra-arenisca\/\" \/>\n<meta property=\"og:locale\" content=\"en_US\" \/>\n<meta property=\"og:type\" content=\"article\" \/>\n<meta property=\"og:title\" content=\"Base pilar de piedra arenisca abujardada | Maderas Garcia Varona\" \/>\n<meta property=\"og:description\" content=\"Base pilar de piedra arenisca abujardada. Basa de piedra adecuada para colocar columnas o postes de madera. Peana de piedra arenisca con dibujo.\" \/>\n<meta property=\"og:url\" content=\"https:\/\/www.garciavarona.com\/producto\/base-pilar-de-piedra-arenisca\/\" \/>\n<meta property=\"og:site_name\" content=\"Maderas Garcia Varona\" \/>\n<meta property=\"article:publisher\" content=\"https:\/\/www.facebook.com\/maderasgarciavaronagrupo\" \/>\n<meta property=\"article:modified_time\" content=\"2025-03-06T09:08:47+00:00\" \/>\n<meta property=\"og:image\" content=\"https:\/\/www.garciavarona.com\/wp-content\/uploads\/2023\/02\/Base-pilar-de-piedra-arenisca-abujardada-peana-Maderas-Garcia-Varona-2.jpg\" \/>\n\t<meta property=\"og:image:width\" content=\"525\" \/>\n\t<meta property=\"og:image:height\" content=\"525\" \/>\n\t<meta property=\"og:image:type\" content=\"image\/jpeg\" \/>\n<meta name=\"twitter:card\" content=\"summary_large_image\" \/>\n<meta name=\"twitter:site\" content=\"@maderasvaronars\" \/>\n<meta name=\"twitter:label1\" content=\"Est. reading time\" \/>\n\t<meta name=\"twitter:data1\" content=\"1 minute\" \/>\n<script type=\"application\/ld+json\" class=\"yoast-schema-graph\">{\"@context\":\"https:\\\/\\\/schema.org\",\"@graph\":[{\"@type\":[\"WebPage\",\"ItemPage\"],\"@id\":\"https:\\\/\\\/www.garciavarona.com\\\/en\\\/producto\\\/base-pilar-de-piedra-arenisca-abujardada\\\/\",\"url\":\"https:\\\/\\\/www.garciavarona.com\\\/producto\\\/base-pilar-de-piedra-arenisca\\\/\",\"name\":\"Base pilar de piedra arenisca abujardada | Maderas Garcia Varona\",\"isPartOf\":{\"@id\":\"https:\\\/\\\/www.garciavarona.com\\\/en\\\/#website\"},\"primaryImageOfPage\":{\"@id\":\"https:\\\/\\\/www.garciavarona.com\\\/producto\\\/base-pilar-de-piedra-arenisca\\\/#primaryimage\"},\"image\":{\"@id\":\"https:\\\/\\\/www.garciavarona.com\\\/producto\\\/base-pilar-de-piedra-arenisca\\\/#primaryimage\"},\"thumbnailUrl\":\"https:\\\/\\\/www.garciavarona.com\\\/wp-content\\\/uploads\\\/2023\\\/02\\\/Base-pilar-de-piedra-arenisca-abujardada-peana-Maderas-Garcia-Varona-2.jpg\",\"datePublished\":\"2023-02-15T13:30:05+00:00\",\"dateModified\":\"2025-03-06T09:08:47+00:00\",\"description\":\"Base pilar de piedra arenisca abujardada. Basa de piedra adecuada para colocar columnas o postes de madera. Peana de piedra arenisca con dibujo.\",\"breadcrumb\":{\"@id\":\"https:\\\/\\\/www.garciavarona.com\\\/producto\\\/base-pilar-de-piedra-arenisca\\\/#breadcrumb\"},\"inLanguage\":\"en-US\",\"potentialAction\":[{\"@type\":\"ReadAction\",\"target\":[\"https:\\\/\\\/www.garciavarona.com\\\/producto\\\/base-pilar-de-piedra-arenisca\\\/\"]}]},{\"@type\":\"ImageObject\",\"inLanguage\":\"en-US\",\"@id\":\"https:\\\/\\\/www.garciavarona.com\\\/producto\\\/base-pilar-de-piedra-arenisca\\\/#primaryimage\",\"url\":\"https:\\\/\\\/www.garciavarona.com\\\/wp-content\\\/uploads\\\/2023\\\/02\\\/Base-pilar-de-piedra-arenisca-abujardada-peana-Maderas-Garcia-Varona-2.jpg\",\"contentUrl\":\"https:\\\/\\\/www.garciavarona.com\\\/wp-content\\\/uploads\\\/2023\\\/02\\\/Base-pilar-de-piedra-arenisca-abujardada-peana-Maderas-Garcia-Varona-2.jpg\",\"width\":525,\"height\":525,\"caption\":\"Base pilar de piedra arenisca abujardada - peana - Maderas Garcia Varona\"},{\"@type\":\"BreadcrumbList\",\"@id\":\"https:\\\/\\\/www.garciavarona.com\\\/producto\\\/base-pilar-de-piedra-arenisca\\\/#breadcrumb\",\"itemListElement\":[{\"@type\":\"ListItem\",\"position\":1,\"name\":\"Portada\",\"item\":\"https:\\\/\\\/www.garciavarona.com\\\/en\\\/\"},{\"@type\":\"ListItem\",\"position\":2,\"name\":\"Tienda Maderas Garc\u00eda Varona\",\"item\":\"https:\\\/\\\/www.garciavarona.com\\\/tienda\\\/\"},{\"@type\":\"ListItem\",\"position\":3,\"name\":\"Base pilar de piedra arenisca abujardada\"}]},{\"@type\":\"WebSite\",\"@id\":\"https:\\\/\\\/www.garciavarona.com\\\/en\\\/#website\",\"url\":\"https:\\\/\\\/www.garciavarona.com\\\/en\\\/\",\"name\":\"Maderas Garcia Varona\",\"description\":\"Fabrica y Aserradero de Madera. Expertos en Madera\",\"publisher\":{\"@id\":\"https:\\\/\\\/www.garciavarona.com\\\/en\\\/#organization\"},\"potentialAction\":[{\"@type\":\"SearchAction\",\"target\":{\"@type\":\"EntryPoint\",\"urlTemplate\":\"https:\\\/\\\/www.garciavarona.com\\\/en\\\/?s={search_term_string}\"},\"query-input\":{\"@type\":\"PropertyValueSpecification\",\"valueRequired\":true,\"valueName\":\"search_term_string\"}}],\"inLanguage\":\"en-US\"},{\"@type\":\"Organization\",\"@id\":\"https:\\\/\\\/www.garciavarona.com\\\/en\\\/#organization\",\"name\":\"Maderas Garcia Varona\",\"url\":\"https:\\\/\\\/www.garciavarona.com\\\/en\\\/\",\"logo\":{\"@type\":\"ImageObject\",\"inLanguage\":\"en-US\",\"@id\":\"https:\\\/\\\/www.garciavarona.com\\\/en\\\/#\\\/schema\\\/logo\\\/image\\\/\",\"url\":\"https:\\\/\\\/www.garciavarona.com\\\/wp-content\\\/uploads\\\/2022\\\/06\\\/logoGarciaVarona.svg\",\"contentUrl\":\"https:\\\/\\\/www.garciavarona.com\\\/wp-content\\\/uploads\\\/2022\\\/06\\\/logoGarciaVarona.svg\",\"width\":1020,\"height\":200,\"caption\":\"Maderas Garcia Varona\"},\"image\":{\"@id\":\"https:\\\/\\\/www.garciavarona.com\\\/en\\\/#\\\/schema\\\/logo\\\/image\\\/\"},\"sameAs\":[\"https:\\\/\\\/www.facebook.com\\\/maderasgarciavaronagrupo\",\"https:\\\/\\\/x.com\\\/maderasvaronars\",\"https:\\\/\\\/www.instagram.com\\\/maderasgarciavarona\\\/\",\"https:\\\/\\\/www.linkedin.com\\\/company\\\/maderas-garcia-varona\\\/\",\"https:\\\/\\\/www.youtube.com\\\/channel\\\/UCGUEME06N_h66pB2coJC83w\\\/featured\"]}]}<\/script>\n<!-- \/ Yoast SEO plugin. -->","yoast_head_json":{"title":"Base pilar de piedra arenisca abujardada | Maderas Garcia Varona","description":"Base pilar de piedra arenisca abujardada. Basa de piedra adecuada para colocar columnas o postes de madera. Peana de piedra arenisca con dibujo.","robots":{"index":"index","follow":"follow","max-snippet":"max-snippet:-1","max-image-preview":"max-image-preview:large","max-video-preview":"max-video-preview:-1"},"canonical":"https:\/\/www.garciavarona.com\/en\/producto\/base-pilar-de-piedra-arenisca\/","og_locale":"en_US","og_type":"article","og_title":"Base pilar de piedra arenisca abujardada | Maderas Garcia Varona","og_description":"Base pilar de piedra arenisca abujardada. Basa de piedra adecuada para colocar columnas o postes de madera. Peana de piedra arenisca con dibujo.","og_url":"https:\/\/www.garciavarona.com\/producto\/base-pilar-de-piedra-arenisca\/","og_site_name":"Maderas Garcia Varona","article_publisher":"https:\/\/www.facebook.com\/maderasgarciavaronagrupo","article_modified_time":"2025-03-06T09:08:47+00:00","og_image":[{"width":525,"height":525,"url":"https:\/\/www.garciavarona.com\/wp-content\/uploads\/2023\/02\/Base-pilar-de-piedra-arenisca-abujardada-peana-Maderas-Garcia-Varona-2.jpg","type":"image\/jpeg"}],"twitter_card":"summary_large_image","twitter_site":"@maderasvaronars","twitter_misc":{"Est. reading time":"1 minute"},"schema":{"@context":"https:\/\/schema.org","@graph":[{"@type":["WebPage","ItemPage"],"@id":"https:\/\/www.garciavarona.com\/en\/producto\/base-pilar-de-piedra-arenisca-abujardada\/","url":"https:\/\/www.garciavarona.com\/producto\/base-pilar-de-piedra-arenisca\/","name":"Base pilar de piedra arenisca abujardada | Maderas Garcia Varona","isPartOf":{"@id":"https:\/\/www.garciavarona.com\/en\/#website"},"primaryImageOfPage":{"@id":"https:\/\/www.garciavarona.com\/producto\/base-pilar-de-piedra-arenisca\/#primaryimage"},"image":{"@id":"https:\/\/www.garciavarona.com\/producto\/base-pilar-de-piedra-arenisca\/#primaryimage"},"thumbnailUrl":"https:\/\/www.garciavarona.com\/wp-content\/uploads\/2023\/02\/Base-pilar-de-piedra-arenisca-abujardada-peana-Maderas-Garcia-Varona-2.jpg","datePublished":"2023-02-15T13:30:05+00:00","dateModified":"2025-03-06T09:08:47+00:00","description":"Base pilar de piedra arenisca abujardada. Basa de piedra adecuada para colocar columnas o postes de madera. Peana de piedra arenisca con dibujo.","breadcrumb":{"@id":"https:\/\/www.garciavarona.com\/producto\/base-pilar-de-piedra-arenisca\/#breadcrumb"},"inLanguage":"en-US","potentialAction":[{"@type":"ReadAction","target":["https:\/\/www.garciavarona.com\/producto\/base-pilar-de-piedra-arenisca\/"]}]},{"@type":"ImageObject","inLanguage":"en-US","@id":"https:\/\/www.garciavarona.com\/producto\/base-pilar-de-piedra-arenisca\/#primaryimage","url":"https:\/\/www.garciavarona.com\/wp-content\/uploads\/2023\/02\/Base-pilar-de-piedra-arenisca-abujardada-peana-Maderas-Garcia-Varona-2.jpg","contentUrl":"https:\/\/www.garciavarona.com\/wp-content\/uploads\/2023\/02\/Base-pilar-de-piedra-arenisca-abujardada-peana-Maderas-Garcia-Varona-2.jpg","width":525,"height":525,"caption":"Base pilar de piedra arenisca abujardada - peana - Maderas Garcia Varona"},{"@type":"BreadcrumbList","@id":"https:\/\/www.garciavarona.com\/producto\/base-pilar-de-piedra-arenisca\/#breadcrumb","itemListElement":[{"@type":"ListItem","position":1,"name":"Portada","item":"https:\/\/www.garciavarona.com\/en\/"},{"@type":"ListItem","position":2,"name":"Tienda Maderas Garc\u00eda Varona","item":"https:\/\/www.garciavarona.com\/tienda\/"},{"@type":"ListItem","position":3,"name":"Base pilar de piedra arenisca abujardada"}]},{"@type":"WebSite","@id":"https:\/\/www.garciavarona.com\/en\/#website","url":"https:\/\/www.garciavarona.com\/en\/","name":"Maderas Garcia Varona","description":"Fabrica y Aserradero de Madera. Expertos en Madera","publisher":{"@id":"https:\/\/www.garciavarona.com\/en\/#organization"},"potentialAction":[{"@type":"SearchAction","target":{"@type":"EntryPoint","urlTemplate":"https:\/\/www.garciavarona.com\/en\/?s={search_term_string}"},"query-input":{"@type":"PropertyValueSpecification","valueRequired":true,"valueName":"search_term_string"}}],"inLanguage":"en-US"},{"@type":"Organization","@id":"https:\/\/www.garciavarona.com\/en\/#organization","name":"Maderas Garcia Varona","url":"https:\/\/www.garciavarona.com\/en\/","logo":{"@type":"ImageObject","inLanguage":"en-US","@id":"https:\/\/www.garciavarona.com\/en\/#\/schema\/logo\/image\/","url":"https:\/\/www.garciavarona.com\/wp-content\/uploads\/2022\/06\/logoGarciaVarona.svg","contentUrl":"https:\/\/www.garciavarona.com\/wp-content\/uploads\/2022\/06\/logoGarciaVarona.svg","width":1020,"height":200,"caption":"Maderas Garcia Varona"},"image":{"@id":"https:\/\/www.garciavarona.com\/en\/#\/schema\/logo\/image\/"},"sameAs":["https:\/\/www.facebook.com\/maderasgarciavaronagrupo","https:\/\/x.com\/maderasvaronars","https:\/\/www.instagram.com\/maderasgarciavarona\/","https:\/\/www.linkedin.com\/company\/maderas-garcia-varona\/","https:\/\/www.youtube.com\/channel\/UCGUEME06N_h66pB2coJC83w\/featured"]}]}},"_links":{"self":[{"href":"https:\/\/www.garciavarona.com\/en\/wp-json\/wp\/v2\/product\/19330","targetHints":{"allow":["GET"]}}],"collection":[{"href":"https:\/\/www.garciavarona.com\/en\/wp-json\/wp\/v2\/product"}],"about":[{"href":"https:\/\/www.garciavarona.com\/en\/wp-json\/wp\/v2\/types\/product"}],"version-history":[{"count":2,"href":"https:\/\/www.garciavarona.com\/en\/wp-json\/wp\/v2\/product\/19330\/revisions"}],"predecessor-version":[{"id":19335,"href":"https:\/\/www.garciavarona.com\/en\/wp-json\/wp\/v2\/product\/19330\/revisions\/19335"}],"wp:featuredmedia":[{"embeddable":true,"href":"https:\/\/www.garciavarona.com\/en\/wp-json\/wp\/v2\/media\/19324"}],"wp:attachment":[{"href":"https:\/\/www.garciavarona.com\/en\/wp-json\/wp\/v2\/media?parent=19330"}],"wp:term":[{"taxonomy":"product_brand","embeddable":true,"href":"https:\/\/www.garciavarona.com\/en\/wp-json\/wp\/v2\/product_brand?post=19330"},{"taxonomy":"product_cat","embeddable":true,"href":"https:\/\/www.garciavarona.com\/en\/wp-json\/wp\/v2\/product_cat?post=19330"},{"taxonomy":"product_tag","embeddable":true,"href":"https:\/\/www.garciavarona.com\/en\/wp-json\/wp\/v2\/product_tag?post=19330"}],"curies":[{"name":"wp","href":"https:\/\/api.w.org\/{rel}","templated":true}]}}