{"id":19534,"date":"2023-03-09T11:58:33","date_gmt":"2023-03-09T11:58:33","guid":{"rendered":"https:\/\/www.garciavarona.com\/?post_type=product&#038;p=19534"},"modified":"2026-03-18T13:33:01","modified_gmt":"2026-03-18T12:33:01","slug":"lamparquet-de-roble-macizo","status":"publish","type":"product","link":"https:\/\/www.garciavarona.com\/en\/producto\/lamparquet-de-roble-macizo\/","title":{"rendered":"Lamparquet de roble macizo"},"content":{"rendered":"<h2>Lamparquet de roble macizo, parquet industrial<\/h2>\n<p><strong>Lamparquet<\/strong> de roble macizo. Tablilla de roble macizo para colocar en suelos o paredes. <strong>Parquet industrial<\/strong> de roble cepillado. <strong>Parquet de damas<\/strong>, dameros, <strong>parquet mosaico<\/strong> o <strong>parquet taraceado<\/strong>. Tratamiento Autoclave CU3 incluido. Madera natural sin acabado.<\/p>\n<p>Tablas de madera de roble 100% en peque\u00f1o formato. Pavimento de madera formado por tablillas de roble macizo. Piezas de 10x50x250 mm. Paquete de 100 tablillas. 1,25 metros cuadrados por paquete. Instalaci\u00f3n encolada al soporte. Puede colocarse en paredes y suelos formando distintos dibujos.<\/p>\n<p>El lamparquet es un parquet que se puede colocar en distintas posiciones seg\u00fan el efecto deseado. Las formas de instalar el lamparquet m\u00e1s habituales son <strong>parquet espiga<\/strong>, parquet de damas tambi\u00e9n llamado paquet taraceado o parquet mosaico. Tambi\u00e9n puede colocarse en vertical, denominado paquet industrial. C\u00f3modo y f\u00e1cil de instalar con pegamentos espec\u00edficos. Puedes encontrar <a href=\"https:\/\/www.garciavarona.com\/parquet-de-damas-parquet-mosaico-o-parquet-taraceado\/\" target=\"_blank\" rel=\"noopener\">m\u00e1s informaci\u00f3n es este post<\/a>.<\/p>\n<p>Madera maciza de roble ideal para decorar el hogar y crear ambientes acogedores. Puede actuar como elemento decorativo en cualquier espacio. El\u00a0 color natural de la madera de roble es perfecto para un estilo cl\u00e1sico y tambi\u00e9n moderno. Madera natural sin acabado. Puede aplicarse barniz, lasur o aceitado seg\u00fan el estilo de decoraci\u00f3n preferido.<\/p>\n<p>Precio por paquete de 100 unidades.<\/p>\n","protected":false},"excerpt":{"rendered":"<p>Tablilla de roble macizo para colocar en suelos o paredes. Parquet industrial. Parquet de damas. Precio por paquete de 100 unidades, 1,25 m2 por paquete.<\/p>\n","protected":false},"featured_media":19535,"template":"","meta":[],"product_brand":[],"product_cat":[758,800],"product_tag":[2048,1146,2049,1240,2047,2052,2051,2050,1122],"class_list":{"0":"post-19534","1":"product","2":"type-product","3":"status-publish","4":"has-post-thumbnail","6":"product_cat-tarima-madera-interior","7":"product_cat-suelos","8":"product_tag-damero","9":"product_tag-parquet","10":"product_tag-parquet-dama","11":"product_tag-parquet-de-roble","12":"product_tag-parquet-industrial","13":"product_tag-tablilla-de-madera","14":"product_tag-tablilla-de-roble","15":"product_tag-tarima","16":"product_tag-tarima-de-roble","17":"pa_ancho-50-mm","18":"pa_calidad-nature","19":"pa_calidad-rustico","20":"pa_grueso-10-mm","21":"pa_largo-250-mm","23":"first","24":"instock","25":"taxable","26":"shipping-taxable","27":"purchasable","28":"product-type-variable","29":"has-default-attributes"},"yoast_head":"<!-- This site is optimized with the Yoast SEO plugin v27.3 - https:\/\/yoast.com\/product\/yoast-seo-wordpress\/ -->\n<title>Lamparquet de roble macizo | Maderas Garcia Varona<\/title>\n<meta name=\"description\" content=\"Lamparquet de roble macizo. Tabla canteada de roble macizo para colocar en suelos o paredes. Parquet industrial. Damero, parquet dama. Tablilla de madera.\" \/>\n<meta name=\"robots\" content=\"index, follow, max-snippet:-1, max-image-preview:large, max-video-preview:-1\" \/>\n<link rel=\"canonical\" href=\"https:\/\/www.garciavarona.com\/en\/producto\/lamparquet-de-roble-macizo\/\" \/>\n<meta property=\"og:locale\" content=\"en_US\" \/>\n<meta property=\"og:type\" content=\"article\" \/>\n<meta property=\"og:title\" content=\"Lamparquet de roble macizo | Maderas Garcia Varona\" \/>\n<meta property=\"og:description\" content=\"Lamparquet de roble macizo. Tabla canteada de roble macizo para colocar en suelos o paredes. Parquet industrial. Damero, parquet dama. Tablilla de madera.\" \/>\n<meta property=\"og:url\" content=\"https:\/\/www.garciavarona.com\/en\/producto\/lamparquet-de-roble-macizo\/\" \/>\n<meta property=\"og:site_name\" content=\"Maderas Garcia Varona\" \/>\n<meta property=\"article:publisher\" content=\"https:\/\/www.facebook.com\/maderasgarciavaronagrupo\" \/>\n<meta property=\"article:modified_time\" content=\"2026-03-18T12:33:01+00:00\" \/>\n<meta property=\"og:image\" content=\"https:\/\/www.garciavarona.com\/wp-content\/uploads\/2023\/03\/Lamparquet-de-roble-damero-dama-parquet-industrial-Maderas-Garcia-Varona-123156.jpg\" \/>\n\t<meta property=\"og:image:width\" content=\"525\" \/>\n\t<meta property=\"og:image:height\" content=\"525\" \/>\n\t<meta property=\"og:image:type\" content=\"image\/jpeg\" \/>\n<meta name=\"twitter:card\" content=\"summary_large_image\" \/>\n<meta name=\"twitter:site\" content=\"@maderasvaronars\" \/>\n<meta name=\"twitter:label1\" content=\"Est. reading time\" \/>\n\t<meta name=\"twitter:data1\" content=\"2 minutes\" \/>\n<script type=\"application\/ld+json\" class=\"yoast-schema-graph\">{\"@context\":\"https:\\\/\\\/schema.org\",\"@graph\":[{\"@type\":[\"WebPage\",\"ItemPage\"],\"@id\":\"https:\\\/\\\/www.garciavarona.com\\\/en\\\/producto\\\/lamparquet-de-roble-macizo\\\/\",\"url\":\"https:\\\/\\\/www.garciavarona.com\\\/en\\\/producto\\\/lamparquet-de-roble-macizo\\\/\",\"name\":\"Lamparquet de roble macizo | Maderas Garcia Varona\",\"isPartOf\":{\"@id\":\"https:\\\/\\\/www.garciavarona.com\\\/en\\\/#website\"},\"primaryImageOfPage\":{\"@id\":\"https:\\\/\\\/www.garciavarona.com\\\/en\\\/producto\\\/lamparquet-de-roble-macizo\\\/#primaryimage\"},\"image\":{\"@id\":\"https:\\\/\\\/www.garciavarona.com\\\/en\\\/producto\\\/lamparquet-de-roble-macizo\\\/#primaryimage\"},\"thumbnailUrl\":\"https:\\\/\\\/www.garciavarona.com\\\/wp-content\\\/uploads\\\/2023\\\/03\\\/Lamparquet-de-roble-damero-dama-parquet-industrial-Maderas-Garcia-Varona-123156.jpg\",\"datePublished\":\"2023-03-09T11:58:33+00:00\",\"dateModified\":\"2026-03-18T12:33:01+00:00\",\"description\":\"Lamparquet de roble macizo. Tabla canteada de roble macizo para colocar en suelos o paredes. Parquet industrial. Damero, parquet dama. Tablilla de madera.\",\"breadcrumb\":{\"@id\":\"https:\\\/\\\/www.garciavarona.com\\\/en\\\/producto\\\/lamparquet-de-roble-macizo\\\/#breadcrumb\"},\"inLanguage\":\"en-US\",\"potentialAction\":[{\"@type\":\"ReadAction\",\"target\":[\"https:\\\/\\\/www.garciavarona.com\\\/en\\\/producto\\\/lamparquet-de-roble-macizo\\\/\"]}]},{\"@type\":\"ImageObject\",\"inLanguage\":\"en-US\",\"@id\":\"https:\\\/\\\/www.garciavarona.com\\\/en\\\/producto\\\/lamparquet-de-roble-macizo\\\/#primaryimage\",\"url\":\"https:\\\/\\\/www.garciavarona.com\\\/wp-content\\\/uploads\\\/2023\\\/03\\\/Lamparquet-de-roble-damero-dama-parquet-industrial-Maderas-Garcia-Varona-123156.jpg\",\"contentUrl\":\"https:\\\/\\\/www.garciavarona.com\\\/wp-content\\\/uploads\\\/2023\\\/03\\\/Lamparquet-de-roble-damero-dama-parquet-industrial-Maderas-Garcia-Varona-123156.jpg\",\"width\":525,\"height\":525,\"caption\":\"Lamparquet de roble damero dama parquet industrial - Maderas Garcia Varona\"},{\"@type\":\"BreadcrumbList\",\"@id\":\"https:\\\/\\\/www.garciavarona.com\\\/en\\\/producto\\\/lamparquet-de-roble-macizo\\\/#breadcrumb\",\"itemListElement\":[{\"@type\":\"ListItem\",\"position\":1,\"name\":\"Portada\",\"item\":\"https:\\\/\\\/www.garciavarona.com\\\/en\\\/\"},{\"@type\":\"ListItem\",\"position\":2,\"name\":\"Tienda Maderas Garc\u00eda Varona\",\"item\":\"https:\\\/\\\/www.garciavarona.com\\\/tienda\\\/\"},{\"@type\":\"ListItem\",\"position\":3,\"name\":\"Lamparquet de roble macizo\"}]},{\"@type\":\"WebSite\",\"@id\":\"https:\\\/\\\/www.garciavarona.com\\\/en\\\/#website\",\"url\":\"https:\\\/\\\/www.garciavarona.com\\\/en\\\/\",\"name\":\"Maderas Garcia Varona\",\"description\":\"Fabrica y Aserradero de Madera. Expertos en Madera\",\"publisher\":{\"@id\":\"https:\\\/\\\/www.garciavarona.com\\\/en\\\/#organization\"},\"potentialAction\":[{\"@type\":\"SearchAction\",\"target\":{\"@type\":\"EntryPoint\",\"urlTemplate\":\"https:\\\/\\\/www.garciavarona.com\\\/en\\\/?s={search_term_string}\"},\"query-input\":{\"@type\":\"PropertyValueSpecification\",\"valueRequired\":true,\"valueName\":\"search_term_string\"}}],\"inLanguage\":\"en-US\"},{\"@type\":\"Organization\",\"@id\":\"https:\\\/\\\/www.garciavarona.com\\\/en\\\/#organization\",\"name\":\"Maderas Garcia Varona\",\"url\":\"https:\\\/\\\/www.garciavarona.com\\\/en\\\/\",\"logo\":{\"@type\":\"ImageObject\",\"inLanguage\":\"en-US\",\"@id\":\"https:\\\/\\\/www.garciavarona.com\\\/en\\\/#\\\/schema\\\/logo\\\/image\\\/\",\"url\":\"https:\\\/\\\/www.garciavarona.com\\\/wp-content\\\/uploads\\\/2022\\\/06\\\/logoGarciaVarona.svg\",\"contentUrl\":\"https:\\\/\\\/www.garciavarona.com\\\/wp-content\\\/uploads\\\/2022\\\/06\\\/logoGarciaVarona.svg\",\"width\":1020,\"height\":200,\"caption\":\"Maderas Garcia Varona\"},\"image\":{\"@id\":\"https:\\\/\\\/www.garciavarona.com\\\/en\\\/#\\\/schema\\\/logo\\\/image\\\/\"},\"sameAs\":[\"https:\\\/\\\/www.facebook.com\\\/maderasgarciavaronagrupo\",\"https:\\\/\\\/x.com\\\/maderasvaronars\",\"https:\\\/\\\/www.instagram.com\\\/maderasgarciavarona\\\/\",\"https:\\\/\\\/www.linkedin.com\\\/company\\\/maderas-garcia-varona\\\/\",\"https:\\\/\\\/www.youtube.com\\\/channel\\\/UCGUEME06N_h66pB2coJC83w\\\/featured\"]}]}<\/script>\n<!-- \/ Yoast SEO plugin. -->","yoast_head_json":{"title":"Lamparquet de roble macizo | Maderas Garcia Varona","description":"Lamparquet de roble macizo. Tabla canteada de roble macizo para colocar en suelos o paredes. Parquet industrial. Damero, parquet dama. Tablilla de madera.","robots":{"index":"index","follow":"follow","max-snippet":"max-snippet:-1","max-image-preview":"max-image-preview:large","max-video-preview":"max-video-preview:-1"},"canonical":"https:\/\/www.garciavarona.com\/en\/producto\/lamparquet-de-roble-macizo\/","og_locale":"en_US","og_type":"article","og_title":"Lamparquet de roble macizo | Maderas Garcia Varona","og_description":"Lamparquet de roble macizo. Tabla canteada de roble macizo para colocar en suelos o paredes. Parquet industrial. Damero, parquet dama. Tablilla de madera.","og_url":"https:\/\/www.garciavarona.com\/en\/producto\/lamparquet-de-roble-macizo\/","og_site_name":"Maderas Garcia Varona","article_publisher":"https:\/\/www.facebook.com\/maderasgarciavaronagrupo","article_modified_time":"2026-03-18T12:33:01+00:00","og_image":[{"width":525,"height":525,"url":"https:\/\/www.garciavarona.com\/wp-content\/uploads\/2023\/03\/Lamparquet-de-roble-damero-dama-parquet-industrial-Maderas-Garcia-Varona-123156.jpg","type":"image\/jpeg"}],"twitter_card":"summary_large_image","twitter_site":"@maderasvaronars","twitter_misc":{"Est. reading time":"2 minutes"},"schema":{"@context":"https:\/\/schema.org","@graph":[{"@type":["WebPage","ItemPage"],"@id":"https:\/\/www.garciavarona.com\/en\/producto\/lamparquet-de-roble-macizo\/","url":"https:\/\/www.garciavarona.com\/en\/producto\/lamparquet-de-roble-macizo\/","name":"Lamparquet de roble macizo | Maderas Garcia Varona","isPartOf":{"@id":"https:\/\/www.garciavarona.com\/en\/#website"},"primaryImageOfPage":{"@id":"https:\/\/www.garciavarona.com\/en\/producto\/lamparquet-de-roble-macizo\/#primaryimage"},"image":{"@id":"https:\/\/www.garciavarona.com\/en\/producto\/lamparquet-de-roble-macizo\/#primaryimage"},"thumbnailUrl":"https:\/\/www.garciavarona.com\/wp-content\/uploads\/2023\/03\/Lamparquet-de-roble-damero-dama-parquet-industrial-Maderas-Garcia-Varona-123156.jpg","datePublished":"2023-03-09T11:58:33+00:00","dateModified":"2026-03-18T12:33:01+00:00","description":"Lamparquet de roble macizo. Tabla canteada de roble macizo para colocar en suelos o paredes. Parquet industrial. Damero, parquet dama. Tablilla de madera.","breadcrumb":{"@id":"https:\/\/www.garciavarona.com\/en\/producto\/lamparquet-de-roble-macizo\/#breadcrumb"},"inLanguage":"en-US","potentialAction":[{"@type":"ReadAction","target":["https:\/\/www.garciavarona.com\/en\/producto\/lamparquet-de-roble-macizo\/"]}]},{"@type":"ImageObject","inLanguage":"en-US","@id":"https:\/\/www.garciavarona.com\/en\/producto\/lamparquet-de-roble-macizo\/#primaryimage","url":"https:\/\/www.garciavarona.com\/wp-content\/uploads\/2023\/03\/Lamparquet-de-roble-damero-dama-parquet-industrial-Maderas-Garcia-Varona-123156.jpg","contentUrl":"https:\/\/www.garciavarona.com\/wp-content\/uploads\/2023\/03\/Lamparquet-de-roble-damero-dama-parquet-industrial-Maderas-Garcia-Varona-123156.jpg","width":525,"height":525,"caption":"Lamparquet de roble damero dama parquet industrial - Maderas Garcia Varona"},{"@type":"BreadcrumbList","@id":"https:\/\/www.garciavarona.com\/en\/producto\/lamparquet-de-roble-macizo\/#breadcrumb","itemListElement":[{"@type":"ListItem","position":1,"name":"Portada","item":"https:\/\/www.garciavarona.com\/en\/"},{"@type":"ListItem","position":2,"name":"Tienda Maderas Garc\u00eda Varona","item":"https:\/\/www.garciavarona.com\/tienda\/"},{"@type":"ListItem","position":3,"name":"Lamparquet de roble macizo"}]},{"@type":"WebSite","@id":"https:\/\/www.garciavarona.com\/en\/#website","url":"https:\/\/www.garciavarona.com\/en\/","name":"Maderas Garcia Varona","description":"Fabrica y Aserradero de Madera. Expertos en Madera","publisher":{"@id":"https:\/\/www.garciavarona.com\/en\/#organization"},"potentialAction":[{"@type":"SearchAction","target":{"@type":"EntryPoint","urlTemplate":"https:\/\/www.garciavarona.com\/en\/?s={search_term_string}"},"query-input":{"@type":"PropertyValueSpecification","valueRequired":true,"valueName":"search_term_string"}}],"inLanguage":"en-US"},{"@type":"Organization","@id":"https:\/\/www.garciavarona.com\/en\/#organization","name":"Maderas Garcia Varona","url":"https:\/\/www.garciavarona.com\/en\/","logo":{"@type":"ImageObject","inLanguage":"en-US","@id":"https:\/\/www.garciavarona.com\/en\/#\/schema\/logo\/image\/","url":"https:\/\/www.garciavarona.com\/wp-content\/uploads\/2022\/06\/logoGarciaVarona.svg","contentUrl":"https:\/\/www.garciavarona.com\/wp-content\/uploads\/2022\/06\/logoGarciaVarona.svg","width":1020,"height":200,"caption":"Maderas Garcia Varona"},"image":{"@id":"https:\/\/www.garciavarona.com\/en\/#\/schema\/logo\/image\/"},"sameAs":["https:\/\/www.facebook.com\/maderasgarciavaronagrupo","https:\/\/x.com\/maderasvaronars","https:\/\/www.instagram.com\/maderasgarciavarona\/","https:\/\/www.linkedin.com\/company\/maderas-garcia-varona\/","https:\/\/www.youtube.com\/channel\/UCGUEME06N_h66pB2coJC83w\/featured"]}]}},"_links":{"self":[{"href":"https:\/\/www.garciavarona.com\/en\/wp-json\/wp\/v2\/product\/19534","targetHints":{"allow":["GET"]}}],"collection":[{"href":"https:\/\/www.garciavarona.com\/en\/wp-json\/wp\/v2\/product"}],"about":[{"href":"https:\/\/www.garciavarona.com\/en\/wp-json\/wp\/v2\/types\/product"}],"version-history":[{"count":6,"href":"https:\/\/www.garciavarona.com\/en\/wp-json\/wp\/v2\/product\/19534\/revisions"}],"predecessor-version":[{"id":19592,"href":"https:\/\/www.garciavarona.com\/en\/wp-json\/wp\/v2\/product\/19534\/revisions\/19592"}],"wp:featuredmedia":[{"embeddable":true,"href":"https:\/\/www.garciavarona.com\/en\/wp-json\/wp\/v2\/media\/19535"}],"wp:attachment":[{"href":"https:\/\/www.garciavarona.com\/en\/wp-json\/wp\/v2\/media?parent=19534"}],"wp:term":[{"taxonomy":"product_brand","embeddable":true,"href":"https:\/\/www.garciavarona.com\/en\/wp-json\/wp\/v2\/product_brand?post=19534"},{"taxonomy":"product_cat","embeddable":true,"href":"https:\/\/www.garciavarona.com\/en\/wp-json\/wp\/v2\/product_cat?post=19534"},{"taxonomy":"product_tag","embeddable":true,"href":"https:\/\/www.garciavarona.com\/en\/wp-json\/wp\/v2\/product_tag?post=19534"}],"curies":[{"name":"wp","href":"https:\/\/api.w.org\/{rel}","templated":true}]}}