{"id":19594,"date":"2024-06-27T09:00:02","date_gmt":"2024-06-27T09:00:02","guid":{"rendered":"https:\/\/www.garciavarona.com\/?post_type=product&#038;p=19594"},"modified":"2025-09-01T12:33:04","modified_gmt":"2025-09-01T10:33:04","slug":"tablero-de-roble-macizo-finger-joint","status":"publish","type":"product","link":"https:\/\/www.garciavarona.com\/en\/producto\/tablero-de-roble-macizo-finger-joint\/","title":{"rendered":"Tablero de roble macizo finger joint"},"content":{"rendered":"<h2>Tablero de roble macizo finger joint &#8211; Alta estabilidad y durabilidad<\/h2>\n<p>Descubre nuestro tablero de roble macizo con uni\u00f3n finger joint y tratamiento autoclave CU3 incluido. Se trata de un tablero alistonado formado por tablas de roble unidas utilizando un sistema de uni\u00f3n dentada y encolada de los listones de madera. As\u00ed se consigue un producto con alta estabilidad a tensiones internas. La uni\u00f3n finger joint permite aprovechar trozos de madera de distintas calidades para conseguir un tablero de madera con una calidad homog\u00e9nea y mayor resistencia.<\/p>\n<p>Nuestro tablero alistonado finger joint es irregular en cabeza (seg\u00fan el largo de los listones), como se puede ver en las fotos, y est\u00e1 sin cepillar. No est\u00e1 escuadrado. Lo recomendamos para uso profesional.<\/p>\n<p>Los tableros alistonados finger joint pueden utilizarse como cualquier tablero de madera completamente maciza. Pero al tener una mayor estabilidad dimensional, su utilizaci\u00f3n en la producci\u00f3n de muebles y pasos de escalera es mayor. En conclusi\u00f3n, este tablero ensamblado con el sistema finger joint es perfecto para una amplia variedad de usos, desde la fabricaci\u00f3n de muebles hasta proyectos de carpinter\u00eda y construcci\u00f3n.<\/p>\n<h4>Caracter\u00edsticas del tablero de roble macizo con uni\u00f3n finger joint:<\/h4>\n<ul>\n<li><strong>Material:<\/strong> madera de roble<\/li>\n<li><strong>Sistema de uni\u00f3n:<\/strong> Uni\u00f3n finger joint (uni\u00f3n dentada y encolada)<\/li>\n<li><strong>Tratamiento:<\/strong> Autoclave CU3 para mayor protecci\u00f3n y durabilidad<\/li>\n<li><strong>Acabado<\/strong>: Cabeza irregular, sin cepillar, sin acabado<\/li>\n<li><strong>Calidad AB:<\/strong> Nudo m\u00e1ximo 10 mm, sin grietas, sin mucha variaci\u00f3n de color, albura sana admisible como m\u00e1ximo 15-20% de la superficie, sin tabaco (color marr\u00f3n)<\/li>\n<li><strong>Calidad Declass\u00e9:<\/strong> Se admiten todas las singularidades posibles sin limitaci\u00f3n de tama\u00f1o o cantidad siempre que no disminuyan la resistencia del tablero<\/li>\n<\/ul>\n<p>Gracias a la uni\u00f3n finger joint, cada tablero presenta una excelente estabilidad estructural, evitando deformaciones y garantizando un rendimiento \u00f3ptimo incluso en condiciones exigentes.<\/p>\n<h4><strong>Ventajas del tablero de roble macizo con uni\u00f3n finger joint:<\/strong><\/h4>\n<ul>\n<li><strong>Estabilidad superior:<\/strong> La uni\u00f3n finger joint proporciona una resistencia excepcional a las tensiones internas, evitando deformaciones y grietas.<\/li>\n<li><strong>Durabilidad aumentada:<\/strong> El tratamiento autoclave CU3 ofrece una protecci\u00f3n adicional contra los factores ambientales, prolongando la vida \u00fatil del tablero.<\/li>\n<li><strong>Aspecto natural:<\/strong> La belleza natural del roble aporta un toque r\u00fastico y aut\u00e9ntico a tus proyectos.<\/li>\n<\/ul>\n<h4>Usos recomendados:<\/h4>\n<ul>\n<li>Fabricaci\u00f3n de muebles de alta calidad.<\/li>\n<li>Encimeras y superficies de trabajo<\/li>\n<li>Proyectos de carpinter\u00eda y ebanister\u00eda<\/li>\n<li>Elementos estructurales y decorativos<\/li>\n<li>Revestimiento de pasos de escalera o pelda\u00f1os.<\/li>\n<\/ul>\n<p>Compra ahora tu tablero de roble macizo con uni\u00f3n finger joint y aprovecha las ventajas de un producto que combina la belleza natural del roble con la avanzada tecnolog\u00eda de uni\u00f3n finger joint. Este tablero es la elecci\u00f3n perfecta para quienes buscan durabilidad, estabilidad y un acabado natural en sus proyectos.<\/p>\n","protected":false},"excerpt":{"rendered":"<p><strong>Tablero alistonado de roble macizo<\/strong> con uni\u00f3n finger joint y tratamiento CU3. Cabeza irregular. Precio por unidad.<\/p>\n","protected":false},"featured_media":21969,"template":"","meta":[],"product_brand":[],"product_cat":[755,783,784,757],"product_tag":[2182,2062,2063,1306,2059,1307,2061,2183,2060,2181],"class_list":{"0":"post-19594","1":"product","2":"type-product","3":"status-publish","4":"has-post-thumbnail","6":"product_cat-construccion","7":"product_cat-decoracion-outlet","8":"product_cat-tablero-de-madera","9":"product_cat-outlet-de-madera","10":"product_tag-madera-alistonada","11":"product_tag-pasos-de-escalera","12":"product_tag-peldano-de-estalera","13":"product_tag-tablero-alistonado","14":"product_tag-tablero-de-madera","15":"product_tag-tablero-de-roble","16":"product_tag-tablero-de-roble-macizo","17":"product_tag-tablero-encolado","18":"product_tag-tablero-finger","19":"product_tag-union-finger-joint","20":"pa_ancho-300-mm","21":"pa_calidad-ab","22":"pa_calidad-declasse","23":"pa_grueso-27mm","24":"pa_largo-1-000-mm","25":"pa_largo-1200mm","26":"pa_largo-2000mm","27":"pa_largo-2400-mm","29":"first","30":"instock","31":"taxable","32":"shipping-taxable","33":"purchasable","34":"product-type-variable","35":"has-default-attributes"},"yoast_head":"<!-- This site is optimized with the Yoast SEO plugin v27.3 - https:\/\/yoast.com\/product\/yoast-seo-wordpress\/ -->\n<title>Tablero de roble macizo finger joint | Maderas Garcia Varona<\/title>\n<meta name=\"description\" content=\"Tablero alistonado de madera de roble macizo con uni\u00f3n finger y tratamiento CU3. Alta estabilidad, resistencia y durabilidad. Unidades limitadas.\" \/>\n<meta name=\"robots\" content=\"index, follow, max-snippet:-1, max-image-preview:large, max-video-preview:-1\" \/>\n<link rel=\"canonical\" href=\"https:\/\/www.garciavarona.com\/en\/producto\/tablero-de-roble-macizo-finger-joint\/\" \/>\n<meta property=\"og:locale\" content=\"en_US\" \/>\n<meta property=\"og:type\" content=\"article\" \/>\n<meta property=\"og:title\" content=\"Tablero de roble macizo finger joint | Maderas Garcia Varona\" \/>\n<meta property=\"og:description\" content=\"Tablero alistonado de madera de roble macizo con uni\u00f3n finger y tratamiento CU3. Alta estabilidad, resistencia y durabilidad. Unidades limitadas.\" \/>\n<meta property=\"og:url\" content=\"https:\/\/www.garciavarona.com\/en\/producto\/tablero-de-roble-macizo-finger-joint\/\" \/>\n<meta property=\"og:site_name\" content=\"Maderas Garcia Varona\" \/>\n<meta property=\"article:publisher\" content=\"https:\/\/www.facebook.com\/maderasgarciavaronagrupo\" \/>\n<meta property=\"article:modified_time\" content=\"2025-09-01T10:33:04+00:00\" \/>\n<meta property=\"og:image\" content=\"https:\/\/www.garciavarona.com\/wp-content\/uploads\/2023\/03\/Tablero-alistonado-de-roble-union-finger-Maderas-Garcia-Varona-1.jpg\" \/>\n\t<meta property=\"og:image:width\" content=\"525\" \/>\n\t<meta property=\"og:image:height\" content=\"525\" \/>\n\t<meta property=\"og:image:type\" content=\"image\/jpeg\" \/>\n<meta name=\"twitter:card\" content=\"summary_large_image\" \/>\n<meta name=\"twitter:site\" content=\"@maderasvaronars\" \/>\n<meta name=\"twitter:label1\" content=\"Est. reading time\" \/>\n\t<meta name=\"twitter:data1\" content=\"3 minutes\" \/>\n<script type=\"application\/ld+json\" class=\"yoast-schema-graph\">{\"@context\":\"https:\\\/\\\/schema.org\",\"@graph\":[{\"@type\":[\"WebPage\",\"ItemPage\"],\"@id\":\"https:\\\/\\\/www.garciavarona.com\\\/en\\\/producto\\\/tablero-de-roble-macizo-finger-joint\\\/\",\"url\":\"https:\\\/\\\/www.garciavarona.com\\\/en\\\/producto\\\/tablero-de-roble-macizo-finger-joint\\\/\",\"name\":\"Tablero de roble macizo finger joint | Maderas Garcia Varona\",\"isPartOf\":{\"@id\":\"https:\\\/\\\/www.garciavarona.com\\\/en\\\/#website\"},\"primaryImageOfPage\":{\"@id\":\"https:\\\/\\\/www.garciavarona.com\\\/en\\\/producto\\\/tablero-de-roble-macizo-finger-joint\\\/#primaryimage\"},\"image\":{\"@id\":\"https:\\\/\\\/www.garciavarona.com\\\/en\\\/producto\\\/tablero-de-roble-macizo-finger-joint\\\/#primaryimage\"},\"thumbnailUrl\":\"https:\\\/\\\/www.garciavarona.com\\\/wp-content\\\/uploads\\\/2023\\\/03\\\/Tablero-alistonado-de-roble-union-finger-Maderas-Garcia-Varona-1.jpg\",\"datePublished\":\"2024-06-27T09:00:02+00:00\",\"dateModified\":\"2025-09-01T10:33:04+00:00\",\"description\":\"Tablero alistonado de madera de roble macizo con uni\u00f3n finger y tratamiento CU3. Alta estabilidad, resistencia y durabilidad. Unidades limitadas.\",\"breadcrumb\":{\"@id\":\"https:\\\/\\\/www.garciavarona.com\\\/en\\\/producto\\\/tablero-de-roble-macizo-finger-joint\\\/#breadcrumb\"},\"inLanguage\":\"en-US\",\"potentialAction\":[{\"@type\":\"ReadAction\",\"target\":[\"https:\\\/\\\/www.garciavarona.com\\\/en\\\/producto\\\/tablero-de-roble-macizo-finger-joint\\\/\"]}]},{\"@type\":\"ImageObject\",\"inLanguage\":\"en-US\",\"@id\":\"https:\\\/\\\/www.garciavarona.com\\\/en\\\/producto\\\/tablero-de-roble-macizo-finger-joint\\\/#primaryimage\",\"url\":\"https:\\\/\\\/www.garciavarona.com\\\/wp-content\\\/uploads\\\/2023\\\/03\\\/Tablero-alistonado-de-roble-union-finger-Maderas-Garcia-Varona-1.jpg\",\"contentUrl\":\"https:\\\/\\\/www.garciavarona.com\\\/wp-content\\\/uploads\\\/2023\\\/03\\\/Tablero-alistonado-de-roble-union-finger-Maderas-Garcia-Varona-1.jpg\",\"width\":525,\"height\":525,\"caption\":\"Tablero alistonado de roble union finger - Maderas Garcia Varona\"},{\"@type\":\"BreadcrumbList\",\"@id\":\"https:\\\/\\\/www.garciavarona.com\\\/en\\\/producto\\\/tablero-de-roble-macizo-finger-joint\\\/#breadcrumb\",\"itemListElement\":[{\"@type\":\"ListItem\",\"position\":1,\"name\":\"Portada\",\"item\":\"https:\\\/\\\/www.garciavarona.com\\\/en\\\/\"},{\"@type\":\"ListItem\",\"position\":2,\"name\":\"Tienda Maderas Garc\u00eda Varona\",\"item\":\"https:\\\/\\\/www.garciavarona.com\\\/tienda\\\/\"},{\"@type\":\"ListItem\",\"position\":3,\"name\":\"Tablero de roble macizo finger joint\"}]},{\"@type\":\"WebSite\",\"@id\":\"https:\\\/\\\/www.garciavarona.com\\\/en\\\/#website\",\"url\":\"https:\\\/\\\/www.garciavarona.com\\\/en\\\/\",\"name\":\"Maderas Garcia Varona\",\"description\":\"Fabrica y Aserradero de Madera. Expertos en Madera\",\"publisher\":{\"@id\":\"https:\\\/\\\/www.garciavarona.com\\\/en\\\/#organization\"},\"potentialAction\":[{\"@type\":\"SearchAction\",\"target\":{\"@type\":\"EntryPoint\",\"urlTemplate\":\"https:\\\/\\\/www.garciavarona.com\\\/en\\\/?s={search_term_string}\"},\"query-input\":{\"@type\":\"PropertyValueSpecification\",\"valueRequired\":true,\"valueName\":\"search_term_string\"}}],\"inLanguage\":\"en-US\"},{\"@type\":\"Organization\",\"@id\":\"https:\\\/\\\/www.garciavarona.com\\\/en\\\/#organization\",\"name\":\"Maderas Garcia Varona\",\"url\":\"https:\\\/\\\/www.garciavarona.com\\\/en\\\/\",\"logo\":{\"@type\":\"ImageObject\",\"inLanguage\":\"en-US\",\"@id\":\"https:\\\/\\\/www.garciavarona.com\\\/en\\\/#\\\/schema\\\/logo\\\/image\\\/\",\"url\":\"https:\\\/\\\/www.garciavarona.com\\\/wp-content\\\/uploads\\\/2022\\\/06\\\/logoGarciaVarona.svg\",\"contentUrl\":\"https:\\\/\\\/www.garciavarona.com\\\/wp-content\\\/uploads\\\/2022\\\/06\\\/logoGarciaVarona.svg\",\"width\":1020,\"height\":200,\"caption\":\"Maderas Garcia Varona\"},\"image\":{\"@id\":\"https:\\\/\\\/www.garciavarona.com\\\/en\\\/#\\\/schema\\\/logo\\\/image\\\/\"},\"sameAs\":[\"https:\\\/\\\/www.facebook.com\\\/maderasgarciavaronagrupo\",\"https:\\\/\\\/x.com\\\/maderasvaronars\",\"https:\\\/\\\/www.instagram.com\\\/maderasgarciavarona\\\/\",\"https:\\\/\\\/www.linkedin.com\\\/company\\\/maderas-garcia-varona\\\/\",\"https:\\\/\\\/www.youtube.com\\\/channel\\\/UCGUEME06N_h66pB2coJC83w\\\/featured\"]}]}<\/script>\n<!-- \/ Yoast SEO plugin. -->","yoast_head_json":{"title":"Tablero de roble macizo finger joint | Maderas Garcia Varona","description":"Tablero alistonado de madera de roble macizo con uni\u00f3n finger y tratamiento CU3. Alta estabilidad, resistencia y durabilidad. Unidades limitadas.","robots":{"index":"index","follow":"follow","max-snippet":"max-snippet:-1","max-image-preview":"max-image-preview:large","max-video-preview":"max-video-preview:-1"},"canonical":"https:\/\/www.garciavarona.com\/en\/producto\/tablero-de-roble-macizo-finger-joint\/","og_locale":"en_US","og_type":"article","og_title":"Tablero de roble macizo finger joint | Maderas Garcia Varona","og_description":"Tablero alistonado de madera de roble macizo con uni\u00f3n finger y tratamiento CU3. Alta estabilidad, resistencia y durabilidad. Unidades limitadas.","og_url":"https:\/\/www.garciavarona.com\/en\/producto\/tablero-de-roble-macizo-finger-joint\/","og_site_name":"Maderas Garcia Varona","article_publisher":"https:\/\/www.facebook.com\/maderasgarciavaronagrupo","article_modified_time":"2025-09-01T10:33:04+00:00","og_image":[{"width":525,"height":525,"url":"https:\/\/www.garciavarona.com\/wp-content\/uploads\/2023\/03\/Tablero-alistonado-de-roble-union-finger-Maderas-Garcia-Varona-1.jpg","type":"image\/jpeg"}],"twitter_card":"summary_large_image","twitter_site":"@maderasvaronars","twitter_misc":{"Est. reading time":"3 minutes"},"schema":{"@context":"https:\/\/schema.org","@graph":[{"@type":["WebPage","ItemPage"],"@id":"https:\/\/www.garciavarona.com\/en\/producto\/tablero-de-roble-macizo-finger-joint\/","url":"https:\/\/www.garciavarona.com\/en\/producto\/tablero-de-roble-macizo-finger-joint\/","name":"Tablero de roble macizo finger joint | Maderas Garcia Varona","isPartOf":{"@id":"https:\/\/www.garciavarona.com\/en\/#website"},"primaryImageOfPage":{"@id":"https:\/\/www.garciavarona.com\/en\/producto\/tablero-de-roble-macizo-finger-joint\/#primaryimage"},"image":{"@id":"https:\/\/www.garciavarona.com\/en\/producto\/tablero-de-roble-macizo-finger-joint\/#primaryimage"},"thumbnailUrl":"https:\/\/www.garciavarona.com\/wp-content\/uploads\/2023\/03\/Tablero-alistonado-de-roble-union-finger-Maderas-Garcia-Varona-1.jpg","datePublished":"2024-06-27T09:00:02+00:00","dateModified":"2025-09-01T10:33:04+00:00","description":"Tablero alistonado de madera de roble macizo con uni\u00f3n finger y tratamiento CU3. Alta estabilidad, resistencia y durabilidad. Unidades limitadas.","breadcrumb":{"@id":"https:\/\/www.garciavarona.com\/en\/producto\/tablero-de-roble-macizo-finger-joint\/#breadcrumb"},"inLanguage":"en-US","potentialAction":[{"@type":"ReadAction","target":["https:\/\/www.garciavarona.com\/en\/producto\/tablero-de-roble-macizo-finger-joint\/"]}]},{"@type":"ImageObject","inLanguage":"en-US","@id":"https:\/\/www.garciavarona.com\/en\/producto\/tablero-de-roble-macizo-finger-joint\/#primaryimage","url":"https:\/\/www.garciavarona.com\/wp-content\/uploads\/2023\/03\/Tablero-alistonado-de-roble-union-finger-Maderas-Garcia-Varona-1.jpg","contentUrl":"https:\/\/www.garciavarona.com\/wp-content\/uploads\/2023\/03\/Tablero-alistonado-de-roble-union-finger-Maderas-Garcia-Varona-1.jpg","width":525,"height":525,"caption":"Tablero alistonado de roble union finger - Maderas Garcia Varona"},{"@type":"BreadcrumbList","@id":"https:\/\/www.garciavarona.com\/en\/producto\/tablero-de-roble-macizo-finger-joint\/#breadcrumb","itemListElement":[{"@type":"ListItem","position":1,"name":"Portada","item":"https:\/\/www.garciavarona.com\/en\/"},{"@type":"ListItem","position":2,"name":"Tienda Maderas Garc\u00eda Varona","item":"https:\/\/www.garciavarona.com\/tienda\/"},{"@type":"ListItem","position":3,"name":"Tablero de roble macizo finger joint"}]},{"@type":"WebSite","@id":"https:\/\/www.garciavarona.com\/en\/#website","url":"https:\/\/www.garciavarona.com\/en\/","name":"Maderas Garcia Varona","description":"Fabrica y Aserradero de Madera. Expertos en Madera","publisher":{"@id":"https:\/\/www.garciavarona.com\/en\/#organization"},"potentialAction":[{"@type":"SearchAction","target":{"@type":"EntryPoint","urlTemplate":"https:\/\/www.garciavarona.com\/en\/?s={search_term_string}"},"query-input":{"@type":"PropertyValueSpecification","valueRequired":true,"valueName":"search_term_string"}}],"inLanguage":"en-US"},{"@type":"Organization","@id":"https:\/\/www.garciavarona.com\/en\/#organization","name":"Maderas Garcia Varona","url":"https:\/\/www.garciavarona.com\/en\/","logo":{"@type":"ImageObject","inLanguage":"en-US","@id":"https:\/\/www.garciavarona.com\/en\/#\/schema\/logo\/image\/","url":"https:\/\/www.garciavarona.com\/wp-content\/uploads\/2022\/06\/logoGarciaVarona.svg","contentUrl":"https:\/\/www.garciavarona.com\/wp-content\/uploads\/2022\/06\/logoGarciaVarona.svg","width":1020,"height":200,"caption":"Maderas Garcia Varona"},"image":{"@id":"https:\/\/www.garciavarona.com\/en\/#\/schema\/logo\/image\/"},"sameAs":["https:\/\/www.facebook.com\/maderasgarciavaronagrupo","https:\/\/x.com\/maderasvaronars","https:\/\/www.instagram.com\/maderasgarciavarona\/","https:\/\/www.linkedin.com\/company\/maderas-garcia-varona\/","https:\/\/www.youtube.com\/channel\/UCGUEME06N_h66pB2coJC83w\/featured"]}]}},"_links":{"self":[{"href":"https:\/\/www.garciavarona.com\/en\/wp-json\/wp\/v2\/product\/19594","targetHints":{"allow":["GET"]}}],"collection":[{"href":"https:\/\/www.garciavarona.com\/en\/wp-json\/wp\/v2\/product"}],"about":[{"href":"https:\/\/www.garciavarona.com\/en\/wp-json\/wp\/v2\/types\/product"}],"version-history":[{"count":6,"href":"https:\/\/www.garciavarona.com\/en\/wp-json\/wp\/v2\/product\/19594\/revisions"}],"predecessor-version":[{"id":21992,"href":"https:\/\/www.garciavarona.com\/en\/wp-json\/wp\/v2\/product\/19594\/revisions\/21992"}],"wp:featuredmedia":[{"embeddable":true,"href":"https:\/\/www.garciavarona.com\/en\/wp-json\/wp\/v2\/media\/21969"}],"wp:attachment":[{"href":"https:\/\/www.garciavarona.com\/en\/wp-json\/wp\/v2\/media?parent=19594"}],"wp:term":[{"taxonomy":"product_brand","embeddable":true,"href":"https:\/\/www.garciavarona.com\/en\/wp-json\/wp\/v2\/product_brand?post=19594"},{"taxonomy":"product_cat","embeddable":true,"href":"https:\/\/www.garciavarona.com\/en\/wp-json\/wp\/v2\/product_cat?post=19594"},{"taxonomy":"product_tag","embeddable":true,"href":"https:\/\/www.garciavarona.com\/en\/wp-json\/wp\/v2\/product_tag?post=19594"}],"curies":[{"name":"wp","href":"https:\/\/api.w.org\/{rel}","templated":true}]}}