{"id":19763,"date":"2023-05-05T11:29:09","date_gmt":"2023-05-05T11:29:09","guid":{"rendered":"https:\/\/www.garciavarona.com\/?post_type=product&#038;p=19763"},"modified":"2025-06-18T09:27:54","modified_gmt":"2025-06-18T07:27:54","slug":"tratamiento-autoclave-cu3-por-metro-cuadrado","status":"publish","type":"product","link":"https:\/\/www.garciavarona.com\/en\/producto\/tratamiento-autoclave-cu3-por-metro-cuadrado\/","title":{"rendered":"Tratamiento Autoclave CU3 por metro cuadrado"},"content":{"rendered":"<h1>Tratamiento Autoclave CU3 por metro cuadrado<\/h1>\n<p>Tratamiento Autoclave CU3 por metro cuadrado. El tratamiento* autoclave clase de uso 3 (CU3) est\u00e1 indicado para la madera para exterior e interior que se encuentra sin contacto con el suelo, expuesta y no expuesta a los agentes atmosf\u00e9ricos y frecuente humidificaci\u00f3n. Es un tratamiento incoloro. Precio por m2. Pedido m\u00ednimo 100 m<sup>2<\/sup>.<\/p>\n<p>* No tratamos madera ajena a Maderas Garc\u00eda Varona. El tratamiento est\u00e1 disponible asociado al pedido de madera de esta tienda online y que el cliente quiera que apliquemos.<\/p>\n<p><a href=\"https:\/\/www.garciavarona.com\/categoria-producto\/construccion\/servicios-para-madera\/\" target=\"_blank\" rel=\"noopener\"><strong>Tratamiento autoclave<\/strong><\/a> indicado para parquet macizo o tarima de madera, ripia o friso, que vaya a colocarse en espacios con alto grado de humedad y como tratamiento preventivo frente a insectos y otros agentes que puedan degradar la madera. Muy recomendable para tarima que vaya a instalarse en exterior como en terrazas o alrededor de piscinas. Adem\u00e1s de eliminar insectos que puedan encontrarse en la madera es un tratamiento preventivo frente a los organismos que pueden degradar la madera.<\/p>\n<h3>\u00bfEn qu\u00e9 consiste el tratamiento autoclave?<\/h3>\n<p>El tratamiento autoclave es un protector preventivo y curativo de la madera de la familia de los org\u00e1nicos. Contiene biocidas (insecticidas y fungicidas) que protegen la madera contra los agentes destructores destacando por sus propiedades anti-termitas y anti-carcoma.<\/p>\n<p>La finalidad del tratamiento autoclave es aumentar la durabilidad natural de la madera. De esta forma podemos aumentar la resistencia de la madera frente a insectos, xil\u00f3fagos, hongos y otros agentes degradantes.<\/p>\n<p>El tratamiento en autoclave se realiza mediante ciclos preestablecidos de vac\u00edo y se consigue introduciendo los productos protectores en profundidad en el interior de la madera. Primero se hace el vac\u00edo o depresi\u00f3n dentro de una c\u00e1mara para eliminar el aire. De esta manera los poros de la madera se abren para recibir, a poro abierto y por inmersi\u00f3n, los diferentes productos qu\u00edmicos.<\/p>\n","protected":false},"excerpt":{"rendered":"<p>Precio por m2 del tratamiento para exterior CU3 en funci\u00f3n del grosor de la madera.<\/p>\n","protected":false},"featured_media":11423,"template":"","meta":[],"product_brand":[],"product_cat":[801,758,752,755,800,792],"product_tag":[1143,1146,1123,1133,1136,1139,1142,1134,1140,2078,2083,1144,1141,2082],"class_list":{"0":"post-19763","1":"product","2":"type-product","3":"status-publish","4":"has-post-thumbnail","6":"product_cat-tarima-estandar","7":"product_cat-tarima-madera-interior","8":"product_cat-tarimas","9":"product_cat-construccion","10":"product_cat-suelos","11":"product_cat-servicios-para-madera","12":"product_tag-deck-de-madera","13":"product_tag-parquet","14":"product_tag-tarima-de-madera","15":"product_tag-tratamiento-autoclave","16":"product_tag-tratamiento-cu3","17":"product_tag-tratamiento-exterior","18":"product_tag-tratamiento-para-deck","19":"product_tag-tratamiento-para-exterior","20":"product_tag-tratamiento-para-madera","21":"product_tag-tratamiento-para-madera-de-exterior","22":"product_tag-tratamiento-para-madera-en-exterior","23":"product_tag-tratamiento-para-parquet","24":"product_tag-tratamiento-para-tarima","25":"product_tag-tratamiento-para-tarima-en-exterior","26":"pa_grueso-10-mm","27":"pa_grueso-19mm","28":"pa_grueso-20mm","29":"pa_grueso-21mm","30":"pa_grueso-28mm","32":"first","33":"outofstock","34":"taxable","35":"shipping-taxable","36":"purchasable","37":"product-type-variable"},"yoast_head":"<!-- This site is optimized with the Yoast SEO plugin v27.3 - https:\/\/yoast.com\/product\/yoast-seo-wordpress\/ -->\n<title>Tratamiento Autoclave CU3 por metro cuadrado<\/title>\n<meta name=\"description\" content=\"Tratamiento para madera en exterior como tarima y friso. Tratamiento Autoclave CU3 por metro cuadrado. Permite la acci\u00f3n curativa y protecci\u00f3n preventiva.\" \/>\n<meta name=\"robots\" content=\"index, follow, max-snippet:-1, max-image-preview:large, max-video-preview:-1\" \/>\n<link rel=\"canonical\" href=\"https:\/\/www.garciavarona.com\/en\/producto\/tratamiento-autoclave-cu3-por-metro-cuadrado\/\" \/>\n<meta property=\"og:locale\" content=\"en_US\" \/>\n<meta property=\"og:type\" content=\"article\" \/>\n<meta property=\"og:title\" content=\"Tratamiento Autoclave CU3 por metro cuadrado\" \/>\n<meta property=\"og:description\" content=\"Tratamiento para madera en exterior como tarima y friso. Tratamiento Autoclave CU3 por metro cuadrado. Permite la acci\u00f3n curativa y protecci\u00f3n preventiva.\" \/>\n<meta property=\"og:url\" content=\"https:\/\/www.garciavarona.com\/en\/producto\/tratamiento-autoclave-cu3-por-metro-cuadrado\/\" \/>\n<meta property=\"og:site_name\" content=\"Maderas Garcia Varona\" \/>\n<meta property=\"article:publisher\" content=\"https:\/\/www.facebook.com\/maderasgarciavaronagrupo\" \/>\n<meta property=\"article:modified_time\" content=\"2025-06-18T07:27:54+00:00\" \/>\n<meta property=\"og:image\" content=\"https:\/\/www.garciavarona.com\/wp-content\/uploads\/2018\/08\/227-Tratamiento-Autoclave-CU3-para-tarima-de-19-mm-de-espesor.jpg\" \/>\n\t<meta property=\"og:image:width\" content=\"525\" \/>\n\t<meta property=\"og:image:height\" content=\"525\" \/>\n\t<meta property=\"og:image:type\" content=\"image\/jpeg\" \/>\n<meta name=\"twitter:card\" content=\"summary_large_image\" \/>\n<meta name=\"twitter:site\" content=\"@maderasvaronars\" \/>\n<meta name=\"twitter:label1\" content=\"Est. reading time\" \/>\n\t<meta name=\"twitter:data1\" content=\"2 minutes\" \/>\n<script type=\"application\/ld+json\" class=\"yoast-schema-graph\">{\"@context\":\"https:\\\/\\\/schema.org\",\"@graph\":[{\"@type\":[\"WebPage\",\"ItemPage\"],\"@id\":\"https:\\\/\\\/www.garciavarona.com\\\/en\\\/producto\\\/tratamiento-autoclave-cu3-por-metro-cuadrado\\\/\",\"url\":\"https:\\\/\\\/www.garciavarona.com\\\/en\\\/producto\\\/tratamiento-autoclave-cu3-por-metro-cuadrado\\\/\",\"name\":\"Tratamiento Autoclave CU3 por metro cuadrado\",\"isPartOf\":{\"@id\":\"https:\\\/\\\/www.garciavarona.com\\\/en\\\/#website\"},\"primaryImageOfPage\":{\"@id\":\"https:\\\/\\\/www.garciavarona.com\\\/en\\\/producto\\\/tratamiento-autoclave-cu3-por-metro-cuadrado\\\/#primaryimage\"},\"image\":{\"@id\":\"https:\\\/\\\/www.garciavarona.com\\\/en\\\/producto\\\/tratamiento-autoclave-cu3-por-metro-cuadrado\\\/#primaryimage\"},\"thumbnailUrl\":\"https:\\\/\\\/www.garciavarona.com\\\/wp-content\\\/uploads\\\/2018\\\/08\\\/227-Tratamiento-Autoclave-CU3-para-tarima-de-19-mm-de-espesor.jpg\",\"datePublished\":\"2023-05-05T11:29:09+00:00\",\"dateModified\":\"2025-06-18T07:27:54+00:00\",\"description\":\"Tratamiento para madera en exterior como tarima y friso. Tratamiento Autoclave CU3 por metro cuadrado. Permite la acci\u00f3n curativa y protecci\u00f3n preventiva.\",\"breadcrumb\":{\"@id\":\"https:\\\/\\\/www.garciavarona.com\\\/en\\\/producto\\\/tratamiento-autoclave-cu3-por-metro-cuadrado\\\/#breadcrumb\"},\"inLanguage\":\"en-US\",\"potentialAction\":[{\"@type\":\"ReadAction\",\"target\":[\"https:\\\/\\\/www.garciavarona.com\\\/en\\\/producto\\\/tratamiento-autoclave-cu3-por-metro-cuadrado\\\/\"]}]},{\"@type\":\"ImageObject\",\"inLanguage\":\"en-US\",\"@id\":\"https:\\\/\\\/www.garciavarona.com\\\/en\\\/producto\\\/tratamiento-autoclave-cu3-por-metro-cuadrado\\\/#primaryimage\",\"url\":\"https:\\\/\\\/www.garciavarona.com\\\/wp-content\\\/uploads\\\/2018\\\/08\\\/227-Tratamiento-Autoclave-CU3-para-tarima-de-19-mm-de-espesor.jpg\",\"contentUrl\":\"https:\\\/\\\/www.garciavarona.com\\\/wp-content\\\/uploads\\\/2018\\\/08\\\/227-Tratamiento-Autoclave-CU3-para-tarima-de-19-mm-de-espesor.jpg\",\"width\":525,\"height\":525,\"caption\":\"Tratamiento Autoclave CU3 para tarima de 19 mm de espesor\"},{\"@type\":\"BreadcrumbList\",\"@id\":\"https:\\\/\\\/www.garciavarona.com\\\/en\\\/producto\\\/tratamiento-autoclave-cu3-por-metro-cuadrado\\\/#breadcrumb\",\"itemListElement\":[{\"@type\":\"ListItem\",\"position\":1,\"name\":\"Portada\",\"item\":\"https:\\\/\\\/www.garciavarona.com\\\/en\\\/\"},{\"@type\":\"ListItem\",\"position\":2,\"name\":\"Tienda Maderas Garc\u00eda Varona\",\"item\":\"https:\\\/\\\/www.garciavarona.com\\\/tienda\\\/\"},{\"@type\":\"ListItem\",\"position\":3,\"name\":\"Tratamiento Autoclave CU3 por metro cuadrado\"}]},{\"@type\":\"WebSite\",\"@id\":\"https:\\\/\\\/www.garciavarona.com\\\/en\\\/#website\",\"url\":\"https:\\\/\\\/www.garciavarona.com\\\/en\\\/\",\"name\":\"Maderas Garcia Varona\",\"description\":\"Fabrica y Aserradero de Madera. Expertos en Madera\",\"publisher\":{\"@id\":\"https:\\\/\\\/www.garciavarona.com\\\/en\\\/#organization\"},\"potentialAction\":[{\"@type\":\"SearchAction\",\"target\":{\"@type\":\"EntryPoint\",\"urlTemplate\":\"https:\\\/\\\/www.garciavarona.com\\\/en\\\/?s={search_term_string}\"},\"query-input\":{\"@type\":\"PropertyValueSpecification\",\"valueRequired\":true,\"valueName\":\"search_term_string\"}}],\"inLanguage\":\"en-US\"},{\"@type\":\"Organization\",\"@id\":\"https:\\\/\\\/www.garciavarona.com\\\/en\\\/#organization\",\"name\":\"Maderas Garcia Varona\",\"url\":\"https:\\\/\\\/www.garciavarona.com\\\/en\\\/\",\"logo\":{\"@type\":\"ImageObject\",\"inLanguage\":\"en-US\",\"@id\":\"https:\\\/\\\/www.garciavarona.com\\\/en\\\/#\\\/schema\\\/logo\\\/image\\\/\",\"url\":\"https:\\\/\\\/www.garciavarona.com\\\/wp-content\\\/uploads\\\/2022\\\/06\\\/logoGarciaVarona.svg\",\"contentUrl\":\"https:\\\/\\\/www.garciavarona.com\\\/wp-content\\\/uploads\\\/2022\\\/06\\\/logoGarciaVarona.svg\",\"width\":1020,\"height\":200,\"caption\":\"Maderas Garcia Varona\"},\"image\":{\"@id\":\"https:\\\/\\\/www.garciavarona.com\\\/en\\\/#\\\/schema\\\/logo\\\/image\\\/\"},\"sameAs\":[\"https:\\\/\\\/www.facebook.com\\\/maderasgarciavaronagrupo\",\"https:\\\/\\\/x.com\\\/maderasvaronars\",\"https:\\\/\\\/www.instagram.com\\\/maderasgarciavarona\\\/\",\"https:\\\/\\\/www.linkedin.com\\\/company\\\/maderas-garcia-varona\\\/\",\"https:\\\/\\\/www.youtube.com\\\/channel\\\/UCGUEME06N_h66pB2coJC83w\\\/featured\"]}]}<\/script>\n<!-- \/ Yoast SEO plugin. -->","yoast_head_json":{"title":"Tratamiento Autoclave CU3 por metro cuadrado","description":"Tratamiento para madera en exterior como tarima y friso. Tratamiento Autoclave CU3 por metro cuadrado. Permite la acci\u00f3n curativa y protecci\u00f3n preventiva.","robots":{"index":"index","follow":"follow","max-snippet":"max-snippet:-1","max-image-preview":"max-image-preview:large","max-video-preview":"max-video-preview:-1"},"canonical":"https:\/\/www.garciavarona.com\/en\/producto\/tratamiento-autoclave-cu3-por-metro-cuadrado\/","og_locale":"en_US","og_type":"article","og_title":"Tratamiento Autoclave CU3 por metro cuadrado","og_description":"Tratamiento para madera en exterior como tarima y friso. Tratamiento Autoclave CU3 por metro cuadrado. Permite la acci\u00f3n curativa y protecci\u00f3n preventiva.","og_url":"https:\/\/www.garciavarona.com\/en\/producto\/tratamiento-autoclave-cu3-por-metro-cuadrado\/","og_site_name":"Maderas Garcia Varona","article_publisher":"https:\/\/www.facebook.com\/maderasgarciavaronagrupo","article_modified_time":"2025-06-18T07:27:54+00:00","og_image":[{"width":525,"height":525,"url":"https:\/\/www.garciavarona.com\/wp-content\/uploads\/2018\/08\/227-Tratamiento-Autoclave-CU3-para-tarima-de-19-mm-de-espesor.jpg","type":"image\/jpeg"}],"twitter_card":"summary_large_image","twitter_site":"@maderasvaronars","twitter_misc":{"Est. reading time":"2 minutes"},"schema":{"@context":"https:\/\/schema.org","@graph":[{"@type":["WebPage","ItemPage"],"@id":"https:\/\/www.garciavarona.com\/en\/producto\/tratamiento-autoclave-cu3-por-metro-cuadrado\/","url":"https:\/\/www.garciavarona.com\/en\/producto\/tratamiento-autoclave-cu3-por-metro-cuadrado\/","name":"Tratamiento Autoclave CU3 por metro cuadrado","isPartOf":{"@id":"https:\/\/www.garciavarona.com\/en\/#website"},"primaryImageOfPage":{"@id":"https:\/\/www.garciavarona.com\/en\/producto\/tratamiento-autoclave-cu3-por-metro-cuadrado\/#primaryimage"},"image":{"@id":"https:\/\/www.garciavarona.com\/en\/producto\/tratamiento-autoclave-cu3-por-metro-cuadrado\/#primaryimage"},"thumbnailUrl":"https:\/\/www.garciavarona.com\/wp-content\/uploads\/2018\/08\/227-Tratamiento-Autoclave-CU3-para-tarima-de-19-mm-de-espesor.jpg","datePublished":"2023-05-05T11:29:09+00:00","dateModified":"2025-06-18T07:27:54+00:00","description":"Tratamiento para madera en exterior como tarima y friso. Tratamiento Autoclave CU3 por metro cuadrado. Permite la acci\u00f3n curativa y protecci\u00f3n preventiva.","breadcrumb":{"@id":"https:\/\/www.garciavarona.com\/en\/producto\/tratamiento-autoclave-cu3-por-metro-cuadrado\/#breadcrumb"},"inLanguage":"en-US","potentialAction":[{"@type":"ReadAction","target":["https:\/\/www.garciavarona.com\/en\/producto\/tratamiento-autoclave-cu3-por-metro-cuadrado\/"]}]},{"@type":"ImageObject","inLanguage":"en-US","@id":"https:\/\/www.garciavarona.com\/en\/producto\/tratamiento-autoclave-cu3-por-metro-cuadrado\/#primaryimage","url":"https:\/\/www.garciavarona.com\/wp-content\/uploads\/2018\/08\/227-Tratamiento-Autoclave-CU3-para-tarima-de-19-mm-de-espesor.jpg","contentUrl":"https:\/\/www.garciavarona.com\/wp-content\/uploads\/2018\/08\/227-Tratamiento-Autoclave-CU3-para-tarima-de-19-mm-de-espesor.jpg","width":525,"height":525,"caption":"Tratamiento Autoclave CU3 para tarima de 19 mm de espesor"},{"@type":"BreadcrumbList","@id":"https:\/\/www.garciavarona.com\/en\/producto\/tratamiento-autoclave-cu3-por-metro-cuadrado\/#breadcrumb","itemListElement":[{"@type":"ListItem","position":1,"name":"Portada","item":"https:\/\/www.garciavarona.com\/en\/"},{"@type":"ListItem","position":2,"name":"Tienda Maderas Garc\u00eda Varona","item":"https:\/\/www.garciavarona.com\/tienda\/"},{"@type":"ListItem","position":3,"name":"Tratamiento Autoclave CU3 por metro cuadrado"}]},{"@type":"WebSite","@id":"https:\/\/www.garciavarona.com\/en\/#website","url":"https:\/\/www.garciavarona.com\/en\/","name":"Maderas Garcia Varona","description":"Fabrica y Aserradero de Madera. Expertos en Madera","publisher":{"@id":"https:\/\/www.garciavarona.com\/en\/#organization"},"potentialAction":[{"@type":"SearchAction","target":{"@type":"EntryPoint","urlTemplate":"https:\/\/www.garciavarona.com\/en\/?s={search_term_string}"},"query-input":{"@type":"PropertyValueSpecification","valueRequired":true,"valueName":"search_term_string"}}],"inLanguage":"en-US"},{"@type":"Organization","@id":"https:\/\/www.garciavarona.com\/en\/#organization","name":"Maderas Garcia Varona","url":"https:\/\/www.garciavarona.com\/en\/","logo":{"@type":"ImageObject","inLanguage":"en-US","@id":"https:\/\/www.garciavarona.com\/en\/#\/schema\/logo\/image\/","url":"https:\/\/www.garciavarona.com\/wp-content\/uploads\/2022\/06\/logoGarciaVarona.svg","contentUrl":"https:\/\/www.garciavarona.com\/wp-content\/uploads\/2022\/06\/logoGarciaVarona.svg","width":1020,"height":200,"caption":"Maderas Garcia Varona"},"image":{"@id":"https:\/\/www.garciavarona.com\/en\/#\/schema\/logo\/image\/"},"sameAs":["https:\/\/www.facebook.com\/maderasgarciavaronagrupo","https:\/\/x.com\/maderasvaronars","https:\/\/www.instagram.com\/maderasgarciavarona\/","https:\/\/www.linkedin.com\/company\/maderas-garcia-varona\/","https:\/\/www.youtube.com\/channel\/UCGUEME06N_h66pB2coJC83w\/featured"]}]}},"_links":{"self":[{"href":"https:\/\/www.garciavarona.com\/en\/wp-json\/wp\/v2\/product\/19763","targetHints":{"allow":["GET"]}}],"collection":[{"href":"https:\/\/www.garciavarona.com\/en\/wp-json\/wp\/v2\/product"}],"about":[{"href":"https:\/\/www.garciavarona.com\/en\/wp-json\/wp\/v2\/types\/product"}],"version-history":[{"count":5,"href":"https:\/\/www.garciavarona.com\/en\/wp-json\/wp\/v2\/product\/19763\/revisions"}],"predecessor-version":[{"id":19884,"href":"https:\/\/www.garciavarona.com\/en\/wp-json\/wp\/v2\/product\/19763\/revisions\/19884"}],"wp:featuredmedia":[{"embeddable":true,"href":"https:\/\/www.garciavarona.com\/en\/wp-json\/wp\/v2\/media\/11423"}],"wp:attachment":[{"href":"https:\/\/www.garciavarona.com\/en\/wp-json\/wp\/v2\/media?parent=19763"}],"wp:term":[{"taxonomy":"product_brand","embeddable":true,"href":"https:\/\/www.garciavarona.com\/en\/wp-json\/wp\/v2\/product_brand?post=19763"},{"taxonomy":"product_cat","embeddable":true,"href":"https:\/\/www.garciavarona.com\/en\/wp-json\/wp\/v2\/product_cat?post=19763"},{"taxonomy":"product_tag","embeddable":true,"href":"https:\/\/www.garciavarona.com\/en\/wp-json\/wp\/v2\/product_tag?post=19763"}],"curies":[{"name":"wp","href":"https:\/\/api.w.org\/{rel}","templated":true}]}}