{"id":19797,"date":"2023-05-10T12:48:38","date_gmt":"2023-05-10T12:48:38","guid":{"rendered":"https:\/\/www.garciavarona.com\/?post_type=product&#038;p=19797"},"modified":"2025-06-25T12:33:27","modified_gmt":"2025-06-25T10:33:27","slug":"losetas-de-madera-de-roble","status":"publish","type":"product","link":"https:\/\/www.garciavarona.com\/en\/producto\/losetas-de-madera-de-roble\/","title":{"rendered":"Losetas de madera de roble"},"content":{"rendered":"<h2>Losetas de madera de roble SALDOS<\/h2>\n<p>Losetas de madera de roble para exterior. <strong>Baldosa de madera<\/strong> maciza de roble. Baldosa fabricada con madera de roble con tratamiento autoclave CU3. Loseta de madera muy resistente y durable. Con cantos redondeados.<\/p>\n<p>Restos de stock, unidades limitadas. Producto en outlet a precio especial por taras; puede tener faltas de madera o golpes. Tambi\u00e9n puede estar sucio por estar almacenado. Fotos ilustrativas de las taras o faltas.<\/p>\n<p><strong>Suelo de madera<\/strong> exterior de roble de f\u00e1cil instalaci\u00f3n. Esto permite ahorrar mucho tiempo y dinero al instalarlo tu mismo; se coloca directamente en el suelo. Tarima de madera de roble para exterior en formato baldosa. Las losetas de madera son un producto 100% natural y ecol\u00f3gico que tambi\u00e9n ofrece un aspecto confortable al hogar o jard\u00edn. Son una excelente opci\u00f3n para obtener un suelo de gran calidad en el exterior, tanto en balcones como terrazas, piscinas o jardines. Las baldosas de madera son ideales para decorar el exterior y un producto muy valorado por decoradores e interioristas. Puede utilizar las losetas de madera en \u00e1reas p\u00fablicas o \u00e1reas privadas como jardines y patios, con la ventaja de su alto nivel de durabilidad y gran resistencia al desgaste.<\/p>\n<p><strong>Loseta de madera<\/strong> que no necesita instalaci\u00f3n, se coloca directamente en el suelo. Para m\u00faltiples usos en exterior e interior: terrazas, piscinas, balcones&#8230; Baldosa de madera fabricada a partir de tablas de madera de roble macizo.<\/p>\n","protected":false},"excerpt":{"rendered":"<p>Losetas de madera de roble. SALDOS. Restos de stock, puede tener taras. Precio por unidad.<\/p>\n","protected":false},"featured_media":19817,"template":"","meta":[],"product_brand":[],"product_cat":[752,797,764,754,787,785,757],"product_tag":[2089,2087,2088,2084,2085,2086,1127,1126],"class_list":{"0":"post-19797","1":"product","2":"type-product","3":"status-publish","4":"has-post-thumbnail","6":"product_cat-tarimas","7":"product_cat-suelos-exterior","8":"product_cat-tarima-madera-exterior","9":"product_cat-madera-para-jardines","10":"product_cat-jardin-outlet","11":"product_cat-suelos-para-exterior-en-madera","12":"product_cat-outlet-de-madera","13":"product_tag-baldosa-de-madera","14":"product_tag-baldosas-de-madera","15":"product_tag-baldosas-de-roble","16":"product_tag-loseta-de-madera","17":"product_tag-losetas-de-madera","18":"product_tag-losetas-de-roble","19":"product_tag-suelo-de-madera","20":"product_tag-suelo-de-madera-exterior","21":"pa_grueso-40-mm","22":"pa_seccion-300x300-mm","23":"pa_seccion-400x400-mm","24":"pa_seccion-500x500-mm","26":"first","27":"outofstock","28":"sale","29":"taxable","30":"shipping-taxable","31":"purchasable","32":"product-type-variable","33":"has-default-attributes"},"yoast_head":"<!-- This site is optimized with the Yoast SEO plugin v27.3 - https:\/\/yoast.com\/product\/yoast-seo-wordpress\/ -->\n<title>Losetas de madera de roble en oferta | Maderas Garcia Varona<\/title>\n<meta name=\"description\" content=\"Losetas de madera de roble para exterior. Restos de stock, unidades limitadas. Precio especial por taras; puede tener faltas de madera o golpes.\" \/>\n<meta name=\"robots\" content=\"index, follow, max-snippet:-1, max-image-preview:large, max-video-preview:-1\" \/>\n<link rel=\"canonical\" href=\"https:\/\/www.garciavarona.com\/en\/producto\/losetas-de-madera-de-roble\/\" \/>\n<meta property=\"og:locale\" content=\"en_US\" \/>\n<meta property=\"og:type\" content=\"article\" \/>\n<meta property=\"og:title\" content=\"Losetas de madera de roble en oferta | Maderas Garcia Varona\" \/>\n<meta property=\"og:description\" content=\"Losetas de madera de roble para exterior. Restos de stock, unidades limitadas. Precio especial por taras; puede tener faltas de madera o golpes.\" \/>\n<meta property=\"og:url\" content=\"https:\/\/www.garciavarona.com\/en\/producto\/losetas-de-madera-de-roble\/\" \/>\n<meta property=\"og:site_name\" content=\"Maderas Garcia Varona\" \/>\n<meta property=\"article:publisher\" content=\"https:\/\/www.facebook.com\/maderasgarciavaronagrupo\" \/>\n<meta property=\"article:modified_time\" content=\"2025-06-25T10:33:27+00:00\" \/>\n<meta property=\"og:image\" content=\"https:\/\/www.garciavarona.com\/wp-content\/uploads\/2023\/05\/Losetas-de-roble-macizo-124208.jpg\" \/>\n\t<meta property=\"og:image:width\" content=\"525\" \/>\n\t<meta property=\"og:image:height\" content=\"525\" \/>\n\t<meta property=\"og:image:type\" content=\"image\/jpeg\" \/>\n<meta name=\"twitter:card\" content=\"summary_large_image\" \/>\n<meta name=\"twitter:site\" content=\"@maderasvaronars\" \/>\n<meta name=\"twitter:label1\" content=\"Est. reading time\" \/>\n\t<meta name=\"twitter:data1\" content=\"2 minutes\" \/>\n<script type=\"application\/ld+json\" class=\"yoast-schema-graph\">{\"@context\":\"https:\\\/\\\/schema.org\",\"@graph\":[{\"@type\":[\"WebPage\",\"ItemPage\"],\"@id\":\"https:\\\/\\\/www.garciavarona.com\\\/en\\\/producto\\\/losetas-de-madera-de-roble\\\/\",\"url\":\"https:\\\/\\\/www.garciavarona.com\\\/en\\\/producto\\\/losetas-de-madera-de-roble\\\/\",\"name\":\"Losetas de madera de roble en oferta | Maderas Garcia Varona\",\"isPartOf\":{\"@id\":\"https:\\\/\\\/www.garciavarona.com\\\/en\\\/#website\"},\"primaryImageOfPage\":{\"@id\":\"https:\\\/\\\/www.garciavarona.com\\\/en\\\/producto\\\/losetas-de-madera-de-roble\\\/#primaryimage\"},\"image\":{\"@id\":\"https:\\\/\\\/www.garciavarona.com\\\/en\\\/producto\\\/losetas-de-madera-de-roble\\\/#primaryimage\"},\"thumbnailUrl\":\"https:\\\/\\\/www.garciavarona.com\\\/wp-content\\\/uploads\\\/2023\\\/05\\\/Losetas-de-roble-macizo-124208.jpg\",\"datePublished\":\"2023-05-10T12:48:38+00:00\",\"dateModified\":\"2025-06-25T10:33:27+00:00\",\"description\":\"Losetas de madera de roble para exterior. Restos de stock, unidades limitadas. Precio especial por taras; puede tener faltas de madera o golpes.\",\"breadcrumb\":{\"@id\":\"https:\\\/\\\/www.garciavarona.com\\\/en\\\/producto\\\/losetas-de-madera-de-roble\\\/#breadcrumb\"},\"inLanguage\":\"en-US\",\"potentialAction\":[{\"@type\":\"ReadAction\",\"target\":[\"https:\\\/\\\/www.garciavarona.com\\\/en\\\/producto\\\/losetas-de-madera-de-roble\\\/\"]}]},{\"@type\":\"ImageObject\",\"inLanguage\":\"en-US\",\"@id\":\"https:\\\/\\\/www.garciavarona.com\\\/en\\\/producto\\\/losetas-de-madera-de-roble\\\/#primaryimage\",\"url\":\"https:\\\/\\\/www.garciavarona.com\\\/wp-content\\\/uploads\\\/2023\\\/05\\\/Losetas-de-roble-macizo-124208.jpg\",\"contentUrl\":\"https:\\\/\\\/www.garciavarona.com\\\/wp-content\\\/uploads\\\/2023\\\/05\\\/Losetas-de-roble-macizo-124208.jpg\",\"width\":525,\"height\":525,\"caption\":\"Losetas de madera de roble macizo Suelo de madera\"},{\"@type\":\"BreadcrumbList\",\"@id\":\"https:\\\/\\\/www.garciavarona.com\\\/en\\\/producto\\\/losetas-de-madera-de-roble\\\/#breadcrumb\",\"itemListElement\":[{\"@type\":\"ListItem\",\"position\":1,\"name\":\"Portada\",\"item\":\"https:\\\/\\\/www.garciavarona.com\\\/en\\\/\"},{\"@type\":\"ListItem\",\"position\":2,\"name\":\"Tienda Maderas Garc\u00eda Varona\",\"item\":\"https:\\\/\\\/www.garciavarona.com\\\/tienda\\\/\"},{\"@type\":\"ListItem\",\"position\":3,\"name\":\"Losetas de madera de roble\"}]},{\"@type\":\"WebSite\",\"@id\":\"https:\\\/\\\/www.garciavarona.com\\\/en\\\/#website\",\"url\":\"https:\\\/\\\/www.garciavarona.com\\\/en\\\/\",\"name\":\"Maderas Garcia Varona\",\"description\":\"Fabrica y Aserradero de Madera. Expertos en Madera\",\"publisher\":{\"@id\":\"https:\\\/\\\/www.garciavarona.com\\\/en\\\/#organization\"},\"potentialAction\":[{\"@type\":\"SearchAction\",\"target\":{\"@type\":\"EntryPoint\",\"urlTemplate\":\"https:\\\/\\\/www.garciavarona.com\\\/en\\\/?s={search_term_string}\"},\"query-input\":{\"@type\":\"PropertyValueSpecification\",\"valueRequired\":true,\"valueName\":\"search_term_string\"}}],\"inLanguage\":\"en-US\"},{\"@type\":\"Organization\",\"@id\":\"https:\\\/\\\/www.garciavarona.com\\\/en\\\/#organization\",\"name\":\"Maderas Garcia Varona\",\"url\":\"https:\\\/\\\/www.garciavarona.com\\\/en\\\/\",\"logo\":{\"@type\":\"ImageObject\",\"inLanguage\":\"en-US\",\"@id\":\"https:\\\/\\\/www.garciavarona.com\\\/en\\\/#\\\/schema\\\/logo\\\/image\\\/\",\"url\":\"https:\\\/\\\/www.garciavarona.com\\\/wp-content\\\/uploads\\\/2022\\\/06\\\/logoGarciaVarona.svg\",\"contentUrl\":\"https:\\\/\\\/www.garciavarona.com\\\/wp-content\\\/uploads\\\/2022\\\/06\\\/logoGarciaVarona.svg\",\"width\":1020,\"height\":200,\"caption\":\"Maderas Garcia Varona\"},\"image\":{\"@id\":\"https:\\\/\\\/www.garciavarona.com\\\/en\\\/#\\\/schema\\\/logo\\\/image\\\/\"},\"sameAs\":[\"https:\\\/\\\/www.facebook.com\\\/maderasgarciavaronagrupo\",\"https:\\\/\\\/x.com\\\/maderasvaronars\",\"https:\\\/\\\/www.instagram.com\\\/maderasgarciavarona\\\/\",\"https:\\\/\\\/www.linkedin.com\\\/company\\\/maderas-garcia-varona\\\/\",\"https:\\\/\\\/www.youtube.com\\\/channel\\\/UCGUEME06N_h66pB2coJC83w\\\/featured\"]}]}<\/script>\n<!-- \/ Yoast SEO plugin. -->","yoast_head_json":{"title":"Losetas de madera de roble en oferta | Maderas Garcia Varona","description":"Losetas de madera de roble para exterior. Restos de stock, unidades limitadas. Precio especial por taras; puede tener faltas de madera o golpes.","robots":{"index":"index","follow":"follow","max-snippet":"max-snippet:-1","max-image-preview":"max-image-preview:large","max-video-preview":"max-video-preview:-1"},"canonical":"https:\/\/www.garciavarona.com\/en\/producto\/losetas-de-madera-de-roble\/","og_locale":"en_US","og_type":"article","og_title":"Losetas de madera de roble en oferta | Maderas Garcia Varona","og_description":"Losetas de madera de roble para exterior. Restos de stock, unidades limitadas. Precio especial por taras; puede tener faltas de madera o golpes.","og_url":"https:\/\/www.garciavarona.com\/en\/producto\/losetas-de-madera-de-roble\/","og_site_name":"Maderas Garcia Varona","article_publisher":"https:\/\/www.facebook.com\/maderasgarciavaronagrupo","article_modified_time":"2025-06-25T10:33:27+00:00","og_image":[{"width":525,"height":525,"url":"https:\/\/www.garciavarona.com\/wp-content\/uploads\/2023\/05\/Losetas-de-roble-macizo-124208.jpg","type":"image\/jpeg"}],"twitter_card":"summary_large_image","twitter_site":"@maderasvaronars","twitter_misc":{"Est. reading time":"2 minutes"},"schema":{"@context":"https:\/\/schema.org","@graph":[{"@type":["WebPage","ItemPage"],"@id":"https:\/\/www.garciavarona.com\/en\/producto\/losetas-de-madera-de-roble\/","url":"https:\/\/www.garciavarona.com\/en\/producto\/losetas-de-madera-de-roble\/","name":"Losetas de madera de roble en oferta | Maderas Garcia Varona","isPartOf":{"@id":"https:\/\/www.garciavarona.com\/en\/#website"},"primaryImageOfPage":{"@id":"https:\/\/www.garciavarona.com\/en\/producto\/losetas-de-madera-de-roble\/#primaryimage"},"image":{"@id":"https:\/\/www.garciavarona.com\/en\/producto\/losetas-de-madera-de-roble\/#primaryimage"},"thumbnailUrl":"https:\/\/www.garciavarona.com\/wp-content\/uploads\/2023\/05\/Losetas-de-roble-macizo-124208.jpg","datePublished":"2023-05-10T12:48:38+00:00","dateModified":"2025-06-25T10:33:27+00:00","description":"Losetas de madera de roble para exterior. Restos de stock, unidades limitadas. Precio especial por taras; puede tener faltas de madera o golpes.","breadcrumb":{"@id":"https:\/\/www.garciavarona.com\/en\/producto\/losetas-de-madera-de-roble\/#breadcrumb"},"inLanguage":"en-US","potentialAction":[{"@type":"ReadAction","target":["https:\/\/www.garciavarona.com\/en\/producto\/losetas-de-madera-de-roble\/"]}]},{"@type":"ImageObject","inLanguage":"en-US","@id":"https:\/\/www.garciavarona.com\/en\/producto\/losetas-de-madera-de-roble\/#primaryimage","url":"https:\/\/www.garciavarona.com\/wp-content\/uploads\/2023\/05\/Losetas-de-roble-macizo-124208.jpg","contentUrl":"https:\/\/www.garciavarona.com\/wp-content\/uploads\/2023\/05\/Losetas-de-roble-macizo-124208.jpg","width":525,"height":525,"caption":"Losetas de madera de roble macizo Suelo de madera"},{"@type":"BreadcrumbList","@id":"https:\/\/www.garciavarona.com\/en\/producto\/losetas-de-madera-de-roble\/#breadcrumb","itemListElement":[{"@type":"ListItem","position":1,"name":"Portada","item":"https:\/\/www.garciavarona.com\/en\/"},{"@type":"ListItem","position":2,"name":"Tienda Maderas Garc\u00eda Varona","item":"https:\/\/www.garciavarona.com\/tienda\/"},{"@type":"ListItem","position":3,"name":"Losetas de madera de roble"}]},{"@type":"WebSite","@id":"https:\/\/www.garciavarona.com\/en\/#website","url":"https:\/\/www.garciavarona.com\/en\/","name":"Maderas Garcia Varona","description":"Fabrica y Aserradero de Madera. Expertos en Madera","publisher":{"@id":"https:\/\/www.garciavarona.com\/en\/#organization"},"potentialAction":[{"@type":"SearchAction","target":{"@type":"EntryPoint","urlTemplate":"https:\/\/www.garciavarona.com\/en\/?s={search_term_string}"},"query-input":{"@type":"PropertyValueSpecification","valueRequired":true,"valueName":"search_term_string"}}],"inLanguage":"en-US"},{"@type":"Organization","@id":"https:\/\/www.garciavarona.com\/en\/#organization","name":"Maderas Garcia Varona","url":"https:\/\/www.garciavarona.com\/en\/","logo":{"@type":"ImageObject","inLanguage":"en-US","@id":"https:\/\/www.garciavarona.com\/en\/#\/schema\/logo\/image\/","url":"https:\/\/www.garciavarona.com\/wp-content\/uploads\/2022\/06\/logoGarciaVarona.svg","contentUrl":"https:\/\/www.garciavarona.com\/wp-content\/uploads\/2022\/06\/logoGarciaVarona.svg","width":1020,"height":200,"caption":"Maderas Garcia Varona"},"image":{"@id":"https:\/\/www.garciavarona.com\/en\/#\/schema\/logo\/image\/"},"sameAs":["https:\/\/www.facebook.com\/maderasgarciavaronagrupo","https:\/\/x.com\/maderasvaronars","https:\/\/www.instagram.com\/maderasgarciavarona\/","https:\/\/www.linkedin.com\/company\/maderas-garcia-varona\/","https:\/\/www.youtube.com\/channel\/UCGUEME06N_h66pB2coJC83w\/featured"]}]}},"_links":{"self":[{"href":"https:\/\/www.garciavarona.com\/en\/wp-json\/wp\/v2\/product\/19797","targetHints":{"allow":["GET"]}}],"collection":[{"href":"https:\/\/www.garciavarona.com\/en\/wp-json\/wp\/v2\/product"}],"about":[{"href":"https:\/\/www.garciavarona.com\/en\/wp-json\/wp\/v2\/types\/product"}],"version-history":[{"count":4,"href":"https:\/\/www.garciavarona.com\/en\/wp-json\/wp\/v2\/product\/19797\/revisions"}],"predecessor-version":[{"id":19826,"href":"https:\/\/www.garciavarona.com\/en\/wp-json\/wp\/v2\/product\/19797\/revisions\/19826"}],"wp:featuredmedia":[{"embeddable":true,"href":"https:\/\/www.garciavarona.com\/en\/wp-json\/wp\/v2\/media\/19817"}],"wp:attachment":[{"href":"https:\/\/www.garciavarona.com\/en\/wp-json\/wp\/v2\/media?parent=19797"}],"wp:term":[{"taxonomy":"product_brand","embeddable":true,"href":"https:\/\/www.garciavarona.com\/en\/wp-json\/wp\/v2\/product_brand?post=19797"},{"taxonomy":"product_cat","embeddable":true,"href":"https:\/\/www.garciavarona.com\/en\/wp-json\/wp\/v2\/product_cat?post=19797"},{"taxonomy":"product_tag","embeddable":true,"href":"https:\/\/www.garciavarona.com\/en\/wp-json\/wp\/v2\/product_tag?post=19797"}],"curies":[{"name":"wp","href":"https:\/\/api.w.org\/{rel}","templated":true}]}}