{"id":19838,"date":"2023-05-11T11:53:17","date_gmt":"2023-05-11T11:53:17","guid":{"rendered":"https:\/\/www.garciavarona.com\/?post_type=product&#038;p=19838"},"modified":"2025-10-06T16:48:59","modified_gmt":"2025-10-06T14:48:59","slug":"tarima-de-madera-de-roble-para-paredes-y-techos-perfil-friso","status":"publish","type":"product","link":"https:\/\/www.garciavarona.com\/en\/producto\/tarima-de-madera-de-roble-para-paredes-y-techos-perfil-friso\/","title":{"rendered":"Tarima de madera de roble para paredes y techos perfil friso"},"content":{"rendered":"<h1>Tarima para cubiertas y paredes de roble perfil friso<\/h1>\n<p>La<strong> tarima para cubiertas y paredes de madera de roble perfil friso <\/strong>(una especie de gran dureza y durabilidad natural) incluye el <a href=\"https:\/\/www.garciavarona.com\/Servicios-para-la-madera\/\" target=\"_blank\" rel=\"noopener\">tratamiento autoclave CU3<\/a>. El tratamiento autoclave es un protector preventivo y curativo de la madera. Este friso de madera de roble tiene un largo de 2.100 mm. Fabricamos esta tarima con uni\u00f3n finger.<\/p>\n<p>Precio por m2. <a href=\"https:\/\/www.garciavarona.com\/contactar\/\" target=\"_blank\" rel=\"noopener\">Consulta la oferta especial<\/a> por lote completo o m\u00e1s de 100 m2.<\/p>\n<p>Finwall de madera de roble macizo para revestimiento de paredes y cubiertas con <a href=\"https:\/\/www.garciavarona.com\/Servicios-para-la-madera\/\" target=\"_blank\" rel=\"noopener\">tratamiento autoclave CU3<\/a>. Por lo tanto, el <strong>friso de madera<\/strong> maciza se puede colocar en paredes y techos. Adem\u00e1s la tarima de madera es un buen aislamiento ac\u00fastico y t\u00e9rmico. Por esta raz\u00f3n son muchos los decoradores e interioristas que los utilizan en sus proyectos. En resumen, el revestimiento de madera ayuda a crear un ambiente c\u00e1lido y acogedor en el hogar, adem\u00e1s de contribuir a un buen aislamiento.<\/p>\n<h3>\u00bfBuscas el mejor revestimiento para tus paredes?<\/h3>\n<p>Si est\u00e1s buscando revestimiento de madera para paredes y techos, elige el friso de madera de roble macizo. Es una opci\u00f3n duradera y resistente as\u00ed como elegante y en tendencia. Este revestimiento lo fabricamos con madera real de bosques sostenibles. Tiene color natural de la madera de roble, ya que el tratamiento autoclave CU3 es transparente. Puedes aplicar alg\u00fan acabado, tinte o barniz, al finwall de roble para personalizarlo y adaptarlo a la decoraci\u00f3n del resto de la casa.<\/p>\n<p>El revestimiento de madera est\u00e1 actualmente en tendencia en la decoraci\u00f3n de interiores. Como la madera es un material vers\u00e1til, puede usarse en gran variedad de estilos de decoraci\u00f3n, desde la decoraci\u00f3n r\u00fastica hasta la m\u00e1s moderna. En cualquier caso es una opci\u00f3n cl\u00e1sica que ha sido utilizada en la decoraci\u00f3n de interiores durante muchos a\u00f1os. Por lo tanto, si est\u00e1s buscando una opci\u00f3n atemporal y duradera, la madera es una excelente elecci\u00f3n.<\/p>\n<h2>Ficha t\u00e9cnica de la tarima para cubiertas y paredes de roble con tratamiento CU3<\/h2>\n<table border=\"1\" cellpadding=\"5\">\n<tbody>\n<tr>\n<td><strong>Descripci\u00f3n<\/strong><\/td>\n<td>Tabla de roble 100% fabricada para interior y exterior. Perfil fabricado con tabla unida en finger, que proporciona una mayor estabilidad.<\/td>\n<\/tr>\n<tr>\n<td><strong>Largos<\/strong><\/td>\n<td>2.100 mm<\/td>\n<\/tr>\n<tr>\n<td><strong>Calidad<\/strong><\/td>\n<td>Im<\/td>\n<\/tr>\n<tr>\n<td><strong>Espesor<\/strong><\/td>\n<td>19 mm<\/td>\n<\/tr>\n<tr>\n<td><strong>Colocaci\u00f3n<\/strong><\/td>\n<td>En interior y exterior, cubiertas y paredes pegada y\/o clavada<\/td>\n<\/tr>\n<tr>\n<td><strong>Tratamiento<\/strong><\/td>\n<td>Autoclave CU3 incluido<\/td>\n<\/tr>\n<tr>\n<td><strong>Biseles<\/strong><\/td>\n<td>Go2<\/td>\n<\/tr>\n<\/tbody>\n<\/table>\n<p>&nbsp;<\/p>\n<h2><strong>Memoria de calidades<\/strong><\/h2>\n<table border=\"1\" cellpadding=\"5\">\n<tbody>\n<tr>\n<td>Memoria de Calidades<\/td>\n<td>C\u00d3DIGO<\/td>\n<td>MATICES NATURALES DE COLOR<\/td>\n<td>ALBURA<\/td>\n<td>NUDOS<\/td>\n<td>GRIETAS<\/td>\n<td>PICADURAS<\/td>\n<\/tr>\n<tr>\n<td>IMPERIAL<\/td>\n<td>Im<\/td>\n<td>Cara: Posibles variaciones de color. Espejuelo e hilo coraz\u00f3n permitido.<\/td>\n<td>Cara: Admisible.<\/td>\n<td>Cara: Decorativos, sin limite de tama\u00f1o y color, masillados.<\/td>\n<td>Cara: Masilladas.<\/td>\n<td>Cara: Perforaciones de insecto espor\u00e1dicas, masilladas.<\/td>\n<\/tr>\n<tr>\n<td colspan=\"7\">Contracara: Se admiten todas las singularidades posibles sin limitaci\u00f3n de tama\u00f1o o cantidad, siempre que no disminuyan la resistencia o la resistencia al desgaste del parqu\u00e9. Se admite la albura desde la contracara, hasta la parte superior de la leng\u00fceta sin considerar las limitaciones establecidas para la cara. Posibles picaduras.<\/td>\n<\/tr>\n<\/tbody>\n<\/table>\n","protected":false},"excerpt":{"rendered":"<p>Finwall macizo de roble; revestimiento de madera para cubiertas y paredes con tratamiento autoclave CU3 incluido. Precio por m2.<\/p>\n","protected":false},"featured_media":12243,"template":"","meta":[],"product_brand":[],"product_cat":[796,758,752,764,798,799],"product_tag":[1125,1126,1123,1122,1124],"class_list":{"0":"post-19838","1":"product","2":"type-product","3":"status-publish","4":"has-post-thumbnail","6":"product_cat-fachadas-de-madera","7":"product_cat-tarima-madera-interior","8":"product_cat-tarimas","9":"product_cat-tarima-madera-exterior","10":"product_cat-cubiertas-de-madera-interior","11":"product_cat-paredes","12":"product_tag-madera-exterior","13":"product_tag-suelo-de-madera-exterior","14":"product_tag-tarima-de-madera","15":"product_tag-tarima-de-roble","16":"product_tag-tarima-para-exterior","17":"pa_ancho-70-mm","18":"pa_ancho-90-mm","19":"pa_ancho-110-mm","20":"pa_ancho-130-mm","21":"pa_ancho-150-mm","22":"pa_bisel_tarima_interior-go2","23":"pa_calidad-imperial","24":"pa_grueso-14mm","25":"pa_grueso-19mm","26":"pa_marcas-solquer-parquets","27":"pa_perfil_tarima-fipf","28":"pa_sistema_resaltado_veta-sinsrv","30":"first","31":"instock","32":"taxable","33":"shipping-taxable","34":"purchasable","35":"product-type-variable","36":"has-default-attributes"},"yoast_head":"<!-- This site is optimized with the Yoast SEO plugin v27.3 - https:\/\/yoast.com\/product\/yoast-seo-wordpress\/ -->\n<title>Tarima para cubiertas y paredes de roble perfil friso<\/title>\n<meta name=\"description\" content=\"Finwall de roble. Tarima para cubiertas y paredes de roble perfil friso. Incluido tratamiento CU3. Uni\u00f3n finger. Finwall de 1,9 cm y largo 2,10 m. Oferta.\" \/>\n<meta name=\"robots\" content=\"index, follow, max-snippet:-1, max-image-preview:large, max-video-preview:-1\" \/>\n<link rel=\"canonical\" href=\"https:\/\/www.garciavarona.com\/en\/producto\/tarima-de-madera-de-roble-para-paredes-y-techos-perfil-friso\/\" \/>\n<meta property=\"og:locale\" content=\"en_US\" \/>\n<meta property=\"og:type\" content=\"article\" \/>\n<meta property=\"og:title\" content=\"Tarima para cubiertas y paredes de roble perfil friso\" \/>\n<meta property=\"og:description\" content=\"Finwall de roble. Tarima para cubiertas y paredes de roble perfil friso. Incluido tratamiento CU3. Uni\u00f3n finger. Finwall de 1,9 cm y largo 2,10 m. Oferta.\" \/>\n<meta property=\"og:url\" content=\"https:\/\/www.garciavarona.com\/en\/producto\/tarima-de-madera-de-roble-para-paredes-y-techos-perfil-friso\/\" \/>\n<meta property=\"og:site_name\" content=\"Maderas Garcia Varona\" \/>\n<meta property=\"article:publisher\" content=\"https:\/\/www.facebook.com\/maderasgarciavaronagrupo\" \/>\n<meta property=\"article:modified_time\" content=\"2025-10-06T14:48:59+00:00\" \/>\n<meta property=\"og:image\" content=\"https:\/\/www.garciavarona.com\/wp-content\/uploads\/2019\/10\/799-Tarima-de-roble-europeo-para-paredes-y-techos-90-mm-de-ancho.jpg\" \/>\n\t<meta property=\"og:image:width\" content=\"525\" \/>\n\t<meta property=\"og:image:height\" content=\"525\" \/>\n\t<meta property=\"og:image:type\" content=\"image\/jpeg\" \/>\n<meta name=\"twitter:card\" content=\"summary_large_image\" \/>\n<meta name=\"twitter:site\" content=\"@maderasvaronars\" \/>\n<meta name=\"twitter:label1\" content=\"Est. reading time\" \/>\n\t<meta name=\"twitter:data1\" content=\"3 minutes\" \/>\n<script type=\"application\/ld+json\" class=\"yoast-schema-graph\">{\"@context\":\"https:\\\/\\\/schema.org\",\"@graph\":[{\"@type\":[\"WebPage\",\"ItemPage\"],\"@id\":\"https:\\\/\\\/www.garciavarona.com\\\/en\\\/producto\\\/tarima-de-madera-de-roble-para-paredes-y-techos-perfil-friso\\\/\",\"url\":\"https:\\\/\\\/www.garciavarona.com\\\/en\\\/producto\\\/tarima-de-madera-de-roble-para-paredes-y-techos-perfil-friso\\\/\",\"name\":\"Tarima para cubiertas y paredes de roble perfil friso\",\"isPartOf\":{\"@id\":\"https:\\\/\\\/www.garciavarona.com\\\/en\\\/#website\"},\"primaryImageOfPage\":{\"@id\":\"https:\\\/\\\/www.garciavarona.com\\\/en\\\/producto\\\/tarima-de-madera-de-roble-para-paredes-y-techos-perfil-friso\\\/#primaryimage\"},\"image\":{\"@id\":\"https:\\\/\\\/www.garciavarona.com\\\/en\\\/producto\\\/tarima-de-madera-de-roble-para-paredes-y-techos-perfil-friso\\\/#primaryimage\"},\"thumbnailUrl\":\"https:\\\/\\\/www.garciavarona.com\\\/wp-content\\\/uploads\\\/2019\\\/10\\\/799-Tarima-de-roble-europeo-para-paredes-y-techos-90-mm-de-ancho.jpg\",\"datePublished\":\"2023-05-11T11:53:17+00:00\",\"dateModified\":\"2025-10-06T14:48:59+00:00\",\"description\":\"Finwall de roble. Tarima para cubiertas y paredes de roble perfil friso. Incluido tratamiento CU3. Uni\u00f3n finger. Finwall de 1,9 cm y largo 2,10 m. Oferta.\",\"breadcrumb\":{\"@id\":\"https:\\\/\\\/www.garciavarona.com\\\/en\\\/producto\\\/tarima-de-madera-de-roble-para-paredes-y-techos-perfil-friso\\\/#breadcrumb\"},\"inLanguage\":\"en-US\",\"potentialAction\":[{\"@type\":\"ReadAction\",\"target\":[\"https:\\\/\\\/www.garciavarona.com\\\/en\\\/producto\\\/tarima-de-madera-de-roble-para-paredes-y-techos-perfil-friso\\\/\"]}]},{\"@type\":\"ImageObject\",\"inLanguage\":\"en-US\",\"@id\":\"https:\\\/\\\/www.garciavarona.com\\\/en\\\/producto\\\/tarima-de-madera-de-roble-para-paredes-y-techos-perfil-friso\\\/#primaryimage\",\"url\":\"https:\\\/\\\/www.garciavarona.com\\\/wp-content\\\/uploads\\\/2019\\\/10\\\/799-Tarima-de-roble-europeo-para-paredes-y-techos-90-mm-de-ancho.jpg\",\"contentUrl\":\"https:\\\/\\\/www.garciavarona.com\\\/wp-content\\\/uploads\\\/2019\\\/10\\\/799-Tarima-de-roble-europeo-para-paredes-y-techos-90-mm-de-ancho.jpg\",\"width\":525,\"height\":525,\"caption\":\"Tarima de roble europeo para paredes y techos 90 mm de ancho\"},{\"@type\":\"BreadcrumbList\",\"@id\":\"https:\\\/\\\/www.garciavarona.com\\\/en\\\/producto\\\/tarima-de-madera-de-roble-para-paredes-y-techos-perfil-friso\\\/#breadcrumb\",\"itemListElement\":[{\"@type\":\"ListItem\",\"position\":1,\"name\":\"Portada\",\"item\":\"https:\\\/\\\/www.garciavarona.com\\\/en\\\/\"},{\"@type\":\"ListItem\",\"position\":2,\"name\":\"Tienda Maderas Garc\u00eda Varona\",\"item\":\"https:\\\/\\\/www.garciavarona.com\\\/tienda\\\/\"},{\"@type\":\"ListItem\",\"position\":3,\"name\":\"Tarima de madera de roble para paredes y techos perfil friso\"}]},{\"@type\":\"WebSite\",\"@id\":\"https:\\\/\\\/www.garciavarona.com\\\/en\\\/#website\",\"url\":\"https:\\\/\\\/www.garciavarona.com\\\/en\\\/\",\"name\":\"Maderas Garcia Varona\",\"description\":\"Fabrica y Aserradero de Madera. Expertos en Madera\",\"publisher\":{\"@id\":\"https:\\\/\\\/www.garciavarona.com\\\/en\\\/#organization\"},\"potentialAction\":[{\"@type\":\"SearchAction\",\"target\":{\"@type\":\"EntryPoint\",\"urlTemplate\":\"https:\\\/\\\/www.garciavarona.com\\\/en\\\/?s={search_term_string}\"},\"query-input\":{\"@type\":\"PropertyValueSpecification\",\"valueRequired\":true,\"valueName\":\"search_term_string\"}}],\"inLanguage\":\"en-US\"},{\"@type\":\"Organization\",\"@id\":\"https:\\\/\\\/www.garciavarona.com\\\/en\\\/#organization\",\"name\":\"Maderas Garcia Varona\",\"url\":\"https:\\\/\\\/www.garciavarona.com\\\/en\\\/\",\"logo\":{\"@type\":\"ImageObject\",\"inLanguage\":\"en-US\",\"@id\":\"https:\\\/\\\/www.garciavarona.com\\\/en\\\/#\\\/schema\\\/logo\\\/image\\\/\",\"url\":\"https:\\\/\\\/www.garciavarona.com\\\/wp-content\\\/uploads\\\/2022\\\/06\\\/logoGarciaVarona.svg\",\"contentUrl\":\"https:\\\/\\\/www.garciavarona.com\\\/wp-content\\\/uploads\\\/2022\\\/06\\\/logoGarciaVarona.svg\",\"width\":1020,\"height\":200,\"caption\":\"Maderas Garcia Varona\"},\"image\":{\"@id\":\"https:\\\/\\\/www.garciavarona.com\\\/en\\\/#\\\/schema\\\/logo\\\/image\\\/\"},\"sameAs\":[\"https:\\\/\\\/www.facebook.com\\\/maderasgarciavaronagrupo\",\"https:\\\/\\\/x.com\\\/maderasvaronars\",\"https:\\\/\\\/www.instagram.com\\\/maderasgarciavarona\\\/\",\"https:\\\/\\\/www.linkedin.com\\\/company\\\/maderas-garcia-varona\\\/\",\"https:\\\/\\\/www.youtube.com\\\/channel\\\/UCGUEME06N_h66pB2coJC83w\\\/featured\"]}]}<\/script>\n<!-- \/ Yoast SEO plugin. -->","yoast_head_json":{"title":"Tarima para cubiertas y paredes de roble perfil friso","description":"Finwall de roble. Tarima para cubiertas y paredes de roble perfil friso. Incluido tratamiento CU3. Uni\u00f3n finger. Finwall de 1,9 cm y largo 2,10 m. Oferta.","robots":{"index":"index","follow":"follow","max-snippet":"max-snippet:-1","max-image-preview":"max-image-preview:large","max-video-preview":"max-video-preview:-1"},"canonical":"https:\/\/www.garciavarona.com\/en\/producto\/tarima-de-madera-de-roble-para-paredes-y-techos-perfil-friso\/","og_locale":"en_US","og_type":"article","og_title":"Tarima para cubiertas y paredes de roble perfil friso","og_description":"Finwall de roble. Tarima para cubiertas y paredes de roble perfil friso. Incluido tratamiento CU3. Uni\u00f3n finger. Finwall de 1,9 cm y largo 2,10 m. Oferta.","og_url":"https:\/\/www.garciavarona.com\/en\/producto\/tarima-de-madera-de-roble-para-paredes-y-techos-perfil-friso\/","og_site_name":"Maderas Garcia Varona","article_publisher":"https:\/\/www.facebook.com\/maderasgarciavaronagrupo","article_modified_time":"2025-10-06T14:48:59+00:00","og_image":[{"width":525,"height":525,"url":"https:\/\/www.garciavarona.com\/wp-content\/uploads\/2019\/10\/799-Tarima-de-roble-europeo-para-paredes-y-techos-90-mm-de-ancho.jpg","type":"image\/jpeg"}],"twitter_card":"summary_large_image","twitter_site":"@maderasvaronars","twitter_misc":{"Est. reading time":"3 minutes"},"schema":{"@context":"https:\/\/schema.org","@graph":[{"@type":["WebPage","ItemPage"],"@id":"https:\/\/www.garciavarona.com\/en\/producto\/tarima-de-madera-de-roble-para-paredes-y-techos-perfil-friso\/","url":"https:\/\/www.garciavarona.com\/en\/producto\/tarima-de-madera-de-roble-para-paredes-y-techos-perfil-friso\/","name":"Tarima para cubiertas y paredes de roble perfil friso","isPartOf":{"@id":"https:\/\/www.garciavarona.com\/en\/#website"},"primaryImageOfPage":{"@id":"https:\/\/www.garciavarona.com\/en\/producto\/tarima-de-madera-de-roble-para-paredes-y-techos-perfil-friso\/#primaryimage"},"image":{"@id":"https:\/\/www.garciavarona.com\/en\/producto\/tarima-de-madera-de-roble-para-paredes-y-techos-perfil-friso\/#primaryimage"},"thumbnailUrl":"https:\/\/www.garciavarona.com\/wp-content\/uploads\/2019\/10\/799-Tarima-de-roble-europeo-para-paredes-y-techos-90-mm-de-ancho.jpg","datePublished":"2023-05-11T11:53:17+00:00","dateModified":"2025-10-06T14:48:59+00:00","description":"Finwall de roble. Tarima para cubiertas y paredes de roble perfil friso. Incluido tratamiento CU3. Uni\u00f3n finger. Finwall de 1,9 cm y largo 2,10 m. Oferta.","breadcrumb":{"@id":"https:\/\/www.garciavarona.com\/en\/producto\/tarima-de-madera-de-roble-para-paredes-y-techos-perfil-friso\/#breadcrumb"},"inLanguage":"en-US","potentialAction":[{"@type":"ReadAction","target":["https:\/\/www.garciavarona.com\/en\/producto\/tarima-de-madera-de-roble-para-paredes-y-techos-perfil-friso\/"]}]},{"@type":"ImageObject","inLanguage":"en-US","@id":"https:\/\/www.garciavarona.com\/en\/producto\/tarima-de-madera-de-roble-para-paredes-y-techos-perfil-friso\/#primaryimage","url":"https:\/\/www.garciavarona.com\/wp-content\/uploads\/2019\/10\/799-Tarima-de-roble-europeo-para-paredes-y-techos-90-mm-de-ancho.jpg","contentUrl":"https:\/\/www.garciavarona.com\/wp-content\/uploads\/2019\/10\/799-Tarima-de-roble-europeo-para-paredes-y-techos-90-mm-de-ancho.jpg","width":525,"height":525,"caption":"Tarima de roble europeo para paredes y techos 90 mm de ancho"},{"@type":"BreadcrumbList","@id":"https:\/\/www.garciavarona.com\/en\/producto\/tarima-de-madera-de-roble-para-paredes-y-techos-perfil-friso\/#breadcrumb","itemListElement":[{"@type":"ListItem","position":1,"name":"Portada","item":"https:\/\/www.garciavarona.com\/en\/"},{"@type":"ListItem","position":2,"name":"Tienda Maderas Garc\u00eda Varona","item":"https:\/\/www.garciavarona.com\/tienda\/"},{"@type":"ListItem","position":3,"name":"Tarima de madera de roble para paredes y techos perfil friso"}]},{"@type":"WebSite","@id":"https:\/\/www.garciavarona.com\/en\/#website","url":"https:\/\/www.garciavarona.com\/en\/","name":"Maderas Garcia Varona","description":"Fabrica y Aserradero de Madera. Expertos en Madera","publisher":{"@id":"https:\/\/www.garciavarona.com\/en\/#organization"},"potentialAction":[{"@type":"SearchAction","target":{"@type":"EntryPoint","urlTemplate":"https:\/\/www.garciavarona.com\/en\/?s={search_term_string}"},"query-input":{"@type":"PropertyValueSpecification","valueRequired":true,"valueName":"search_term_string"}}],"inLanguage":"en-US"},{"@type":"Organization","@id":"https:\/\/www.garciavarona.com\/en\/#organization","name":"Maderas Garcia Varona","url":"https:\/\/www.garciavarona.com\/en\/","logo":{"@type":"ImageObject","inLanguage":"en-US","@id":"https:\/\/www.garciavarona.com\/en\/#\/schema\/logo\/image\/","url":"https:\/\/www.garciavarona.com\/wp-content\/uploads\/2022\/06\/logoGarciaVarona.svg","contentUrl":"https:\/\/www.garciavarona.com\/wp-content\/uploads\/2022\/06\/logoGarciaVarona.svg","width":1020,"height":200,"caption":"Maderas Garcia Varona"},"image":{"@id":"https:\/\/www.garciavarona.com\/en\/#\/schema\/logo\/image\/"},"sameAs":["https:\/\/www.facebook.com\/maderasgarciavaronagrupo","https:\/\/x.com\/maderasvaronars","https:\/\/www.instagram.com\/maderasgarciavarona\/","https:\/\/www.linkedin.com\/company\/maderas-garcia-varona\/","https:\/\/www.youtube.com\/channel\/UCGUEME06N_h66pB2coJC83w\/featured"]}]}},"_links":{"self":[{"href":"https:\/\/www.garciavarona.com\/en\/wp-json\/wp\/v2\/product\/19838","targetHints":{"allow":["GET"]}}],"collection":[{"href":"https:\/\/www.garciavarona.com\/en\/wp-json\/wp\/v2\/product"}],"about":[{"href":"https:\/\/www.garciavarona.com\/en\/wp-json\/wp\/v2\/types\/product"}],"version-history":[{"count":7,"href":"https:\/\/www.garciavarona.com\/en\/wp-json\/wp\/v2\/product\/19838\/revisions"}],"predecessor-version":[{"id":19852,"href":"https:\/\/www.garciavarona.com\/en\/wp-json\/wp\/v2\/product\/19838\/revisions\/19852"}],"wp:featuredmedia":[{"embeddable":true,"href":"https:\/\/www.garciavarona.com\/en\/wp-json\/wp\/v2\/media\/12243"}],"wp:attachment":[{"href":"https:\/\/www.garciavarona.com\/en\/wp-json\/wp\/v2\/media?parent=19838"}],"wp:term":[{"taxonomy":"product_brand","embeddable":true,"href":"https:\/\/www.garciavarona.com\/en\/wp-json\/wp\/v2\/product_brand?post=19838"},{"taxonomy":"product_cat","embeddable":true,"href":"https:\/\/www.garciavarona.com\/en\/wp-json\/wp\/v2\/product_cat?post=19838"},{"taxonomy":"product_tag","embeddable":true,"href":"https:\/\/www.garciavarona.com\/en\/wp-json\/wp\/v2\/product_tag?post=19838"}],"curies":[{"name":"wp","href":"https:\/\/api.w.org\/{rel}","templated":true}]}}