{"id":20071,"date":"2023-05-25T12:39:57","date_gmt":"2023-05-25T12:39:57","guid":{"rendered":"https:\/\/www.garciavarona.com\/?post_type=product&#038;p=20071"},"modified":"2025-09-01T12:32:40","modified_gmt":"2025-09-01T10:32:40","slug":"tablon-de-haya-maciza-sin-cantear-por-paquetes","status":"publish","type":"product","link":"https:\/\/www.garciavarona.com\/en\/producto\/tablon-de-haya-maciza-sin-cantear-por-paquetes\/","title":{"rendered":"Tabl\u00f3n de haya maciza sin cantear por paquetes"},"content":{"rendered":"<h2>Tabl\u00f3n de haya maciza sin cantear por paquetes<\/h2>\n<p>Tabl\u00f3n de haya maciza sin cantear por paquetes. <strong>Tarugo de madera de haya<\/strong> sin cantear dos lados. Madera de haya en boule. Madera natural en bruto, sin cepillar. Puede tener corteza. Detalle de los paquetes m\u00e1s abajo. Precio por paquete.<\/p>\n<p>El tabl\u00f3n de madera puede usarse para fabricar una mesa r\u00fastica conservando la forma del tronco. Es una secci\u00f3n longitudinal de tronco de haya o tambi\u00e9n llamado tronco aserrado en boule. Recomendamos que esta madera en bruto sea trabajada por un profesional.<\/p>\n<p>Madera natural sin tratamientos, por lo que pueden tener nudos, grietas o betas de distintos colores. Se trata de peculiaridades propias de la naturaleza de la madera. Por lo tanto no son considerados defectos ni pueden ser motivo de cambio o devoluci\u00f3n.<\/p>\n<h4>DETALLE DE LAS MEDIDAS DEL TABL\u00d3N DE HAYA SIN CANTEAR POR PAQUETE<\/h4>\n<p>(en mil\u00edmetros)<\/p>\n<h5>TABL\u00d3N DE HAYA PAQUETE 1<\/h5>\n<table border=\"1\" cellpadding=\"5\">\n<tbody>\n<tr>\n<td>N\u00ba de paquete<\/td>\n<td>Largo<\/td>\n<td>Ancho\u00b9<\/td>\n<td>Grueso<\/td>\n<td>m3<\/td>\n<td>Unidades<\/td>\n<\/tr>\n<tr>\n<td>Paquete 1<\/td>\n<td>3.500<\/td>\n<td>300<\/td>\n<td>40<\/td>\n<td>0,042<\/td>\n<td>1<\/td>\n<\/tr>\n<tr>\n<td>Paquete 1<\/td>\n<td>3.500<\/td>\n<td>400<\/td>\n<td>50<\/td>\n<td>0,07<\/td>\n<td>1<\/td>\n<\/tr>\n<tr>\n<td>Paquete 1<\/td>\n<td>3.500<\/td>\n<td>500<\/td>\n<td>50<\/td>\n<td>0,0875<\/td>\n<td>1<\/td>\n<\/tr>\n<tr>\n<td>Paquete 1<\/td>\n<td>3.500<\/td>\n<td>550<\/td>\n<td>50<\/td>\n<td>0,09625<\/td>\n<td>1<\/td>\n<\/tr>\n<tr>\n<td>Paquete 1<\/td>\n<td>3.500<\/td>\n<td>600<\/td>\n<td>50<\/td>\n<td>0,105<\/td>\n<td>1<\/td>\n<\/tr>\n<tr>\n<td>Paquete 1<\/td>\n<td>3.500<\/td>\n<td>650<\/td>\n<td>50<\/td>\n<td>0,11375<\/td>\n<td>1<\/td>\n<\/tr>\n<tr>\n<td>Paquete 1<\/td>\n<td>3.500<\/td>\n<td>680<\/td>\n<td>50<\/td>\n<td>0,119<\/td>\n<td>1<\/td>\n<\/tr>\n<tr>\n<td>Paquete 1<\/td>\n<td>3.500<\/td>\n<td>700<\/td>\n<td>50<\/td>\n<td>0,1225<\/td>\n<td>1<\/td>\n<\/tr>\n<tr>\n<td>Paquete 1<\/td>\n<td>3.500<\/td>\n<td>700<\/td>\n<td>80<\/td>\n<td>0,196<\/td>\n<td>1<\/td>\n<\/tr>\n<tr>\n<td>Paquete 1<\/td>\n<td>3.500<\/td>\n<td>750<\/td>\n<td>100<\/td>\n<td>0,2625<\/td>\n<td>1<\/td>\n<\/tr>\n<tr>\n<td>TOTAL<\/td>\n<td><\/td>\n<td><\/td>\n<td><\/td>\n<td>1,215<\/td>\n<td>10<\/td>\n<\/tr>\n<\/tbody>\n<\/table>\n<h5>TABL\u00d3N DE HAYA PAQUETE 2<\/h5>\n<table border=\"1\" cellpadding=\"5\">\n<tbody>\n<tr>\n<td>N\u00ba de paquete<\/td>\n<td>Largo<\/td>\n<td>Ancho\u00b9<\/td>\n<td>Grueso<\/td>\n<td>m3<\/td>\n<td>Unidades<\/td>\n<\/tr>\n<tr>\n<td>Paquete 2<\/td>\n<td>2.700<\/td>\n<td>250<\/td>\n<td>30<\/td>\n<td>0,02<\/td>\n<td>1<\/td>\n<\/tr>\n<tr>\n<td>Paquete 2<\/td>\n<td>2.700<\/td>\n<td>400<\/td>\n<td>60<\/td>\n<td>0,065<\/td>\n<td>1<\/td>\n<\/tr>\n<tr>\n<td>Paquete 2<\/td>\n<td>2.700<\/td>\n<td>500<\/td>\n<td>60<\/td>\n<td>0,081<\/td>\n<td>1<\/td>\n<\/tr>\n<tr>\n<td>Paquete 2<\/td>\n<td>2.700<\/td>\n<td>550<\/td>\n<td>60<\/td>\n<td>0,089<\/td>\n<td>1<\/td>\n<\/tr>\n<tr>\n<td>Paquete 2<\/td>\n<td>2.700<\/td>\n<td>600<\/td>\n<td>60<\/td>\n<td>0,097<\/td>\n<td>1<\/td>\n<\/tr>\n<tr>\n<td>Paquete 2<\/td>\n<td>2.700<\/td>\n<td>650<\/td>\n<td>60<\/td>\n<td>0,211<\/td>\n<td>2<\/td>\n<\/tr>\n<tr>\n<td>Paquete 2<\/td>\n<td>2.700<\/td>\n<td>750<\/td>\n<td>60<\/td>\n<td>0,122<\/td>\n<td>1<\/td>\n<\/tr>\n<tr>\n<td>Paquete 2<\/td>\n<td>2.700<\/td>\n<td>700<\/td>\n<td>80<\/td>\n<td>0,151<\/td>\n<td>1<\/td>\n<\/tr>\n<tr>\n<td>Paquete 2<\/td>\n<td>2.700<\/td>\n<td>730<\/td>\n<td>80<\/td>\n<td>0,158<\/td>\n<td>1<\/td>\n<\/tr>\n<tr>\n<td>TOTAL<\/td>\n<td><\/td>\n<td><\/td>\n<td><\/td>\n<td>0,993<\/td>\n<td>10<\/td>\n<\/tr>\n<\/tbody>\n<\/table>\n<h5>TABL\u00d3N DE HAYA PAQUETE 3<\/h5>\n<table border=\"1\" cellpadding=\"5\">\n<tbody>\n<tr>\n<td>N\u00ba de paquete<\/td>\n<td>Largo<\/td>\n<td>Ancho\u00b9<\/td>\n<td>Grueso<\/td>\n<td>m3<\/td>\n<td>Unidades<\/td>\n<\/tr>\n<tr>\n<td>Paquete 3<\/td>\n<td>2.000<\/td>\n<td>400<\/td>\n<td>60<\/td>\n<td>0,048<\/td>\n<td>1<\/td>\n<\/tr>\n<tr>\n<td>Paquete 3<\/td>\n<td>2.000<\/td>\n<td>450<\/td>\n<td>60<\/td>\n<td>0,054<\/td>\n<td>1<\/td>\n<\/tr>\n<tr>\n<td>Paquete 3<\/td>\n<td>2.000<\/td>\n<td>460<\/td>\n<td>60<\/td>\n<td>0,055<\/td>\n<td>1<\/td>\n<\/tr>\n<tr>\n<td>Paquete 3<\/td>\n<td>2.000<\/td>\n<td>470<\/td>\n<td>60<\/td>\n<td>0,056<\/td>\n<td>1<\/td>\n<\/tr>\n<tr>\n<td>Paquete 3<\/td>\n<td>2.000<\/td>\n<td>480<\/td>\n<td>60<\/td>\n<td>0,058<\/td>\n<td>1<\/td>\n<\/tr>\n<tr>\n<td>Paquete 3<\/td>\n<td>2.000<\/td>\n<td>500<\/td>\n<td>60<\/td>\n<td>0,120<\/td>\n<td>2<\/td>\n<\/tr>\n<tr>\n<td>Paquete 3<\/td>\n<td>2.000<\/td>\n<td>530<\/td>\n<td>60<\/td>\n<td>0,127<\/td>\n<td>2<\/td>\n<\/tr>\n<tr>\n<td>Paquete 3<\/td>\n<td>2.000<\/td>\n<td>550<\/td>\n<td>60<\/td>\n<td>0,066<\/td>\n<td>1<\/td>\n<\/tr>\n<tr>\n<td>Paquete 3<\/td>\n<td>2.000<\/td>\n<td>560<\/td>\n<td>60<\/td>\n<td>0,202<\/td>\n<td>3<\/td>\n<\/tr>\n<tr>\n<td>Paquete 3<\/td>\n<td>2.000<\/td>\n<td>580<\/td>\n<td>60<\/td>\n<td>0,070<\/td>\n<td>1<\/td>\n<\/tr>\n<tr>\n<td>Paquete 3<\/td>\n<td>2.000<\/td>\n<td>600<\/td>\n<td>60<\/td>\n<td>0,216<\/td>\n<td>3<\/td>\n<\/tr>\n<tr>\n<td>Paquete 3<\/td>\n<td>2.000<\/td>\n<td>650<\/td>\n<td>60<\/td>\n<td>0,078<\/td>\n<td>1<\/td>\n<\/tr>\n<tr>\n<td>TOTAL<\/td>\n<td><\/td>\n<td><\/td>\n<td><\/td>\n<td>1,150<\/td>\n<td>18<\/td>\n<\/tr>\n<\/tbody>\n<\/table>\n<h5>TABL\u00d3N DE HAYA PAQUETE 4<\/h5>\n<table border=\"1\" cellpadding=\"5\">\n<tbody>\n<tr>\n<td>N\u00ba de paquete<\/td>\n<td>Largo<\/td>\n<td>Ancho\u00b9<\/td>\n<td>Grueso<\/td>\n<td>m3<\/td>\n<td>Unidades<\/td>\n<\/tr>\n<tr>\n<td>Paquete 4<\/td>\n<td>2.700<\/td>\n<td>500<\/td>\n<td>60<\/td>\n<td>0,081<\/td>\n<td>1<\/td>\n<\/tr>\n<tr>\n<td>Paquete 4<\/td>\n<td>2.700<\/td>\n<td>600<\/td>\n<td>60<\/td>\n<td>0,194<\/td>\n<td>2<\/td>\n<\/tr>\n<tr>\n<td>Paquete 4<\/td>\n<td>2.700<\/td>\n<td>650<\/td>\n<td>60<\/td>\n<td>0,211<\/td>\n<td>2<\/td>\n<\/tr>\n<tr>\n<td>Paquete 4<\/td>\n<td>2.700<\/td>\n<td>700<\/td>\n<td>60<\/td>\n<td>0,113<\/td>\n<td>1<\/td>\n<\/tr>\n<tr>\n<td>TOTAL<\/td>\n<td><\/td>\n<td><\/td>\n<td><\/td>\n<td>0,599<\/td>\n<td>6<\/td>\n<\/tr>\n<\/tbody>\n<\/table>\n<h5>TABL\u00d3N DE HAYA PAQUETE 5<\/h5>\n<p>En este paquete hay presencia de insecto en la corteza (25%).<\/p>\n<table border=\"1\" cellpadding=\"5\">\n<tbody>\n<tr>\n<td>N\u00ba de paquete<\/td>\n<td>Largo\u00b2<\/td>\n<td>Ancho\u00b3<\/td>\n<td>Grueso<\/td>\n<td>m3<\/td>\n<td>Unidades<\/td>\n<\/tr>\n<tr>\n<td>Paquete 5<\/td>\n<td>3.200<\/td>\n<td>600<\/td>\n<td>50<\/td>\n<td>2,208<\/td>\n<td>23<\/td>\n<\/tr>\n<tr>\n<td>TOTAL<\/td>\n<td><\/td>\n<td><\/td>\n<td><\/td>\n<td>2,208<\/td>\n<td>23<\/td>\n<\/tr>\n<\/tbody>\n<\/table>\n<h5>TABL\u00d3N DE HAYA PAQUETE 6<\/h5>\n<table border=\"1\" cellpadding=\"5\">\n<tbody>\n<tr>\n<td>N\u00ba de paquete<\/td>\n<td>Largo<\/td>\n<td>Ancho\u00b9<\/td>\n<td>Grueso<\/td>\n<td>m3<\/td>\n<td>Unidades<\/td>\n<\/tr>\n<tr>\n<td>Paquete 6<\/td>\n<td>4.000<\/td>\n<td>200<\/td>\n<td>60<\/td>\n<td>0,192<\/td>\n<td>4<\/td>\n<\/tr>\n<tr>\n<td>Paquete 6<\/td>\n<td>4.000<\/td>\n<td>250<\/td>\n<td>60<\/td>\n<td>0,120<\/td>\n<td>2<\/td>\n<\/tr>\n<tr>\n<td>Paquete 6<\/td>\n<td>4.000<\/td>\n<td>300<\/td>\n<td>60<\/td>\n<td>0,720<\/td>\n<td>10<\/td>\n<\/tr>\n<tr>\n<td>Paquete 6<\/td>\n<td>4.000<\/td>\n<td>350<\/td>\n<td>60<\/td>\n<td>0,168<\/td>\n<td>2<\/td>\n<\/tr>\n<tr>\n<td>Paquete 6<\/td>\n<td>4.000<\/td>\n<td>400<\/td>\n<td>60<\/td>\n<td>1,056<\/td>\n<td>11<\/td>\n<\/tr>\n<tr>\n<td>Paquete 6<\/td>\n<td>4.000<\/td>\n<td>450<\/td>\n<td>60<\/td>\n<td>0,108<\/td>\n<td>1<\/td>\n<\/tr>\n<tr>\n<td>Paquete 6<\/td>\n<td>4.000<\/td>\n<td>500<\/td>\n<td>60<\/td>\n<td>0,120<\/td>\n<td>1<\/td>\n<\/tr>\n<tr>\n<td>TOTAL<\/td>\n<td><\/td>\n<td><\/td>\n<td><\/td>\n<td>2,484<\/td>\n<td>31<\/td>\n<\/tr>\n<\/tbody>\n<\/table>\n<h5>TABL\u00d3N DE HAYA PAQUETE 7<\/h5>\n<table border=\"1\" cellpadding=\"5\">\n<tbody>\n<tr>\n<td>N\u00ba de paquete<\/td>\n<td>Largo<\/td>\n<td>Ancho\u00b9<\/td>\n<td>Grueso<\/td>\n<td>m3<\/td>\n<td>Unidades<\/td>\n<\/tr>\n<tr>\n<td>Paquete 7<\/td>\n<td>2.500<\/td>\n<td>250<\/td>\n<td>40<\/td>\n<td>0,025<\/td>\n<td>1<\/td>\n<\/tr>\n<tr>\n<td>Paquete 7<\/td>\n<td>2.500<\/td>\n<td>300<\/td>\n<td>40<\/td>\n<td>0,030<\/td>\n<td>1<\/td>\n<\/tr>\n<tr>\n<td>Paquete 7<\/td>\n<td>2.500<\/td>\n<td>300<\/td>\n<td>50<\/td>\n<td>0,075<\/td>\n<td>2<\/td>\n<\/tr>\n<tr>\n<td>Paquete 7<\/td>\n<td>2.500<\/td>\n<td>350<\/td>\n<td>50<\/td>\n<td>0,044<\/td>\n<td>1<\/td>\n<\/tr>\n<tr>\n<td>Paquete 7<\/td>\n<td>2.500<\/td>\n<td>400<\/td>\n<td>50<\/td>\n<td>0,050<\/td>\n<td>1<\/td>\n<\/tr>\n<tr>\n<td>Paquete 7<\/td>\n<td>2.500<\/td>\n<td>400<\/td>\n<td>100<\/td>\n<td>0,100<\/td>\n<td>1<\/td>\n<\/tr>\n<tr>\n<td>TOTAL<\/td>\n<td><\/td>\n<td><\/td>\n<td><\/td>\n<td>0,324<\/td>\n<td>7<\/td>\n<\/tr>\n<\/tbody>\n<\/table>\n<p><em>\u00b9 Ancho aproximado medido en cabeza<\/em><\/p>\n<p><em>\u00b2 Largos varios, m\u00e1ximo y mayor\u00eda 3.200 mm<\/em><\/p>\n<p><em>\u00b3 Ancho aproximado por fila<\/em><\/p>\n","protected":false},"excerpt":{"rendered":"<p>Tabl\u00f3n de haya maciza sin cantear por paquete. Madera en boule. Precio por paquete. RECOGIDA EN TIENDA.<\/p>\n","protected":false},"featured_media":20086,"template":"","meta":[],"product_brand":[],"product_cat":[2075,774,778,755,781,756,757],"product_tag":[2101,2102,1298,2100,1288,1294],"class_list":{"0":"post-20071","1":"product","2":"type-product","3":"status-publish","4":"has-post-thumbnail","6":"product_cat-producto-recogida-en-tienda","7":"product_cat-tabla-outlet","8":"product_cat-mesa-rustica","9":"product_cat-construccion","10":"product_cat-tabla-de-madera","11":"product_cat-decoracion-madera","12":"product_cat-outlet-de-madera","13":"product_tag-boule","14":"product_tag-boule-de-madera","15":"product_tag-rodaja-de-madera","16":"product_tag-tablon-de-haya","17":"product_tag-tablon-de-madera","18":"product_tag-tronco-de-madera","19":"pa_grueso-varios","20":"pa_grueso-30mm","21":"pa_grueso-40-mm","22":"pa_grueso-50-mm","23":"pa_grueso-60-mm","24":"pa_grueso-80-mm","25":"pa_grueso-100-mm","26":"pa_largo-2000mm","27":"pa_largo-2500mm","28":"pa_largo-2-700-mm","29":"pa_largo-3-200-mm","30":"pa_largo-3500mm","31":"pa_largo-4-000-mm","33":"first","34":"instock","35":"taxable","36":"shipping-taxable","37":"purchasable","38":"product-type-variable"},"yoast_head":"<!-- This site is optimized with the Yoast SEO plugin v27.3 - https:\/\/yoast.com\/product\/yoast-seo-wordpress\/ -->\n<title>Tabl\u00f3n de haya maciza sin cantear por paquetes | Garc\u00eda Varona<\/title>\n<meta name=\"description\" content=\"Tabl\u00f3n de haya maciza sin cantear por paquetes. Tarugo de madera de haya sin cantear dos lados. Madera natural en bruto, sin cepillar. Boules.\" \/>\n<meta name=\"robots\" content=\"index, follow, max-snippet:-1, max-image-preview:large, max-video-preview:-1\" \/>\n<link rel=\"canonical\" href=\"https:\/\/www.garciavarona.com\/en\/producto\/tablon-de-haya-maciza-sin-cantear-por-paquetes\/\" \/>\n<meta property=\"og:locale\" content=\"en_US\" \/>\n<meta property=\"og:type\" content=\"article\" \/>\n<meta property=\"og:title\" content=\"Tabl\u00f3n de haya maciza sin cantear por paquetes | Garc\u00eda Varona\" \/>\n<meta property=\"og:description\" content=\"Tabl\u00f3n de haya maciza sin cantear por paquetes. Tarugo de madera de haya sin cantear dos lados. Madera natural en bruto, sin cepillar. Boules.\" \/>\n<meta property=\"og:url\" content=\"https:\/\/www.garciavarona.com\/en\/producto\/tablon-de-haya-maciza-sin-cantear-por-paquetes\/\" \/>\n<meta property=\"og:site_name\" content=\"Maderas Garcia Varona\" \/>\n<meta property=\"article:publisher\" content=\"https:\/\/www.facebook.com\/maderasgarciavaronagrupo\" \/>\n<meta property=\"article:modified_time\" content=\"2025-09-01T10:32:40+00:00\" \/>\n<meta property=\"og:image\" content=\"https:\/\/www.garciavarona.com\/wp-content\/uploads\/2023\/05\/Tablon-de-haya-sin-cantear-boule-paquete-1-1.jpg\" \/>\n\t<meta property=\"og:image:width\" content=\"525\" \/>\n\t<meta property=\"og:image:height\" content=\"525\" \/>\n\t<meta property=\"og:image:type\" content=\"image\/jpeg\" \/>\n<meta name=\"twitter:card\" content=\"summary_large_image\" \/>\n<meta name=\"twitter:site\" content=\"@maderasvaronars\" \/>\n<meta name=\"twitter:label1\" content=\"Est. reading time\" \/>\n\t<meta name=\"twitter:data1\" content=\"4 minutes\" \/>\n<script type=\"application\/ld+json\" class=\"yoast-schema-graph\">{\"@context\":\"https:\\\/\\\/schema.org\",\"@graph\":[{\"@type\":[\"WebPage\",\"ItemPage\"],\"@id\":\"https:\\\/\\\/www.garciavarona.com\\\/en\\\/producto\\\/tablon-de-haya-maciza-sin-cantear-por-paquetes\\\/\",\"url\":\"https:\\\/\\\/www.garciavarona.com\\\/en\\\/producto\\\/tablon-de-haya-maciza-sin-cantear-por-paquetes\\\/\",\"name\":\"Tabl\u00f3n de haya maciza sin cantear por paquetes | Garc\u00eda Varona\",\"isPartOf\":{\"@id\":\"https:\\\/\\\/www.garciavarona.com\\\/en\\\/#website\"},\"primaryImageOfPage\":{\"@id\":\"https:\\\/\\\/www.garciavarona.com\\\/en\\\/producto\\\/tablon-de-haya-maciza-sin-cantear-por-paquetes\\\/#primaryimage\"},\"image\":{\"@id\":\"https:\\\/\\\/www.garciavarona.com\\\/en\\\/producto\\\/tablon-de-haya-maciza-sin-cantear-por-paquetes\\\/#primaryimage\"},\"thumbnailUrl\":\"https:\\\/\\\/www.garciavarona.com\\\/wp-content\\\/uploads\\\/2023\\\/05\\\/Tablon-de-haya-sin-cantear-boule-paquete-1-1.jpg\",\"datePublished\":\"2023-05-25T12:39:57+00:00\",\"dateModified\":\"2025-09-01T10:32:40+00:00\",\"description\":\"Tabl\u00f3n de haya maciza sin cantear por paquetes. Tarugo de madera de haya sin cantear dos lados. Madera natural en bruto, sin cepillar. Boules.\",\"breadcrumb\":{\"@id\":\"https:\\\/\\\/www.garciavarona.com\\\/en\\\/producto\\\/tablon-de-haya-maciza-sin-cantear-por-paquetes\\\/#breadcrumb\"},\"inLanguage\":\"en-US\",\"potentialAction\":[{\"@type\":\"ReadAction\",\"target\":[\"https:\\\/\\\/www.garciavarona.com\\\/en\\\/producto\\\/tablon-de-haya-maciza-sin-cantear-por-paquetes\\\/\"]}]},{\"@type\":\"ImageObject\",\"inLanguage\":\"en-US\",\"@id\":\"https:\\\/\\\/www.garciavarona.com\\\/en\\\/producto\\\/tablon-de-haya-maciza-sin-cantear-por-paquetes\\\/#primaryimage\",\"url\":\"https:\\\/\\\/www.garciavarona.com\\\/wp-content\\\/uploads\\\/2023\\\/05\\\/Tablon-de-haya-sin-cantear-boule-paquete-1-1.jpg\",\"contentUrl\":\"https:\\\/\\\/www.garciavarona.com\\\/wp-content\\\/uploads\\\/2023\\\/05\\\/Tablon-de-haya-sin-cantear-boule-paquete-1-1.jpg\",\"width\":525,\"height\":525,\"caption\":\"Tabl\u00f3n de haya sin cantear por paquetes boule - paquete 1\"},{\"@type\":\"BreadcrumbList\",\"@id\":\"https:\\\/\\\/www.garciavarona.com\\\/en\\\/producto\\\/tablon-de-haya-maciza-sin-cantear-por-paquetes\\\/#breadcrumb\",\"itemListElement\":[{\"@type\":\"ListItem\",\"position\":1,\"name\":\"Portada\",\"item\":\"https:\\\/\\\/www.garciavarona.com\\\/en\\\/\"},{\"@type\":\"ListItem\",\"position\":2,\"name\":\"Tienda Maderas Garc\u00eda Varona\",\"item\":\"https:\\\/\\\/www.garciavarona.com\\\/tienda\\\/\"},{\"@type\":\"ListItem\",\"position\":3,\"name\":\"Tabl\u00f3n de haya maciza sin cantear por paquetes\"}]},{\"@type\":\"WebSite\",\"@id\":\"https:\\\/\\\/www.garciavarona.com\\\/en\\\/#website\",\"url\":\"https:\\\/\\\/www.garciavarona.com\\\/en\\\/\",\"name\":\"Maderas Garcia Varona\",\"description\":\"Fabrica y Aserradero de Madera. Expertos en Madera\",\"publisher\":{\"@id\":\"https:\\\/\\\/www.garciavarona.com\\\/en\\\/#organization\"},\"potentialAction\":[{\"@type\":\"SearchAction\",\"target\":{\"@type\":\"EntryPoint\",\"urlTemplate\":\"https:\\\/\\\/www.garciavarona.com\\\/en\\\/?s={search_term_string}\"},\"query-input\":{\"@type\":\"PropertyValueSpecification\",\"valueRequired\":true,\"valueName\":\"search_term_string\"}}],\"inLanguage\":\"en-US\"},{\"@type\":\"Organization\",\"@id\":\"https:\\\/\\\/www.garciavarona.com\\\/en\\\/#organization\",\"name\":\"Maderas Garcia Varona\",\"url\":\"https:\\\/\\\/www.garciavarona.com\\\/en\\\/\",\"logo\":{\"@type\":\"ImageObject\",\"inLanguage\":\"en-US\",\"@id\":\"https:\\\/\\\/www.garciavarona.com\\\/en\\\/#\\\/schema\\\/logo\\\/image\\\/\",\"url\":\"https:\\\/\\\/www.garciavarona.com\\\/wp-content\\\/uploads\\\/2022\\\/06\\\/logoGarciaVarona.svg\",\"contentUrl\":\"https:\\\/\\\/www.garciavarona.com\\\/wp-content\\\/uploads\\\/2022\\\/06\\\/logoGarciaVarona.svg\",\"width\":1020,\"height\":200,\"caption\":\"Maderas Garcia Varona\"},\"image\":{\"@id\":\"https:\\\/\\\/www.garciavarona.com\\\/en\\\/#\\\/schema\\\/logo\\\/image\\\/\"},\"sameAs\":[\"https:\\\/\\\/www.facebook.com\\\/maderasgarciavaronagrupo\",\"https:\\\/\\\/x.com\\\/maderasvaronars\",\"https:\\\/\\\/www.instagram.com\\\/maderasgarciavarona\\\/\",\"https:\\\/\\\/www.linkedin.com\\\/company\\\/maderas-garcia-varona\\\/\",\"https:\\\/\\\/www.youtube.com\\\/channel\\\/UCGUEME06N_h66pB2coJC83w\\\/featured\"]}]}<\/script>\n<!-- \/ Yoast SEO plugin. -->","yoast_head_json":{"title":"Tabl\u00f3n de haya maciza sin cantear por paquetes | Garc\u00eda Varona","description":"Tabl\u00f3n de haya maciza sin cantear por paquetes. Tarugo de madera de haya sin cantear dos lados. Madera natural en bruto, sin cepillar. Boules.","robots":{"index":"index","follow":"follow","max-snippet":"max-snippet:-1","max-image-preview":"max-image-preview:large","max-video-preview":"max-video-preview:-1"},"canonical":"https:\/\/www.garciavarona.com\/en\/producto\/tablon-de-haya-maciza-sin-cantear-por-paquetes\/","og_locale":"en_US","og_type":"article","og_title":"Tabl\u00f3n de haya maciza sin cantear por paquetes | Garc\u00eda Varona","og_description":"Tabl\u00f3n de haya maciza sin cantear por paquetes. Tarugo de madera de haya sin cantear dos lados. Madera natural en bruto, sin cepillar. Boules.","og_url":"https:\/\/www.garciavarona.com\/en\/producto\/tablon-de-haya-maciza-sin-cantear-por-paquetes\/","og_site_name":"Maderas Garcia Varona","article_publisher":"https:\/\/www.facebook.com\/maderasgarciavaronagrupo","article_modified_time":"2025-09-01T10:32:40+00:00","og_image":[{"width":525,"height":525,"url":"https:\/\/www.garciavarona.com\/wp-content\/uploads\/2023\/05\/Tablon-de-haya-sin-cantear-boule-paquete-1-1.jpg","type":"image\/jpeg"}],"twitter_card":"summary_large_image","twitter_site":"@maderasvaronars","twitter_misc":{"Est. reading time":"4 minutes"},"schema":{"@context":"https:\/\/schema.org","@graph":[{"@type":["WebPage","ItemPage"],"@id":"https:\/\/www.garciavarona.com\/en\/producto\/tablon-de-haya-maciza-sin-cantear-por-paquetes\/","url":"https:\/\/www.garciavarona.com\/en\/producto\/tablon-de-haya-maciza-sin-cantear-por-paquetes\/","name":"Tabl\u00f3n de haya maciza sin cantear por paquetes | Garc\u00eda Varona","isPartOf":{"@id":"https:\/\/www.garciavarona.com\/en\/#website"},"primaryImageOfPage":{"@id":"https:\/\/www.garciavarona.com\/en\/producto\/tablon-de-haya-maciza-sin-cantear-por-paquetes\/#primaryimage"},"image":{"@id":"https:\/\/www.garciavarona.com\/en\/producto\/tablon-de-haya-maciza-sin-cantear-por-paquetes\/#primaryimage"},"thumbnailUrl":"https:\/\/www.garciavarona.com\/wp-content\/uploads\/2023\/05\/Tablon-de-haya-sin-cantear-boule-paquete-1-1.jpg","datePublished":"2023-05-25T12:39:57+00:00","dateModified":"2025-09-01T10:32:40+00:00","description":"Tabl\u00f3n de haya maciza sin cantear por paquetes. Tarugo de madera de haya sin cantear dos lados. Madera natural en bruto, sin cepillar. Boules.","breadcrumb":{"@id":"https:\/\/www.garciavarona.com\/en\/producto\/tablon-de-haya-maciza-sin-cantear-por-paquetes\/#breadcrumb"},"inLanguage":"en-US","potentialAction":[{"@type":"ReadAction","target":["https:\/\/www.garciavarona.com\/en\/producto\/tablon-de-haya-maciza-sin-cantear-por-paquetes\/"]}]},{"@type":"ImageObject","inLanguage":"en-US","@id":"https:\/\/www.garciavarona.com\/en\/producto\/tablon-de-haya-maciza-sin-cantear-por-paquetes\/#primaryimage","url":"https:\/\/www.garciavarona.com\/wp-content\/uploads\/2023\/05\/Tablon-de-haya-sin-cantear-boule-paquete-1-1.jpg","contentUrl":"https:\/\/www.garciavarona.com\/wp-content\/uploads\/2023\/05\/Tablon-de-haya-sin-cantear-boule-paquete-1-1.jpg","width":525,"height":525,"caption":"Tabl\u00f3n de haya sin cantear por paquetes boule - paquete 1"},{"@type":"BreadcrumbList","@id":"https:\/\/www.garciavarona.com\/en\/producto\/tablon-de-haya-maciza-sin-cantear-por-paquetes\/#breadcrumb","itemListElement":[{"@type":"ListItem","position":1,"name":"Portada","item":"https:\/\/www.garciavarona.com\/en\/"},{"@type":"ListItem","position":2,"name":"Tienda Maderas Garc\u00eda Varona","item":"https:\/\/www.garciavarona.com\/tienda\/"},{"@type":"ListItem","position":3,"name":"Tabl\u00f3n de haya maciza sin cantear por paquetes"}]},{"@type":"WebSite","@id":"https:\/\/www.garciavarona.com\/en\/#website","url":"https:\/\/www.garciavarona.com\/en\/","name":"Maderas Garcia Varona","description":"Fabrica y Aserradero de Madera. Expertos en Madera","publisher":{"@id":"https:\/\/www.garciavarona.com\/en\/#organization"},"potentialAction":[{"@type":"SearchAction","target":{"@type":"EntryPoint","urlTemplate":"https:\/\/www.garciavarona.com\/en\/?s={search_term_string}"},"query-input":{"@type":"PropertyValueSpecification","valueRequired":true,"valueName":"search_term_string"}}],"inLanguage":"en-US"},{"@type":"Organization","@id":"https:\/\/www.garciavarona.com\/en\/#organization","name":"Maderas Garcia Varona","url":"https:\/\/www.garciavarona.com\/en\/","logo":{"@type":"ImageObject","inLanguage":"en-US","@id":"https:\/\/www.garciavarona.com\/en\/#\/schema\/logo\/image\/","url":"https:\/\/www.garciavarona.com\/wp-content\/uploads\/2022\/06\/logoGarciaVarona.svg","contentUrl":"https:\/\/www.garciavarona.com\/wp-content\/uploads\/2022\/06\/logoGarciaVarona.svg","width":1020,"height":200,"caption":"Maderas Garcia Varona"},"image":{"@id":"https:\/\/www.garciavarona.com\/en\/#\/schema\/logo\/image\/"},"sameAs":["https:\/\/www.facebook.com\/maderasgarciavaronagrupo","https:\/\/x.com\/maderasvaronars","https:\/\/www.instagram.com\/maderasgarciavarona\/","https:\/\/www.linkedin.com\/company\/maderas-garcia-varona\/","https:\/\/www.youtube.com\/channel\/UCGUEME06N_h66pB2coJC83w\/featured"]}]}},"_links":{"self":[{"href":"https:\/\/www.garciavarona.com\/en\/wp-json\/wp\/v2\/product\/20071","targetHints":{"allow":["GET"]}}],"collection":[{"href":"https:\/\/www.garciavarona.com\/en\/wp-json\/wp\/v2\/product"}],"about":[{"href":"https:\/\/www.garciavarona.com\/en\/wp-json\/wp\/v2\/types\/product"}],"version-history":[{"count":6,"href":"https:\/\/www.garciavarona.com\/en\/wp-json\/wp\/v2\/product\/20071\/revisions"}],"predecessor-version":[{"id":22296,"href":"https:\/\/www.garciavarona.com\/en\/wp-json\/wp\/v2\/product\/20071\/revisions\/22296"}],"wp:featuredmedia":[{"embeddable":true,"href":"https:\/\/www.garciavarona.com\/en\/wp-json\/wp\/v2\/media\/20086"}],"wp:attachment":[{"href":"https:\/\/www.garciavarona.com\/en\/wp-json\/wp\/v2\/media?parent=20071"}],"wp:term":[{"taxonomy":"product_brand","embeddable":true,"href":"https:\/\/www.garciavarona.com\/en\/wp-json\/wp\/v2\/product_brand?post=20071"},{"taxonomy":"product_cat","embeddable":true,"href":"https:\/\/www.garciavarona.com\/en\/wp-json\/wp\/v2\/product_cat?post=20071"},{"taxonomy":"product_tag","embeddable":true,"href":"https:\/\/www.garciavarona.com\/en\/wp-json\/wp\/v2\/product_tag?post=20071"}],"curies":[{"name":"wp","href":"https:\/\/api.w.org\/{rel}","templated":true}]}}