{"id":20150,"date":"2023-05-29T06:25:44","date_gmt":"2023-05-29T06:25:44","guid":{"rendered":"https:\/\/www.garciavarona.com\/?post_type=product&#038;p=20150"},"modified":"2024-07-03T10:28:31","modified_gmt":"2024-07-03T10:28:31","slug":"tablon-de-madera-de-haya-sin-cantear","status":"publish","type":"product","link":"https:\/\/www.garciavarona.com\/en\/producto\/tablon-de-madera-de-haya-sin-cantear\/","title":{"rendered":"Tabl\u00f3n de madera de haya sin cantear"},"content":{"rendered":"<h2>Tabl\u00f3n de madera de haya sin cantear maciza<\/h2>\n<p>Tabl\u00f3n de madera de haya sin cantear. Madera de haya serrado en boule. Venta por unidades sueltas. Ancho irregular. Se indica el ancho medio del tabl\u00f3n. Puedes comprar los <a href=\"https:\/\/www.garciavarona.com\/producto\/tablon-de-haya-maciza-sin-cantear-por-paquetes\/\" target=\"_blank\" rel=\"noopener\">tablones de madera de haya por paquetes a un precio m\u00e1s competitivo aqu\u00ed<\/a>.<\/p>\n<p>El tabl\u00f3n de madera de haya maciza es perfecto para aquellos que buscan dar un toque r\u00fastico y natural a sus proyectos. Vendemos tarugos de madera de haya sin cantear por unidades sueltas. Madera natural en bruto, sin cepillar y conservando la forma del tronco, lo que le otorga un encanto aut\u00e9ntico.<\/p>\n<p>Este tabl\u00f3n proviene de una secci\u00f3n longitudinal de tronco de haya aserrado en boule, conservando su forma original. El tabl\u00f3n de madera no contiene tratamientos ni acabados, lo que permite su personalizaci\u00f3n seg\u00fan las necesidades y preferencias del cliente. Debido a su origen natural y que los lados m\u00e1s largos no est\u00e1n canteados, el tabl\u00f3n puede conservar partes de la corteza.<\/p>\n<p>Dado que el tabl\u00f3n se presenta en su estado natural, sin cepillar, recomendamos que sea trabajado por un profesional experimentado en carpinter\u00eda. Es importante tener en cuenta que al tratarse de madera natural, es posible que presente nudos, grietas o betas de distintos colores. Estas peculiaridades son parte inherente de la naturaleza de la madera y no se consideran defectos.<\/p>\n<p>\u00a1Aprovecha la belleza y versatilidad del tabl\u00f3n de madera sin cantear maciza para crear proyectos \u00fanicos y personalizados!<\/p>\n","protected":false},"excerpt":{"rendered":"<p>Tabl\u00f3n de haya maciza sin cantear. Madera natural en bruto. Precio por unidad. RECOGIDA EN TIENDA.<\/p>\n","protected":false},"featured_media":20157,"template":"","meta":[],"product_brand":[],"product_cat":[2075,778,755,781,756],"product_tag":[2077,1302,1298,2100,2114,2113,2112,2115],"class_list":{"0":"post-20150","1":"product","2":"type-product","3":"status-publish","4":"has-post-thumbnail","6":"product_cat-producto-recogida-en-tienda","7":"product_cat-mesa-rustica","8":"product_cat-construccion","9":"product_cat-tabla-de-madera","10":"product_cat-decoracion-madera","11":"product_tag-madera-de-haya","12":"product_tag-madera-sin-cantear","13":"product_tag-rodaja-de-madera","14":"product_tag-tablon-de-haya","15":"product_tag-tablon-de-madera-de-haya","16":"product_tag-tapa-de-mesa-de-madera","17":"product_tag-tarugo-de-madera","18":"product_tag-tronco-de-haya","19":"pa_ancho-750-mm","20":"pa_ancho-800-mm","21":"pa_ancho-900-mm","22":"pa_calidad-ab","23":"pa_grueso-50-mm","24":"pa_largo-2-700-mm","26":"first","27":"outofstock","28":"taxable","29":"shipping-taxable","30":"purchasable","31":"product-type-variable","32":"has-default-attributes"},"yoast_head":"<!-- This site is optimized with the Yoast SEO plugin v27.3 - https:\/\/yoast.com\/product\/yoast-seo-wordpress\/ -->\n<title>Tabl\u00f3n de madera de haya sin cantear<\/title>\n<meta name=\"description\" content=\"Tapa de mesa de madera de haya. Tabl\u00f3n sin cantear de madera de haya maciza. Tarugo de madera. Tronco serrado en bruto. Rodaja de madera natural.\" \/>\n<meta name=\"robots\" content=\"index, follow, max-snippet:-1, max-image-preview:large, max-video-preview:-1\" \/>\n<link rel=\"canonical\" href=\"https:\/\/www.garciavarona.com\/en\/producto\/tablon-de-madera-de-haya-sin-cantear\/\" \/>\n<meta property=\"og:locale\" content=\"en_US\" \/>\n<meta property=\"og:type\" content=\"article\" \/>\n<meta property=\"og:title\" content=\"Tabl\u00f3n de madera de haya sin cantear\" \/>\n<meta property=\"og:description\" content=\"Tapa de mesa de madera de haya. Tabl\u00f3n sin cantear de madera de haya maciza. Tarugo de madera. Tronco serrado en bruto. Rodaja de madera natural.\" \/>\n<meta property=\"og:url\" content=\"https:\/\/www.garciavarona.com\/en\/producto\/tablon-de-madera-de-haya-sin-cantear\/\" \/>\n<meta property=\"og:site_name\" content=\"Maderas Garcia Varona\" \/>\n<meta property=\"article:publisher\" content=\"https:\/\/www.facebook.com\/maderasgarciavaronagrupo\" \/>\n<meta property=\"article:modified_time\" content=\"2024-07-03T10:28:31+00:00\" \/>\n<meta property=\"og:image\" content=\"https:\/\/www.garciavarona.com\/wp-content\/uploads\/2023\/05\/Tablon-de-madera-de-haya-sin-cantear-tapa-de-mesa-tarugo-boule-1.jpg\" \/>\n\t<meta property=\"og:image:width\" content=\"525\" \/>\n\t<meta property=\"og:image:height\" content=\"525\" \/>\n\t<meta property=\"og:image:type\" content=\"image\/jpeg\" \/>\n<meta name=\"twitter:card\" content=\"summary_large_image\" \/>\n<meta name=\"twitter:site\" content=\"@maderasvaronars\" \/>\n<meta name=\"twitter:label1\" content=\"Est. reading time\" \/>\n\t<meta name=\"twitter:data1\" content=\"2 minutes\" \/>\n<script type=\"application\/ld+json\" class=\"yoast-schema-graph\">{\"@context\":\"https:\\\/\\\/schema.org\",\"@graph\":[{\"@type\":[\"WebPage\",\"ItemPage\"],\"@id\":\"https:\\\/\\\/www.garciavarona.com\\\/en\\\/producto\\\/tablon-de-madera-de-haya-sin-cantear\\\/\",\"url\":\"https:\\\/\\\/www.garciavarona.com\\\/en\\\/producto\\\/tablon-de-madera-de-haya-sin-cantear\\\/\",\"name\":\"Tabl\u00f3n de madera de haya sin cantear\",\"isPartOf\":{\"@id\":\"https:\\\/\\\/www.garciavarona.com\\\/en\\\/#website\"},\"primaryImageOfPage\":{\"@id\":\"https:\\\/\\\/www.garciavarona.com\\\/en\\\/producto\\\/tablon-de-madera-de-haya-sin-cantear\\\/#primaryimage\"},\"image\":{\"@id\":\"https:\\\/\\\/www.garciavarona.com\\\/en\\\/producto\\\/tablon-de-madera-de-haya-sin-cantear\\\/#primaryimage\"},\"thumbnailUrl\":\"https:\\\/\\\/www.garciavarona.com\\\/wp-content\\\/uploads\\\/2023\\\/05\\\/Tablon-de-madera-de-haya-sin-cantear-tapa-de-mesa-tarugo-boule-1.jpg\",\"datePublished\":\"2023-05-29T06:25:44+00:00\",\"dateModified\":\"2024-07-03T10:28:31+00:00\",\"description\":\"Tapa de mesa de madera de haya. Tabl\u00f3n sin cantear de madera de haya maciza. Tarugo de madera. Tronco serrado en bruto. Rodaja de madera natural.\",\"breadcrumb\":{\"@id\":\"https:\\\/\\\/www.garciavarona.com\\\/en\\\/producto\\\/tablon-de-madera-de-haya-sin-cantear\\\/#breadcrumb\"},\"inLanguage\":\"en-US\",\"potentialAction\":[{\"@type\":\"ReadAction\",\"target\":[\"https:\\\/\\\/www.garciavarona.com\\\/en\\\/producto\\\/tablon-de-madera-de-haya-sin-cantear\\\/\"]}]},{\"@type\":\"ImageObject\",\"inLanguage\":\"en-US\",\"@id\":\"https:\\\/\\\/www.garciavarona.com\\\/en\\\/producto\\\/tablon-de-madera-de-haya-sin-cantear\\\/#primaryimage\",\"url\":\"https:\\\/\\\/www.garciavarona.com\\\/wp-content\\\/uploads\\\/2023\\\/05\\\/Tablon-de-madera-de-haya-sin-cantear-tapa-de-mesa-tarugo-boule-1.jpg\",\"contentUrl\":\"https:\\\/\\\/www.garciavarona.com\\\/wp-content\\\/uploads\\\/2023\\\/05\\\/Tablon-de-madera-de-haya-sin-cantear-tapa-de-mesa-tarugo-boule-1.jpg\",\"width\":525,\"height\":525,\"caption\":\"Tablon de madera de haya sin cantear - tapa de mesa - tarugo - boule\"},{\"@type\":\"BreadcrumbList\",\"@id\":\"https:\\\/\\\/www.garciavarona.com\\\/en\\\/producto\\\/tablon-de-madera-de-haya-sin-cantear\\\/#breadcrumb\",\"itemListElement\":[{\"@type\":\"ListItem\",\"position\":1,\"name\":\"Portada\",\"item\":\"https:\\\/\\\/www.garciavarona.com\\\/en\\\/\"},{\"@type\":\"ListItem\",\"position\":2,\"name\":\"Tienda Maderas Garc\u00eda Varona\",\"item\":\"https:\\\/\\\/www.garciavarona.com\\\/tienda\\\/\"},{\"@type\":\"ListItem\",\"position\":3,\"name\":\"Tabl\u00f3n de madera de haya sin cantear\"}]},{\"@type\":\"WebSite\",\"@id\":\"https:\\\/\\\/www.garciavarona.com\\\/en\\\/#website\",\"url\":\"https:\\\/\\\/www.garciavarona.com\\\/en\\\/\",\"name\":\"Maderas Garcia Varona\",\"description\":\"Fabrica y Aserradero de Madera. Expertos en Madera\",\"publisher\":{\"@id\":\"https:\\\/\\\/www.garciavarona.com\\\/en\\\/#organization\"},\"potentialAction\":[{\"@type\":\"SearchAction\",\"target\":{\"@type\":\"EntryPoint\",\"urlTemplate\":\"https:\\\/\\\/www.garciavarona.com\\\/en\\\/?s={search_term_string}\"},\"query-input\":{\"@type\":\"PropertyValueSpecification\",\"valueRequired\":true,\"valueName\":\"search_term_string\"}}],\"inLanguage\":\"en-US\"},{\"@type\":\"Organization\",\"@id\":\"https:\\\/\\\/www.garciavarona.com\\\/en\\\/#organization\",\"name\":\"Maderas Garcia Varona\",\"url\":\"https:\\\/\\\/www.garciavarona.com\\\/en\\\/\",\"logo\":{\"@type\":\"ImageObject\",\"inLanguage\":\"en-US\",\"@id\":\"https:\\\/\\\/www.garciavarona.com\\\/en\\\/#\\\/schema\\\/logo\\\/image\\\/\",\"url\":\"https:\\\/\\\/www.garciavarona.com\\\/wp-content\\\/uploads\\\/2022\\\/06\\\/logoGarciaVarona.svg\",\"contentUrl\":\"https:\\\/\\\/www.garciavarona.com\\\/wp-content\\\/uploads\\\/2022\\\/06\\\/logoGarciaVarona.svg\",\"width\":1020,\"height\":200,\"caption\":\"Maderas Garcia Varona\"},\"image\":{\"@id\":\"https:\\\/\\\/www.garciavarona.com\\\/en\\\/#\\\/schema\\\/logo\\\/image\\\/\"},\"sameAs\":[\"https:\\\/\\\/www.facebook.com\\\/maderasgarciavaronagrupo\",\"https:\\\/\\\/x.com\\\/maderasvaronars\",\"https:\\\/\\\/www.instagram.com\\\/maderasgarciavarona\\\/\",\"https:\\\/\\\/www.linkedin.com\\\/company\\\/maderas-garcia-varona\\\/\",\"https:\\\/\\\/www.youtube.com\\\/channel\\\/UCGUEME06N_h66pB2coJC83w\\\/featured\"]}]}<\/script>\n<!-- \/ Yoast SEO plugin. -->","yoast_head_json":{"title":"Tabl\u00f3n de madera de haya sin cantear","description":"Tapa de mesa de madera de haya. Tabl\u00f3n sin cantear de madera de haya maciza. Tarugo de madera. Tronco serrado en bruto. Rodaja de madera natural.","robots":{"index":"index","follow":"follow","max-snippet":"max-snippet:-1","max-image-preview":"max-image-preview:large","max-video-preview":"max-video-preview:-1"},"canonical":"https:\/\/www.garciavarona.com\/en\/producto\/tablon-de-madera-de-haya-sin-cantear\/","og_locale":"en_US","og_type":"article","og_title":"Tabl\u00f3n de madera de haya sin cantear","og_description":"Tapa de mesa de madera de haya. Tabl\u00f3n sin cantear de madera de haya maciza. Tarugo de madera. Tronco serrado en bruto. Rodaja de madera natural.","og_url":"https:\/\/www.garciavarona.com\/en\/producto\/tablon-de-madera-de-haya-sin-cantear\/","og_site_name":"Maderas Garcia Varona","article_publisher":"https:\/\/www.facebook.com\/maderasgarciavaronagrupo","article_modified_time":"2024-07-03T10:28:31+00:00","og_image":[{"width":525,"height":525,"url":"https:\/\/www.garciavarona.com\/wp-content\/uploads\/2023\/05\/Tablon-de-madera-de-haya-sin-cantear-tapa-de-mesa-tarugo-boule-1.jpg","type":"image\/jpeg"}],"twitter_card":"summary_large_image","twitter_site":"@maderasvaronars","twitter_misc":{"Est. reading time":"2 minutes"},"schema":{"@context":"https:\/\/schema.org","@graph":[{"@type":["WebPage","ItemPage"],"@id":"https:\/\/www.garciavarona.com\/en\/producto\/tablon-de-madera-de-haya-sin-cantear\/","url":"https:\/\/www.garciavarona.com\/en\/producto\/tablon-de-madera-de-haya-sin-cantear\/","name":"Tabl\u00f3n de madera de haya sin cantear","isPartOf":{"@id":"https:\/\/www.garciavarona.com\/en\/#website"},"primaryImageOfPage":{"@id":"https:\/\/www.garciavarona.com\/en\/producto\/tablon-de-madera-de-haya-sin-cantear\/#primaryimage"},"image":{"@id":"https:\/\/www.garciavarona.com\/en\/producto\/tablon-de-madera-de-haya-sin-cantear\/#primaryimage"},"thumbnailUrl":"https:\/\/www.garciavarona.com\/wp-content\/uploads\/2023\/05\/Tablon-de-madera-de-haya-sin-cantear-tapa-de-mesa-tarugo-boule-1.jpg","datePublished":"2023-05-29T06:25:44+00:00","dateModified":"2024-07-03T10:28:31+00:00","description":"Tapa de mesa de madera de haya. Tabl\u00f3n sin cantear de madera de haya maciza. Tarugo de madera. Tronco serrado en bruto. Rodaja de madera natural.","breadcrumb":{"@id":"https:\/\/www.garciavarona.com\/en\/producto\/tablon-de-madera-de-haya-sin-cantear\/#breadcrumb"},"inLanguage":"en-US","potentialAction":[{"@type":"ReadAction","target":["https:\/\/www.garciavarona.com\/en\/producto\/tablon-de-madera-de-haya-sin-cantear\/"]}]},{"@type":"ImageObject","inLanguage":"en-US","@id":"https:\/\/www.garciavarona.com\/en\/producto\/tablon-de-madera-de-haya-sin-cantear\/#primaryimage","url":"https:\/\/www.garciavarona.com\/wp-content\/uploads\/2023\/05\/Tablon-de-madera-de-haya-sin-cantear-tapa-de-mesa-tarugo-boule-1.jpg","contentUrl":"https:\/\/www.garciavarona.com\/wp-content\/uploads\/2023\/05\/Tablon-de-madera-de-haya-sin-cantear-tapa-de-mesa-tarugo-boule-1.jpg","width":525,"height":525,"caption":"Tablon de madera de haya sin cantear - tapa de mesa - tarugo - boule"},{"@type":"BreadcrumbList","@id":"https:\/\/www.garciavarona.com\/en\/producto\/tablon-de-madera-de-haya-sin-cantear\/#breadcrumb","itemListElement":[{"@type":"ListItem","position":1,"name":"Portada","item":"https:\/\/www.garciavarona.com\/en\/"},{"@type":"ListItem","position":2,"name":"Tienda Maderas Garc\u00eda Varona","item":"https:\/\/www.garciavarona.com\/tienda\/"},{"@type":"ListItem","position":3,"name":"Tabl\u00f3n de madera de haya sin cantear"}]},{"@type":"WebSite","@id":"https:\/\/www.garciavarona.com\/en\/#website","url":"https:\/\/www.garciavarona.com\/en\/","name":"Maderas Garcia Varona","description":"Fabrica y Aserradero de Madera. Expertos en Madera","publisher":{"@id":"https:\/\/www.garciavarona.com\/en\/#organization"},"potentialAction":[{"@type":"SearchAction","target":{"@type":"EntryPoint","urlTemplate":"https:\/\/www.garciavarona.com\/en\/?s={search_term_string}"},"query-input":{"@type":"PropertyValueSpecification","valueRequired":true,"valueName":"search_term_string"}}],"inLanguage":"en-US"},{"@type":"Organization","@id":"https:\/\/www.garciavarona.com\/en\/#organization","name":"Maderas Garcia Varona","url":"https:\/\/www.garciavarona.com\/en\/","logo":{"@type":"ImageObject","inLanguage":"en-US","@id":"https:\/\/www.garciavarona.com\/en\/#\/schema\/logo\/image\/","url":"https:\/\/www.garciavarona.com\/wp-content\/uploads\/2022\/06\/logoGarciaVarona.svg","contentUrl":"https:\/\/www.garciavarona.com\/wp-content\/uploads\/2022\/06\/logoGarciaVarona.svg","width":1020,"height":200,"caption":"Maderas Garcia Varona"},"image":{"@id":"https:\/\/www.garciavarona.com\/en\/#\/schema\/logo\/image\/"},"sameAs":["https:\/\/www.facebook.com\/maderasgarciavaronagrupo","https:\/\/x.com\/maderasvaronars","https:\/\/www.instagram.com\/maderasgarciavarona\/","https:\/\/www.linkedin.com\/company\/maderas-garcia-varona\/","https:\/\/www.youtube.com\/channel\/UCGUEME06N_h66pB2coJC83w\/featured"]}]}},"_links":{"self":[{"href":"https:\/\/www.garciavarona.com\/en\/wp-json\/wp\/v2\/product\/20150","targetHints":{"allow":["GET"]}}],"collection":[{"href":"https:\/\/www.garciavarona.com\/en\/wp-json\/wp\/v2\/product"}],"about":[{"href":"https:\/\/www.garciavarona.com\/en\/wp-json\/wp\/v2\/types\/product"}],"version-history":[{"count":6,"href":"https:\/\/www.garciavarona.com\/en\/wp-json\/wp\/v2\/product\/20150\/revisions"}],"predecessor-version":[{"id":20174,"href":"https:\/\/www.garciavarona.com\/en\/wp-json\/wp\/v2\/product\/20150\/revisions\/20174"}],"wp:featuredmedia":[{"embeddable":true,"href":"https:\/\/www.garciavarona.com\/en\/wp-json\/wp\/v2\/media\/20157"}],"wp:attachment":[{"href":"https:\/\/www.garciavarona.com\/en\/wp-json\/wp\/v2\/media?parent=20150"}],"wp:term":[{"taxonomy":"product_brand","embeddable":true,"href":"https:\/\/www.garciavarona.com\/en\/wp-json\/wp\/v2\/product_brand?post=20150"},{"taxonomy":"product_cat","embeddable":true,"href":"https:\/\/www.garciavarona.com\/en\/wp-json\/wp\/v2\/product_cat?post=20150"},{"taxonomy":"product_tag","embeddable":true,"href":"https:\/\/www.garciavarona.com\/en\/wp-json\/wp\/v2\/product_tag?post=20150"}],"curies":[{"name":"wp","href":"https:\/\/api.w.org\/{rel}","templated":true}]}}