{"id":20176,"date":"2023-05-29T12:06:11","date_gmt":"2023-05-29T12:06:11","guid":{"rendered":"https:\/\/www.garciavarona.com\/?post_type=product&#038;p=20176"},"modified":"2024-11-11T12:10:37","modified_gmt":"2024-11-11T12:10:37","slug":"tablon-de-madera-de-roble-sin-cantear","status":"publish","type":"product","link":"https:\/\/www.garciavarona.com\/en\/producto\/tablon-de-madera-de-roble-sin-cantear\/","title":{"rendered":"Tabl\u00f3n de madera de roble sin cantear"},"content":{"rendered":"<h2>Tabl\u00f3n de madera de roble sin cantear maciza<\/h2>\n<p>Madera de roble serrado en boule con ancho irregular. Tabl\u00f3n de madera de roble sin cantear. Venta por unidades sueltas. Indicado el ancho medio del tabl\u00f3n.<\/p>\n<p>Elaborado a partir de troncos de roble aserrados en boule, conservan la forma original de la madera. Tarugos de madera sin ning\u00fan tratamiento o acabado. Esta madera en bruto, sin cepillar, conserva su car\u00e1cter \u00fanico y permite una personalizaci\u00f3n total, por parte de un profesional, de acuerdo a tus preferencias.<\/p>\n<p>Descubre la esencia del encanto r\u00fastico y natural con este tabl\u00f3n de roble sin cantear. Venta por unidades individuales. El tabl\u00f3n de madera sin cantear se caracteriza por su ancho irregular, que resalta la belleza natural del material. Cada pieza contiene la herencia del \u00e1rbol, con posibles restos de corteza en los lados m\u00e1s largos.<\/p>\n<p>Es importante tener en cuenta que debido a que se trata de un material de origen natural, es posible encontrar nudos, grietas y variaciones de color en la madera. Estas caracter\u00edsticas son propias de la naturaleza de la madera y no deben considerarse defectos, sino como una muestra de su autenticidad.<\/p>\n<p>Recomendamos que este tabl\u00f3n sea trabajado por manos expertas en carpinter\u00eda, para aprovechar al m\u00e1ximo su potencial. D\u00e9jate cautivar por la versatilidad y la belleza inigualable de este tabl\u00f3n de madera de roble macizo, y crea proyectos \u00fanicos y personalizados que reflejen tu estilo.<\/p>\n","protected":false},"excerpt":{"rendered":"<p>Madera de roble serrado en boule con ancho irregular. Precio por unidad. RECOGIDA EN TIENDA.<\/p>\n","protected":false},"featured_media":20195,"template":"","meta":[],"product_brand":[],"product_cat":[2075,778,755,781,756],"product_tag":[1114,1302,1298,2116,1313,2113,2112,1335],"class_list":{"0":"post-20176","1":"product","2":"type-product","3":"status-publish","4":"has-post-thumbnail","6":"product_cat-producto-recogida-en-tienda","7":"product_cat-mesa-rustica","8":"product_cat-construccion","9":"product_cat-tabla-de-madera","10":"product_cat-decoracion-madera","11":"product_tag-madera-de-roble","12":"product_tag-madera-sin-cantear","13":"product_tag-rodaja-de-madera","14":"product_tag-tablon-de-madera-de-roble","15":"product_tag-tablon-de-roble","16":"product_tag-tapa-de-mesa-de-madera","17":"product_tag-tarugo-de-madera","18":"product_tag-tronco-de-roble","19":"pa_ancho-450-mm","20":"pa_ancho-470-mm","21":"pa_ancho-500-mm","22":"pa_ancho-550-mm","23":"pa_ancho-600-mm","24":"pa_ancho-630-mm","25":"pa_ancho-650-mm","26":"pa_grueso-50-mm","27":"pa_largo-2500mm","28":"pa_largo-3000mm","30":"first","31":"instock","32":"taxable","33":"shipping-taxable","34":"purchasable","35":"product-type-variable","36":"has-default-attributes"},"yoast_head":"<!-- This site is optimized with the Yoast SEO plugin v27.3 - https:\/\/yoast.com\/product\/yoast-seo-wordpress\/ -->\n<title>Tabl\u00f3n de madera de roble sin cantear | Garc\u00eda Varona<\/title>\n<meta name=\"description\" content=\"Tapa de mesa de madera maciza. Tabl\u00f3n de madera de roble sin cantear. Tarugo de madera de roble. Tronco serrado a lo largo. Madera natural en bruto.\" \/>\n<meta name=\"robots\" content=\"index, follow, max-snippet:-1, max-image-preview:large, max-video-preview:-1\" \/>\n<link rel=\"canonical\" href=\"https:\/\/www.garciavarona.com\/en\/producto\/tablon-de-madera-de-roble-sin-cantear\/\" \/>\n<meta property=\"og:locale\" content=\"en_US\" \/>\n<meta property=\"og:type\" content=\"article\" \/>\n<meta property=\"og:title\" content=\"Tabl\u00f3n de madera de roble sin cantear | Garc\u00eda Varona\" \/>\n<meta property=\"og:description\" content=\"Tapa de mesa de madera maciza. Tabl\u00f3n de madera de roble sin cantear. Tarugo de madera de roble. Tronco serrado a lo largo. Madera natural en bruto.\" \/>\n<meta property=\"og:url\" content=\"https:\/\/www.garciavarona.com\/en\/producto\/tablon-de-madera-de-roble-sin-cantear\/\" \/>\n<meta property=\"og:site_name\" content=\"Maderas Garcia Varona\" \/>\n<meta property=\"article:publisher\" content=\"https:\/\/www.facebook.com\/maderasgarciavaronagrupo\" \/>\n<meta property=\"article:modified_time\" content=\"2024-11-11T12:10:37+00:00\" \/>\n<meta property=\"og:image\" content=\"https:\/\/www.garciavarona.com\/wp-content\/uploads\/2023\/05\/Tablon-de-madera-de-roble-sin-cantear-roble-macizo-boule-tarugo-de-madera-1.jpg\" \/>\n\t<meta property=\"og:image:width\" content=\"700\" \/>\n\t<meta property=\"og:image:height\" content=\"700\" \/>\n\t<meta property=\"og:image:type\" content=\"image\/jpeg\" \/>\n<meta name=\"twitter:card\" content=\"summary_large_image\" \/>\n<meta name=\"twitter:site\" content=\"@maderasvaronars\" \/>\n<meta name=\"twitter:label1\" content=\"Est. reading time\" \/>\n\t<meta name=\"twitter:data1\" content=\"2 minutes\" \/>\n<script type=\"application\/ld+json\" class=\"yoast-schema-graph\">{\"@context\":\"https:\\\/\\\/schema.org\",\"@graph\":[{\"@type\":[\"WebPage\",\"ItemPage\"],\"@id\":\"https:\\\/\\\/www.garciavarona.com\\\/en\\\/producto\\\/tablon-de-madera-de-roble-sin-cantear\\\/\",\"url\":\"https:\\\/\\\/www.garciavarona.com\\\/en\\\/producto\\\/tablon-de-madera-de-roble-sin-cantear\\\/\",\"name\":\"Tabl\u00f3n de madera de roble sin cantear | Garc\u00eda Varona\",\"isPartOf\":{\"@id\":\"https:\\\/\\\/www.garciavarona.com\\\/en\\\/#website\"},\"primaryImageOfPage\":{\"@id\":\"https:\\\/\\\/www.garciavarona.com\\\/en\\\/producto\\\/tablon-de-madera-de-roble-sin-cantear\\\/#primaryimage\"},\"image\":{\"@id\":\"https:\\\/\\\/www.garciavarona.com\\\/en\\\/producto\\\/tablon-de-madera-de-roble-sin-cantear\\\/#primaryimage\"},\"thumbnailUrl\":\"https:\\\/\\\/www.garciavarona.com\\\/wp-content\\\/uploads\\\/2023\\\/05\\\/Tablon-de-madera-de-roble-sin-cantear-roble-macizo-boule-tarugo-de-madera-1.jpg\",\"datePublished\":\"2023-05-29T12:06:11+00:00\",\"dateModified\":\"2024-11-11T12:10:37+00:00\",\"description\":\"Tapa de mesa de madera maciza. Tabl\u00f3n de madera de roble sin cantear. Tarugo de madera de roble. Tronco serrado a lo largo. Madera natural en bruto.\",\"breadcrumb\":{\"@id\":\"https:\\\/\\\/www.garciavarona.com\\\/en\\\/producto\\\/tablon-de-madera-de-roble-sin-cantear\\\/#breadcrumb\"},\"inLanguage\":\"en-US\",\"potentialAction\":[{\"@type\":\"ReadAction\",\"target\":[\"https:\\\/\\\/www.garciavarona.com\\\/en\\\/producto\\\/tablon-de-madera-de-roble-sin-cantear\\\/\"]}]},{\"@type\":\"ImageObject\",\"inLanguage\":\"en-US\",\"@id\":\"https:\\\/\\\/www.garciavarona.com\\\/en\\\/producto\\\/tablon-de-madera-de-roble-sin-cantear\\\/#primaryimage\",\"url\":\"https:\\\/\\\/www.garciavarona.com\\\/wp-content\\\/uploads\\\/2023\\\/05\\\/Tablon-de-madera-de-roble-sin-cantear-roble-macizo-boule-tarugo-de-madera-1.jpg\",\"contentUrl\":\"https:\\\/\\\/www.garciavarona.com\\\/wp-content\\\/uploads\\\/2023\\\/05\\\/Tablon-de-madera-de-roble-sin-cantear-roble-macizo-boule-tarugo-de-madera-1.jpg\",\"width\":700,\"height\":700,\"caption\":\"Tabl\u00f3n de madera de roble sin cantear - roble macizo - boule - tarugo de madera\"},{\"@type\":\"BreadcrumbList\",\"@id\":\"https:\\\/\\\/www.garciavarona.com\\\/en\\\/producto\\\/tablon-de-madera-de-roble-sin-cantear\\\/#breadcrumb\",\"itemListElement\":[{\"@type\":\"ListItem\",\"position\":1,\"name\":\"Portada\",\"item\":\"https:\\\/\\\/www.garciavarona.com\\\/en\\\/\"},{\"@type\":\"ListItem\",\"position\":2,\"name\":\"Tienda Maderas Garc\u00eda Varona\",\"item\":\"https:\\\/\\\/www.garciavarona.com\\\/tienda\\\/\"},{\"@type\":\"ListItem\",\"position\":3,\"name\":\"Tabl\u00f3n de madera de roble sin cantear\"}]},{\"@type\":\"WebSite\",\"@id\":\"https:\\\/\\\/www.garciavarona.com\\\/en\\\/#website\",\"url\":\"https:\\\/\\\/www.garciavarona.com\\\/en\\\/\",\"name\":\"Maderas Garcia Varona\",\"description\":\"Fabrica y Aserradero de Madera. Expertos en Madera\",\"publisher\":{\"@id\":\"https:\\\/\\\/www.garciavarona.com\\\/en\\\/#organization\"},\"potentialAction\":[{\"@type\":\"SearchAction\",\"target\":{\"@type\":\"EntryPoint\",\"urlTemplate\":\"https:\\\/\\\/www.garciavarona.com\\\/en\\\/?s={search_term_string}\"},\"query-input\":{\"@type\":\"PropertyValueSpecification\",\"valueRequired\":true,\"valueName\":\"search_term_string\"}}],\"inLanguage\":\"en-US\"},{\"@type\":\"Organization\",\"@id\":\"https:\\\/\\\/www.garciavarona.com\\\/en\\\/#organization\",\"name\":\"Maderas Garcia Varona\",\"url\":\"https:\\\/\\\/www.garciavarona.com\\\/en\\\/\",\"logo\":{\"@type\":\"ImageObject\",\"inLanguage\":\"en-US\",\"@id\":\"https:\\\/\\\/www.garciavarona.com\\\/en\\\/#\\\/schema\\\/logo\\\/image\\\/\",\"url\":\"https:\\\/\\\/www.garciavarona.com\\\/wp-content\\\/uploads\\\/2022\\\/06\\\/logoGarciaVarona.svg\",\"contentUrl\":\"https:\\\/\\\/www.garciavarona.com\\\/wp-content\\\/uploads\\\/2022\\\/06\\\/logoGarciaVarona.svg\",\"width\":1020,\"height\":200,\"caption\":\"Maderas Garcia Varona\"},\"image\":{\"@id\":\"https:\\\/\\\/www.garciavarona.com\\\/en\\\/#\\\/schema\\\/logo\\\/image\\\/\"},\"sameAs\":[\"https:\\\/\\\/www.facebook.com\\\/maderasgarciavaronagrupo\",\"https:\\\/\\\/x.com\\\/maderasvaronars\",\"https:\\\/\\\/www.instagram.com\\\/maderasgarciavarona\\\/\",\"https:\\\/\\\/www.linkedin.com\\\/company\\\/maderas-garcia-varona\\\/\",\"https:\\\/\\\/www.youtube.com\\\/channel\\\/UCGUEME06N_h66pB2coJC83w\\\/featured\"]}]}<\/script>\n<!-- \/ Yoast SEO plugin. -->","yoast_head_json":{"title":"Tabl\u00f3n de madera de roble sin cantear | Garc\u00eda Varona","description":"Tapa de mesa de madera maciza. Tabl\u00f3n de madera de roble sin cantear. Tarugo de madera de roble. Tronco serrado a lo largo. Madera natural en bruto.","robots":{"index":"index","follow":"follow","max-snippet":"max-snippet:-1","max-image-preview":"max-image-preview:large","max-video-preview":"max-video-preview:-1"},"canonical":"https:\/\/www.garciavarona.com\/en\/producto\/tablon-de-madera-de-roble-sin-cantear\/","og_locale":"en_US","og_type":"article","og_title":"Tabl\u00f3n de madera de roble sin cantear | Garc\u00eda Varona","og_description":"Tapa de mesa de madera maciza. Tabl\u00f3n de madera de roble sin cantear. Tarugo de madera de roble. Tronco serrado a lo largo. Madera natural en bruto.","og_url":"https:\/\/www.garciavarona.com\/en\/producto\/tablon-de-madera-de-roble-sin-cantear\/","og_site_name":"Maderas Garcia Varona","article_publisher":"https:\/\/www.facebook.com\/maderasgarciavaronagrupo","article_modified_time":"2024-11-11T12:10:37+00:00","og_image":[{"width":700,"height":700,"url":"https:\/\/www.garciavarona.com\/wp-content\/uploads\/2023\/05\/Tablon-de-madera-de-roble-sin-cantear-roble-macizo-boule-tarugo-de-madera-1.jpg","type":"image\/jpeg"}],"twitter_card":"summary_large_image","twitter_site":"@maderasvaronars","twitter_misc":{"Est. reading time":"2 minutes"},"schema":{"@context":"https:\/\/schema.org","@graph":[{"@type":["WebPage","ItemPage"],"@id":"https:\/\/www.garciavarona.com\/en\/producto\/tablon-de-madera-de-roble-sin-cantear\/","url":"https:\/\/www.garciavarona.com\/en\/producto\/tablon-de-madera-de-roble-sin-cantear\/","name":"Tabl\u00f3n de madera de roble sin cantear | Garc\u00eda Varona","isPartOf":{"@id":"https:\/\/www.garciavarona.com\/en\/#website"},"primaryImageOfPage":{"@id":"https:\/\/www.garciavarona.com\/en\/producto\/tablon-de-madera-de-roble-sin-cantear\/#primaryimage"},"image":{"@id":"https:\/\/www.garciavarona.com\/en\/producto\/tablon-de-madera-de-roble-sin-cantear\/#primaryimage"},"thumbnailUrl":"https:\/\/www.garciavarona.com\/wp-content\/uploads\/2023\/05\/Tablon-de-madera-de-roble-sin-cantear-roble-macizo-boule-tarugo-de-madera-1.jpg","datePublished":"2023-05-29T12:06:11+00:00","dateModified":"2024-11-11T12:10:37+00:00","description":"Tapa de mesa de madera maciza. Tabl\u00f3n de madera de roble sin cantear. Tarugo de madera de roble. Tronco serrado a lo largo. Madera natural en bruto.","breadcrumb":{"@id":"https:\/\/www.garciavarona.com\/en\/producto\/tablon-de-madera-de-roble-sin-cantear\/#breadcrumb"},"inLanguage":"en-US","potentialAction":[{"@type":"ReadAction","target":["https:\/\/www.garciavarona.com\/en\/producto\/tablon-de-madera-de-roble-sin-cantear\/"]}]},{"@type":"ImageObject","inLanguage":"en-US","@id":"https:\/\/www.garciavarona.com\/en\/producto\/tablon-de-madera-de-roble-sin-cantear\/#primaryimage","url":"https:\/\/www.garciavarona.com\/wp-content\/uploads\/2023\/05\/Tablon-de-madera-de-roble-sin-cantear-roble-macizo-boule-tarugo-de-madera-1.jpg","contentUrl":"https:\/\/www.garciavarona.com\/wp-content\/uploads\/2023\/05\/Tablon-de-madera-de-roble-sin-cantear-roble-macizo-boule-tarugo-de-madera-1.jpg","width":700,"height":700,"caption":"Tabl\u00f3n de madera de roble sin cantear - roble macizo - boule - tarugo de madera"},{"@type":"BreadcrumbList","@id":"https:\/\/www.garciavarona.com\/en\/producto\/tablon-de-madera-de-roble-sin-cantear\/#breadcrumb","itemListElement":[{"@type":"ListItem","position":1,"name":"Portada","item":"https:\/\/www.garciavarona.com\/en\/"},{"@type":"ListItem","position":2,"name":"Tienda Maderas Garc\u00eda Varona","item":"https:\/\/www.garciavarona.com\/tienda\/"},{"@type":"ListItem","position":3,"name":"Tabl\u00f3n de madera de roble sin cantear"}]},{"@type":"WebSite","@id":"https:\/\/www.garciavarona.com\/en\/#website","url":"https:\/\/www.garciavarona.com\/en\/","name":"Maderas Garcia Varona","description":"Fabrica y Aserradero de Madera. Expertos en Madera","publisher":{"@id":"https:\/\/www.garciavarona.com\/en\/#organization"},"potentialAction":[{"@type":"SearchAction","target":{"@type":"EntryPoint","urlTemplate":"https:\/\/www.garciavarona.com\/en\/?s={search_term_string}"},"query-input":{"@type":"PropertyValueSpecification","valueRequired":true,"valueName":"search_term_string"}}],"inLanguage":"en-US"},{"@type":"Organization","@id":"https:\/\/www.garciavarona.com\/en\/#organization","name":"Maderas Garcia Varona","url":"https:\/\/www.garciavarona.com\/en\/","logo":{"@type":"ImageObject","inLanguage":"en-US","@id":"https:\/\/www.garciavarona.com\/en\/#\/schema\/logo\/image\/","url":"https:\/\/www.garciavarona.com\/wp-content\/uploads\/2022\/06\/logoGarciaVarona.svg","contentUrl":"https:\/\/www.garciavarona.com\/wp-content\/uploads\/2022\/06\/logoGarciaVarona.svg","width":1020,"height":200,"caption":"Maderas Garcia Varona"},"image":{"@id":"https:\/\/www.garciavarona.com\/en\/#\/schema\/logo\/image\/"},"sameAs":["https:\/\/www.facebook.com\/maderasgarciavaronagrupo","https:\/\/x.com\/maderasvaronars","https:\/\/www.instagram.com\/maderasgarciavarona\/","https:\/\/www.linkedin.com\/company\/maderas-garcia-varona\/","https:\/\/www.youtube.com\/channel\/UCGUEME06N_h66pB2coJC83w\/featured"]}]}},"_links":{"self":[{"href":"https:\/\/www.garciavarona.com\/en\/wp-json\/wp\/v2\/product\/20176","targetHints":{"allow":["GET"]}}],"collection":[{"href":"https:\/\/www.garciavarona.com\/en\/wp-json\/wp\/v2\/product"}],"about":[{"href":"https:\/\/www.garciavarona.com\/en\/wp-json\/wp\/v2\/types\/product"}],"version-history":[{"count":3,"href":"https:\/\/www.garciavarona.com\/en\/wp-json\/wp\/v2\/product\/20176\/revisions"}],"predecessor-version":[{"id":20238,"href":"https:\/\/www.garciavarona.com\/en\/wp-json\/wp\/v2\/product\/20176\/revisions\/20238"}],"wp:featuredmedia":[{"embeddable":true,"href":"https:\/\/www.garciavarona.com\/en\/wp-json\/wp\/v2\/media\/20195"}],"wp:attachment":[{"href":"https:\/\/www.garciavarona.com\/en\/wp-json\/wp\/v2\/media?parent=20176"}],"wp:term":[{"taxonomy":"product_brand","embeddable":true,"href":"https:\/\/www.garciavarona.com\/en\/wp-json\/wp\/v2\/product_brand?post=20176"},{"taxonomy":"product_cat","embeddable":true,"href":"https:\/\/www.garciavarona.com\/en\/wp-json\/wp\/v2\/product_cat?post=20176"},{"taxonomy":"product_tag","embeddable":true,"href":"https:\/\/www.garciavarona.com\/en\/wp-json\/wp\/v2\/product_tag?post=20176"}],"curies":[{"name":"wp","href":"https:\/\/api.w.org\/{rel}","templated":true}]}}