{"id":20389,"date":"2023-07-25T07:10:13","date_gmt":"2023-07-25T07:10:13","guid":{"rendered":"https:\/\/www.garciavarona.com\/?post_type=product&#038;p=20389"},"modified":"2023-12-01T11:12:52","modified_gmt":"2023-12-01T11:12:52","slug":"dado-de-madera-de-roble-macizo","status":"publish","type":"product","link":"https:\/\/www.garciavarona.com\/en\/producto\/dado-de-madera-de-roble-macizo\/","title":{"rendered":"Dado de madera de roble macizo"},"content":{"rendered":"<h2>Dado de madera de roble macizo<\/h2>\n<p>Dado de madera de roble macizo dise\u00f1ado para la decoraci\u00f3n interior y exterior. Pedestal de madera. Block de roble macizo decorativo. Taco de madera que puede usarse como expositor. Peana de madera h\u00fameda (&lt;25%) por lo que puede tener grietas o agrietarse con el paso del tiempo, lo que hace a la pieza \u00fanica e irrepetible. Secado al aire.<\/p>\n<p>Mesita auxiliar de roble macizo para decorar dormitorios o salones. Pieza de madera de roble para la decoraci\u00f3n r\u00fastica. Este vers\u00e1til dado de roble macizo ser\u00e1 el complemento perfecto para tu hogar. Ya sea como una mesita auxiliar funcional o una pieza decorativa que atrae todas las miradas, este dado de madera de roble destaca por su autenticidad y singularidad.<\/p>\n<p>Esta mesita de madera encaja a la perfecci\u00f3n con el ambiente n\u00f3dico y la tendencia <a href=\"http:\/\/elmundodelamadera.com\/hygge-el-arte-de-disfrutar-de-las-pequenas-cosas\/\" target=\"_blank\" rel=\"noopener\">Hygge<\/a>. Es la tendencia que consiste en el arte de disfrutar de las peque\u00f1as y encontrar en ellas la felicidad. Embellece tu hogar con la calidez y el atractivo natural del roble macizo mientras disfrutas de la versatilidad de esta maravillosa pieza. Ya sea que desees darle un toque de elegancia a tu espacio interior o desees potenciar la belleza del exterior, nuestro dado de madera de roble macizo calidad est\u00e1ndar ser\u00e1 tu elecci\u00f3n perfecta.<\/p>\n<p>Medidas aproximadas. Las medidas indicadas son las medidas iniciales del dado, las medidas de serrado antes de secado. Al ser un producto artesanal que incluye el cepillado, no podemos garantizar una medida final exacta porque a veces hay que cepillarla m\u00e1s de lo habitual.<\/p>\n<p>Descripci\u00f3n de la calidad: admisible nudos, grietas y perforaciones de insecto. Acabado en madera natural (consultar la posibilidad de acabado totalmente artesanal).<\/p>\n<p>Posibilidad de suministrar con cuatro ruedas instaladas, dos con freno y dos sin freno. CONSULTAR.<\/p>\n","protected":false},"excerpt":{"rendered":"<p>Dado de madera de roble macizo. Peana de madera para decoraci\u00f3n r\u00fastica. Mesita auxiliar.<\/p>\n","protected":false},"featured_media":11531,"template":"","meta":[],"product_brand":[],"product_cat":[773,756],"product_tag":[],"class_list":{"0":"post-20389","1":"product","2":"type-product","3":"status-publish","4":"has-post-thumbnail","6":"product_cat-dado-de-madera","7":"product_cat-decoracion-madera","8":"pa_seccion-250x250-mm","9":"pa_seccion-300x300-mm","11":"first","12":"outofstock","13":"taxable","14":"shipping-taxable","15":"purchasable","16":"product-type-variable"},"yoast_head":"<!-- This site is optimized with the Yoast SEO plugin v27.3 - https:\/\/yoast.com\/product\/yoast-seo-wordpress\/ -->\n<title>Dado de madera de roble macizo | Maderas Garc\u00eda Varona<\/title>\n<meta name=\"description\" content=\"Peana de madera para decoraci\u00f3n r\u00fastica. Pedestal de roble macizo. Mesita auxiliar para decorar espacios. Dado de madera de roble macizo.\" \/>\n<meta name=\"robots\" content=\"index, follow, max-snippet:-1, max-image-preview:large, max-video-preview:-1\" \/>\n<link rel=\"canonical\" href=\"https:\/\/www.garciavarona.com\/en\/producto\/dado-de-madera-de-roble-macizo\/\" \/>\n<meta property=\"og:locale\" content=\"en_US\" \/>\n<meta property=\"og:type\" content=\"article\" \/>\n<meta property=\"og:title\" content=\"Dado de madera de roble macizo | Maderas Garc\u00eda Varona\" \/>\n<meta property=\"og:description\" content=\"Peana de madera para decoraci\u00f3n r\u00fastica. Pedestal de roble macizo. Mesita auxiliar para decorar espacios. Dado de madera de roble macizo.\" \/>\n<meta property=\"og:url\" content=\"https:\/\/www.garciavarona.com\/en\/producto\/dado-de-madera-de-roble-macizo\/\" \/>\n<meta property=\"og:site_name\" content=\"Maderas Garcia Varona\" \/>\n<meta property=\"article:publisher\" content=\"https:\/\/www.facebook.com\/maderasgarciavaronagrupo\" \/>\n<meta property=\"article:modified_time\" content=\"2023-12-01T11:12:52+00:00\" \/>\n<meta property=\"og:image\" content=\"https:\/\/www.garciavarona.com\/wp-content\/uploads\/2019\/02\/281-Dado-de-roble-macizo-25x25-cm.jpg\" \/>\n\t<meta property=\"og:image:width\" content=\"500\" \/>\n\t<meta property=\"og:image:height\" content=\"500\" \/>\n\t<meta property=\"og:image:type\" content=\"image\/jpeg\" \/>\n<meta name=\"twitter:card\" content=\"summary_large_image\" \/>\n<meta name=\"twitter:site\" content=\"@maderasvaronars\" \/>\n<meta name=\"twitter:label1\" content=\"Est. reading time\" \/>\n\t<meta name=\"twitter:data1\" content=\"2 minutes\" \/>\n<script type=\"application\/ld+json\" class=\"yoast-schema-graph\">{\"@context\":\"https:\\\/\\\/schema.org\",\"@graph\":[{\"@type\":[\"WebPage\",\"ItemPage\"],\"@id\":\"https:\\\/\\\/www.garciavarona.com\\\/en\\\/producto\\\/dado-de-madera-de-roble-macizo\\\/\",\"url\":\"https:\\\/\\\/www.garciavarona.com\\\/en\\\/producto\\\/dado-de-madera-de-roble-macizo\\\/\",\"name\":\"Dado de madera de roble macizo | Maderas Garc\u00eda Varona\",\"isPartOf\":{\"@id\":\"https:\\\/\\\/www.garciavarona.com\\\/en\\\/#website\"},\"primaryImageOfPage\":{\"@id\":\"https:\\\/\\\/www.garciavarona.com\\\/en\\\/producto\\\/dado-de-madera-de-roble-macizo\\\/#primaryimage\"},\"image\":{\"@id\":\"https:\\\/\\\/www.garciavarona.com\\\/en\\\/producto\\\/dado-de-madera-de-roble-macizo\\\/#primaryimage\"},\"thumbnailUrl\":\"https:\\\/\\\/www.garciavarona.com\\\/wp-content\\\/uploads\\\/2019\\\/02\\\/281-Dado-de-roble-macizo-25x25-cm.jpg\",\"datePublished\":\"2023-07-25T07:10:13+00:00\",\"dateModified\":\"2023-12-01T11:12:52+00:00\",\"description\":\"Peana de madera para decoraci\u00f3n r\u00fastica. Pedestal de roble macizo. Mesita auxiliar para decorar espacios. Dado de madera de roble macizo.\",\"breadcrumb\":{\"@id\":\"https:\\\/\\\/www.garciavarona.com\\\/en\\\/producto\\\/dado-de-madera-de-roble-macizo\\\/#breadcrumb\"},\"inLanguage\":\"en-US\",\"potentialAction\":[{\"@type\":\"ReadAction\",\"target\":[\"https:\\\/\\\/www.garciavarona.com\\\/en\\\/producto\\\/dado-de-madera-de-roble-macizo\\\/\"]}]},{\"@type\":\"ImageObject\",\"inLanguage\":\"en-US\",\"@id\":\"https:\\\/\\\/www.garciavarona.com\\\/en\\\/producto\\\/dado-de-madera-de-roble-macizo\\\/#primaryimage\",\"url\":\"https:\\\/\\\/www.garciavarona.com\\\/wp-content\\\/uploads\\\/2019\\\/02\\\/281-Dado-de-roble-macizo-25x25-cm.jpg\",\"contentUrl\":\"https:\\\/\\\/www.garciavarona.com\\\/wp-content\\\/uploads\\\/2019\\\/02\\\/281-Dado-de-roble-macizo-25x25-cm.jpg\",\"width\":500,\"height\":500,\"caption\":\"Dado de roble macizo 25x25 cm\"},{\"@type\":\"BreadcrumbList\",\"@id\":\"https:\\\/\\\/www.garciavarona.com\\\/en\\\/producto\\\/dado-de-madera-de-roble-macizo\\\/#breadcrumb\",\"itemListElement\":[{\"@type\":\"ListItem\",\"position\":1,\"name\":\"Portada\",\"item\":\"https:\\\/\\\/www.garciavarona.com\\\/en\\\/\"},{\"@type\":\"ListItem\",\"position\":2,\"name\":\"Tienda Maderas Garc\u00eda Varona\",\"item\":\"https:\\\/\\\/www.garciavarona.com\\\/tienda\\\/\"},{\"@type\":\"ListItem\",\"position\":3,\"name\":\"Dado de madera de roble macizo\"}]},{\"@type\":\"WebSite\",\"@id\":\"https:\\\/\\\/www.garciavarona.com\\\/en\\\/#website\",\"url\":\"https:\\\/\\\/www.garciavarona.com\\\/en\\\/\",\"name\":\"Maderas Garcia Varona\",\"description\":\"Fabrica y Aserradero de Madera. Expertos en Madera\",\"publisher\":{\"@id\":\"https:\\\/\\\/www.garciavarona.com\\\/en\\\/#organization\"},\"potentialAction\":[{\"@type\":\"SearchAction\",\"target\":{\"@type\":\"EntryPoint\",\"urlTemplate\":\"https:\\\/\\\/www.garciavarona.com\\\/en\\\/?s={search_term_string}\"},\"query-input\":{\"@type\":\"PropertyValueSpecification\",\"valueRequired\":true,\"valueName\":\"search_term_string\"}}],\"inLanguage\":\"en-US\"},{\"@type\":\"Organization\",\"@id\":\"https:\\\/\\\/www.garciavarona.com\\\/en\\\/#organization\",\"name\":\"Maderas Garcia Varona\",\"url\":\"https:\\\/\\\/www.garciavarona.com\\\/en\\\/\",\"logo\":{\"@type\":\"ImageObject\",\"inLanguage\":\"en-US\",\"@id\":\"https:\\\/\\\/www.garciavarona.com\\\/en\\\/#\\\/schema\\\/logo\\\/image\\\/\",\"url\":\"https:\\\/\\\/www.garciavarona.com\\\/wp-content\\\/uploads\\\/2022\\\/06\\\/logoGarciaVarona.svg\",\"contentUrl\":\"https:\\\/\\\/www.garciavarona.com\\\/wp-content\\\/uploads\\\/2022\\\/06\\\/logoGarciaVarona.svg\",\"width\":1020,\"height\":200,\"caption\":\"Maderas Garcia Varona\"},\"image\":{\"@id\":\"https:\\\/\\\/www.garciavarona.com\\\/en\\\/#\\\/schema\\\/logo\\\/image\\\/\"},\"sameAs\":[\"https:\\\/\\\/www.facebook.com\\\/maderasgarciavaronagrupo\",\"https:\\\/\\\/x.com\\\/maderasvaronars\",\"https:\\\/\\\/www.instagram.com\\\/maderasgarciavarona\\\/\",\"https:\\\/\\\/www.linkedin.com\\\/company\\\/maderas-garcia-varona\\\/\",\"https:\\\/\\\/www.youtube.com\\\/channel\\\/UCGUEME06N_h66pB2coJC83w\\\/featured\"]}]}<\/script>\n<!-- \/ Yoast SEO plugin. -->","yoast_head_json":{"title":"Dado de madera de roble macizo | Maderas Garc\u00eda Varona","description":"Peana de madera para decoraci\u00f3n r\u00fastica. Pedestal de roble macizo. Mesita auxiliar para decorar espacios. Dado de madera de roble macizo.","robots":{"index":"index","follow":"follow","max-snippet":"max-snippet:-1","max-image-preview":"max-image-preview:large","max-video-preview":"max-video-preview:-1"},"canonical":"https:\/\/www.garciavarona.com\/en\/producto\/dado-de-madera-de-roble-macizo\/","og_locale":"en_US","og_type":"article","og_title":"Dado de madera de roble macizo | Maderas Garc\u00eda Varona","og_description":"Peana de madera para decoraci\u00f3n r\u00fastica. Pedestal de roble macizo. Mesita auxiliar para decorar espacios. Dado de madera de roble macizo.","og_url":"https:\/\/www.garciavarona.com\/en\/producto\/dado-de-madera-de-roble-macizo\/","og_site_name":"Maderas Garcia Varona","article_publisher":"https:\/\/www.facebook.com\/maderasgarciavaronagrupo","article_modified_time":"2023-12-01T11:12:52+00:00","og_image":[{"width":500,"height":500,"url":"https:\/\/www.garciavarona.com\/wp-content\/uploads\/2019\/02\/281-Dado-de-roble-macizo-25x25-cm.jpg","type":"image\/jpeg"}],"twitter_card":"summary_large_image","twitter_site":"@maderasvaronars","twitter_misc":{"Est. reading time":"2 minutes"},"schema":{"@context":"https:\/\/schema.org","@graph":[{"@type":["WebPage","ItemPage"],"@id":"https:\/\/www.garciavarona.com\/en\/producto\/dado-de-madera-de-roble-macizo\/","url":"https:\/\/www.garciavarona.com\/en\/producto\/dado-de-madera-de-roble-macizo\/","name":"Dado de madera de roble macizo | Maderas Garc\u00eda Varona","isPartOf":{"@id":"https:\/\/www.garciavarona.com\/en\/#website"},"primaryImageOfPage":{"@id":"https:\/\/www.garciavarona.com\/en\/producto\/dado-de-madera-de-roble-macizo\/#primaryimage"},"image":{"@id":"https:\/\/www.garciavarona.com\/en\/producto\/dado-de-madera-de-roble-macizo\/#primaryimage"},"thumbnailUrl":"https:\/\/www.garciavarona.com\/wp-content\/uploads\/2019\/02\/281-Dado-de-roble-macizo-25x25-cm.jpg","datePublished":"2023-07-25T07:10:13+00:00","dateModified":"2023-12-01T11:12:52+00:00","description":"Peana de madera para decoraci\u00f3n r\u00fastica. Pedestal de roble macizo. Mesita auxiliar para decorar espacios. Dado de madera de roble macizo.","breadcrumb":{"@id":"https:\/\/www.garciavarona.com\/en\/producto\/dado-de-madera-de-roble-macizo\/#breadcrumb"},"inLanguage":"en-US","potentialAction":[{"@type":"ReadAction","target":["https:\/\/www.garciavarona.com\/en\/producto\/dado-de-madera-de-roble-macizo\/"]}]},{"@type":"ImageObject","inLanguage":"en-US","@id":"https:\/\/www.garciavarona.com\/en\/producto\/dado-de-madera-de-roble-macizo\/#primaryimage","url":"https:\/\/www.garciavarona.com\/wp-content\/uploads\/2019\/02\/281-Dado-de-roble-macizo-25x25-cm.jpg","contentUrl":"https:\/\/www.garciavarona.com\/wp-content\/uploads\/2019\/02\/281-Dado-de-roble-macizo-25x25-cm.jpg","width":500,"height":500,"caption":"Dado de roble macizo 25x25 cm"},{"@type":"BreadcrumbList","@id":"https:\/\/www.garciavarona.com\/en\/producto\/dado-de-madera-de-roble-macizo\/#breadcrumb","itemListElement":[{"@type":"ListItem","position":1,"name":"Portada","item":"https:\/\/www.garciavarona.com\/en\/"},{"@type":"ListItem","position":2,"name":"Tienda Maderas Garc\u00eda Varona","item":"https:\/\/www.garciavarona.com\/tienda\/"},{"@type":"ListItem","position":3,"name":"Dado de madera de roble macizo"}]},{"@type":"WebSite","@id":"https:\/\/www.garciavarona.com\/en\/#website","url":"https:\/\/www.garciavarona.com\/en\/","name":"Maderas Garcia Varona","description":"Fabrica y Aserradero de Madera. Expertos en Madera","publisher":{"@id":"https:\/\/www.garciavarona.com\/en\/#organization"},"potentialAction":[{"@type":"SearchAction","target":{"@type":"EntryPoint","urlTemplate":"https:\/\/www.garciavarona.com\/en\/?s={search_term_string}"},"query-input":{"@type":"PropertyValueSpecification","valueRequired":true,"valueName":"search_term_string"}}],"inLanguage":"en-US"},{"@type":"Organization","@id":"https:\/\/www.garciavarona.com\/en\/#organization","name":"Maderas Garcia Varona","url":"https:\/\/www.garciavarona.com\/en\/","logo":{"@type":"ImageObject","inLanguage":"en-US","@id":"https:\/\/www.garciavarona.com\/en\/#\/schema\/logo\/image\/","url":"https:\/\/www.garciavarona.com\/wp-content\/uploads\/2022\/06\/logoGarciaVarona.svg","contentUrl":"https:\/\/www.garciavarona.com\/wp-content\/uploads\/2022\/06\/logoGarciaVarona.svg","width":1020,"height":200,"caption":"Maderas Garcia Varona"},"image":{"@id":"https:\/\/www.garciavarona.com\/en\/#\/schema\/logo\/image\/"},"sameAs":["https:\/\/www.facebook.com\/maderasgarciavaronagrupo","https:\/\/x.com\/maderasvaronars","https:\/\/www.instagram.com\/maderasgarciavarona\/","https:\/\/www.linkedin.com\/company\/maderas-garcia-varona\/","https:\/\/www.youtube.com\/channel\/UCGUEME06N_h66pB2coJC83w\/featured"]}]}},"_links":{"self":[{"href":"https:\/\/www.garciavarona.com\/en\/wp-json\/wp\/v2\/product\/20389","targetHints":{"allow":["GET"]}}],"collection":[{"href":"https:\/\/www.garciavarona.com\/en\/wp-json\/wp\/v2\/product"}],"about":[{"href":"https:\/\/www.garciavarona.com\/en\/wp-json\/wp\/v2\/types\/product"}],"version-history":[{"count":5,"href":"https:\/\/www.garciavarona.com\/en\/wp-json\/wp\/v2\/product\/20389\/revisions"}],"predecessor-version":[{"id":21845,"href":"https:\/\/www.garciavarona.com\/en\/wp-json\/wp\/v2\/product\/20389\/revisions\/21845"}],"wp:featuredmedia":[{"embeddable":true,"href":"https:\/\/www.garciavarona.com\/en\/wp-json\/wp\/v2\/media\/11531"}],"wp:attachment":[{"href":"https:\/\/www.garciavarona.com\/en\/wp-json\/wp\/v2\/media?parent=20389"}],"wp:term":[{"taxonomy":"product_brand","embeddable":true,"href":"https:\/\/www.garciavarona.com\/en\/wp-json\/wp\/v2\/product_brand?post=20389"},{"taxonomy":"product_cat","embeddable":true,"href":"https:\/\/www.garciavarona.com\/en\/wp-json\/wp\/v2\/product_cat?post=20389"},{"taxonomy":"product_tag","embeddable":true,"href":"https:\/\/www.garciavarona.com\/en\/wp-json\/wp\/v2\/product_tag?post=20389"}],"curies":[{"name":"wp","href":"https:\/\/api.w.org\/{rel}","templated":true}]}}