{"id":20413,"date":"2023-08-07T06:13:00","date_gmt":"2023-08-07T06:13:00","guid":{"rendered":"https:\/\/www.garciavarona.com\/?post_type=product&#038;p=20413"},"modified":"2025-09-14T23:34:46","modified_gmt":"2025-09-14T21:34:46","slug":"dado-de-madera-de-roble-rustico","status":"publish","type":"product","link":"https:\/\/www.garciavarona.com\/en\/producto\/dado-de-madera-de-roble-rustico\/","title":{"rendered":"Dado de madera de roble r\u00fastico"},"content":{"rendered":"<h1>Dado de madera de roble r\u00fastico<\/h1>\n<p>Dado de madera de roble r\u00fastico. Bloque de madera natural con grietas y nudos. Pieza de madera de roble para la decoraci\u00f3n interior y exterior, mesa auxiliar. Madera verde (&lt;25%) secada al aire de manera natural, por lo que puede tener grietas o agrietarse con el paso del tiempo. Medidas aproximadas ya que se trata de un producto artesanal que incluye el cepillado. Por lo tanto no podemos garantizar una medida final exacta porque en ocasiones tenemos que cepillar m\u00e1s de lo habitual.<\/p>\n<p>Descripci\u00f3n de la calidad: calidad r\u00fastico: con grietas y nudos (ver fotos), admisibles perforaciones de insecto. Acabado en madera natural (consultar la posibilidad de acabado totalmente artesanal).<\/p>\n<p>\u00a1Descubre la esencia r\u00fastica y aut\u00e9ntica de nuestro dado de madera de roble macizo! Esta peana de madera se destaca por sus grietas y nudos que a\u00f1aden un toque de autenticidad, resaltando su belleza natural y proporcionando una sensaci\u00f3n de calidez y aire r\u00fastico. Cada pieza es \u00fanica, con una historia de vida y un valor art\u00edstico y est\u00e9tico que enriquece cualquier ambiente. Puedes usar esta pieza como mesita auxiliar de roble macizo para decorar dormitorios o salones o tambi\u00e9n como peana, pedestal o expositor. Si buscas una pieza con personalidad propia para decorar tu hogar, este dado de madera de roble es la elecci\u00f3n perfecta.<\/p>\n<h3>Decoraci\u00f3n n\u00f3rdica y tendencia Hygge<\/h3>\n<p>Este producto es especialmente adecuado para aquellos amantes de la decoraci\u00f3n n\u00f3rdica y seguidores de la tendencia de dise\u00f1o <a href=\"https:\/\/www.garciavarona.com\/hygge-el-arte-de-disfrutar-de-las-pequenas-cosas\/\" target=\"_blank\" rel=\"noopener\">Hygge<\/a>.\u00a0La decoraci\u00f3n n\u00f3rdica se caracteriza por su simplicidad, funcionalidad y la integraci\u00f3n de elementos naturales en los espacios interiores. Nuestro dado de madera de roble calidad r\u00fastico se ajusta perfectamente a esta est\u00e9tica, ya que representa la belleza de la naturaleza en su estado m\u00e1s genuino.<\/p>\n<p>La tendencia de dise\u00f1o Hydde se inspira en el estilo escandinavo y busca crear ambientes acogedores y relajantes mediante la incorporaci\u00f3n de elementos naturales y r\u00fasticos. Nuestro dado de madera de roble calidad r\u00fastico encaja a la perfecci\u00f3n con esta tendencia, ya que su aspecto agrietado y su origen natural se fusionan armoniosamente con la filosof\u00eda Hydde, brindando una experiencia de decoraci\u00f3n \u00fanica y acogedora.<\/p>\n<p>Podemos suministrar con cuatro ruedas instaladas, dos con freno y dos sin freno. Disponibles tambi\u00e9n distintos acabados. CONSULTAR.<\/p>\n","protected":false},"excerpt":{"rendered":"<p>Bloque de madera natural de roble con grietas y nudos. Pieza de madera para la decoraci\u00f3n interior y exterior, mesa auxiliar. Dado de madera de roble r\u00fastico.<\/p>\n","protected":false},"featured_media":11542,"template":"","meta":[],"product_brand":[],"product_cat":[783,757],"product_tag":[1187,2158,1189,1188,1192,1198,1191,1194,1193,2162,2161,2159,2160],"class_list":{"0":"post-20413","1":"product","2":"type-product","3":"status-publish","4":"has-post-thumbnail","6":"product_cat-decoracion-outlet","7":"product_cat-outlet-de-madera","8":"product_tag-bloque-de-madera","9":"product_tag-bloque-de-madera-de-roble","10":"product_tag-bloque-de-madera-maciza","11":"product_tag-bloque-de-roble","12":"product_tag-dado-de-madera","13":"product_tag-dado-de-madera-maciza","14":"product_tag-dado-de-roble","15":"product_tag-mesa-auxiliar","16":"product_tag-mesita-de-madera","17":"product_tag-peana-de-madera","18":"product_tag-pedestal-de-madera","19":"product_tag-pieza-de-madera","20":"product_tag-pieza-de-roble","21":"pa_seccion-250x250-mm","22":"pa_seccion-300x300-mm","24":"first","25":"instock","26":"taxable","27":"shipping-taxable","28":"purchasable","29":"product-type-variable"},"yoast_head":"<!-- This site is optimized with the Yoast SEO plugin v27.3 - https:\/\/yoast.com\/product\/yoast-seo-wordpress\/ -->\n<title>Dado de madera de roble r\u00fastico | Maderas Garc\u00eda Varona<\/title>\n<meta name=\"description\" content=\"Bloque de madera natural de roble con grietas y nudos para la decoraci\u00f3n interior y exterior; mesa auxiliar. Dado de madera de roble r\u00fastico.\u00a0\" \/>\n<meta name=\"robots\" content=\"index, follow, max-snippet:-1, max-image-preview:large, max-video-preview:-1\" \/>\n<link rel=\"canonical\" href=\"https:\/\/www.garciavarona.com\/en\/producto\/dado-de-madera-de-roble-rustico\/\" \/>\n<meta property=\"og:locale\" content=\"en_US\" \/>\n<meta property=\"og:type\" content=\"article\" \/>\n<meta property=\"og:title\" content=\"Dado de madera de roble r\u00fastico | Maderas Garc\u00eda Varona\" \/>\n<meta property=\"og:description\" content=\"Bloque de madera natural de roble con grietas y nudos para la decoraci\u00f3n interior y exterior; mesa auxiliar. Dado de madera de roble r\u00fastico.\u00a0\" \/>\n<meta property=\"og:url\" content=\"https:\/\/www.garciavarona.com\/en\/producto\/dado-de-madera-de-roble-rustico\/\" \/>\n<meta property=\"og:site_name\" content=\"Maderas Garcia Varona\" \/>\n<meta property=\"article:publisher\" content=\"https:\/\/www.facebook.com\/maderasgarciavaronagrupo\" \/>\n<meta property=\"article:modified_time\" content=\"2025-09-14T21:34:46+00:00\" \/>\n<meta property=\"og:image\" content=\"https:\/\/www.garciavarona.com\/wp-content\/uploads\/2019\/02\/293-Dado-de-roble-macizo-rustico-peana-de-madera-pedestal.jpg\" \/>\n\t<meta property=\"og:image:width\" content=\"750\" \/>\n\t<meta property=\"og:image:height\" content=\"750\" \/>\n\t<meta property=\"og:image:type\" content=\"image\/jpeg\" \/>\n<meta name=\"twitter:card\" content=\"summary_large_image\" \/>\n<meta name=\"twitter:site\" content=\"@maderasvaronars\" \/>\n<meta name=\"twitter:label1\" content=\"Est. reading time\" \/>\n\t<meta name=\"twitter:data1\" content=\"2 minutes\" \/>\n<script type=\"application\/ld+json\" class=\"yoast-schema-graph\">{\"@context\":\"https:\\\/\\\/schema.org\",\"@graph\":[{\"@type\":[\"WebPage\",\"ItemPage\"],\"@id\":\"https:\\\/\\\/www.garciavarona.com\\\/en\\\/producto\\\/dado-de-madera-de-roble-rustico\\\/\",\"url\":\"https:\\\/\\\/www.garciavarona.com\\\/en\\\/producto\\\/dado-de-madera-de-roble-rustico\\\/\",\"name\":\"Dado de madera de roble r\u00fastico | Maderas Garc\u00eda Varona\",\"isPartOf\":{\"@id\":\"https:\\\/\\\/www.garciavarona.com\\\/en\\\/#website\"},\"primaryImageOfPage\":{\"@id\":\"https:\\\/\\\/www.garciavarona.com\\\/en\\\/producto\\\/dado-de-madera-de-roble-rustico\\\/#primaryimage\"},\"image\":{\"@id\":\"https:\\\/\\\/www.garciavarona.com\\\/en\\\/producto\\\/dado-de-madera-de-roble-rustico\\\/#primaryimage\"},\"thumbnailUrl\":\"https:\\\/\\\/www.garciavarona.com\\\/wp-content\\\/uploads\\\/2019\\\/02\\\/293-Dado-de-roble-macizo-rustico-peana-de-madera-pedestal.jpg\",\"datePublished\":\"2023-08-07T06:13:00+00:00\",\"dateModified\":\"2025-09-14T21:34:46+00:00\",\"description\":\"Bloque de madera natural de roble con grietas y nudos para la decoraci\u00f3n interior y exterior; mesa auxiliar. Dado de madera de roble r\u00fastico.\u00a0\",\"breadcrumb\":{\"@id\":\"https:\\\/\\\/www.garciavarona.com\\\/en\\\/producto\\\/dado-de-madera-de-roble-rustico\\\/#breadcrumb\"},\"inLanguage\":\"en-US\",\"potentialAction\":[{\"@type\":\"ReadAction\",\"target\":[\"https:\\\/\\\/www.garciavarona.com\\\/en\\\/producto\\\/dado-de-madera-de-roble-rustico\\\/\"]}]},{\"@type\":\"ImageObject\",\"inLanguage\":\"en-US\",\"@id\":\"https:\\\/\\\/www.garciavarona.com\\\/en\\\/producto\\\/dado-de-madera-de-roble-rustico\\\/#primaryimage\",\"url\":\"https:\\\/\\\/www.garciavarona.com\\\/wp-content\\\/uploads\\\/2019\\\/02\\\/293-Dado-de-roble-macizo-rustico-peana-de-madera-pedestal.jpg\",\"contentUrl\":\"https:\\\/\\\/www.garciavarona.com\\\/wp-content\\\/uploads\\\/2019\\\/02\\\/293-Dado-de-roble-macizo-rustico-peana-de-madera-pedestal.jpg\",\"width\":750,\"height\":750,\"caption\":\"Dado de madera de roble rustico. Bloque de madera. Peana de madera, pedestal. Mesa r\u00fastica.\"},{\"@type\":\"BreadcrumbList\",\"@id\":\"https:\\\/\\\/www.garciavarona.com\\\/en\\\/producto\\\/dado-de-madera-de-roble-rustico\\\/#breadcrumb\",\"itemListElement\":[{\"@type\":\"ListItem\",\"position\":1,\"name\":\"Portada\",\"item\":\"https:\\\/\\\/www.garciavarona.com\\\/en\\\/\"},{\"@type\":\"ListItem\",\"position\":2,\"name\":\"Tienda Maderas Garc\u00eda Varona\",\"item\":\"https:\\\/\\\/www.garciavarona.com\\\/tienda\\\/\"},{\"@type\":\"ListItem\",\"position\":3,\"name\":\"Dado de madera de roble r\u00fastico\"}]},{\"@type\":\"WebSite\",\"@id\":\"https:\\\/\\\/www.garciavarona.com\\\/en\\\/#website\",\"url\":\"https:\\\/\\\/www.garciavarona.com\\\/en\\\/\",\"name\":\"Maderas Garcia Varona\",\"description\":\"Fabrica y Aserradero de Madera. Expertos en Madera\",\"publisher\":{\"@id\":\"https:\\\/\\\/www.garciavarona.com\\\/en\\\/#organization\"},\"potentialAction\":[{\"@type\":\"SearchAction\",\"target\":{\"@type\":\"EntryPoint\",\"urlTemplate\":\"https:\\\/\\\/www.garciavarona.com\\\/en\\\/?s={search_term_string}\"},\"query-input\":{\"@type\":\"PropertyValueSpecification\",\"valueRequired\":true,\"valueName\":\"search_term_string\"}}],\"inLanguage\":\"en-US\"},{\"@type\":\"Organization\",\"@id\":\"https:\\\/\\\/www.garciavarona.com\\\/en\\\/#organization\",\"name\":\"Maderas Garcia Varona\",\"url\":\"https:\\\/\\\/www.garciavarona.com\\\/en\\\/\",\"logo\":{\"@type\":\"ImageObject\",\"inLanguage\":\"en-US\",\"@id\":\"https:\\\/\\\/www.garciavarona.com\\\/en\\\/#\\\/schema\\\/logo\\\/image\\\/\",\"url\":\"https:\\\/\\\/www.garciavarona.com\\\/wp-content\\\/uploads\\\/2022\\\/06\\\/logoGarciaVarona.svg\",\"contentUrl\":\"https:\\\/\\\/www.garciavarona.com\\\/wp-content\\\/uploads\\\/2022\\\/06\\\/logoGarciaVarona.svg\",\"width\":1020,\"height\":200,\"caption\":\"Maderas Garcia Varona\"},\"image\":{\"@id\":\"https:\\\/\\\/www.garciavarona.com\\\/en\\\/#\\\/schema\\\/logo\\\/image\\\/\"},\"sameAs\":[\"https:\\\/\\\/www.facebook.com\\\/maderasgarciavaronagrupo\",\"https:\\\/\\\/x.com\\\/maderasvaronars\",\"https:\\\/\\\/www.instagram.com\\\/maderasgarciavarona\\\/\",\"https:\\\/\\\/www.linkedin.com\\\/company\\\/maderas-garcia-varona\\\/\",\"https:\\\/\\\/www.youtube.com\\\/channel\\\/UCGUEME06N_h66pB2coJC83w\\\/featured\"]}]}<\/script>\n<!-- \/ Yoast SEO plugin. -->","yoast_head_json":{"title":"Dado de madera de roble r\u00fastico | Maderas Garc\u00eda Varona","description":"Bloque de madera natural de roble con grietas y nudos para la decoraci\u00f3n interior y exterior; mesa auxiliar. Dado de madera de roble r\u00fastico.\u00a0","robots":{"index":"index","follow":"follow","max-snippet":"max-snippet:-1","max-image-preview":"max-image-preview:large","max-video-preview":"max-video-preview:-1"},"canonical":"https:\/\/www.garciavarona.com\/en\/producto\/dado-de-madera-de-roble-rustico\/","og_locale":"en_US","og_type":"article","og_title":"Dado de madera de roble r\u00fastico | Maderas Garc\u00eda Varona","og_description":"Bloque de madera natural de roble con grietas y nudos para la decoraci\u00f3n interior y exterior; mesa auxiliar. Dado de madera de roble r\u00fastico.\u00a0","og_url":"https:\/\/www.garciavarona.com\/en\/producto\/dado-de-madera-de-roble-rustico\/","og_site_name":"Maderas Garcia Varona","article_publisher":"https:\/\/www.facebook.com\/maderasgarciavaronagrupo","article_modified_time":"2025-09-14T21:34:46+00:00","og_image":[{"width":750,"height":750,"url":"https:\/\/www.garciavarona.com\/wp-content\/uploads\/2019\/02\/293-Dado-de-roble-macizo-rustico-peana-de-madera-pedestal.jpg","type":"image\/jpeg"}],"twitter_card":"summary_large_image","twitter_site":"@maderasvaronars","twitter_misc":{"Est. reading time":"2 minutes"},"schema":{"@context":"https:\/\/schema.org","@graph":[{"@type":["WebPage","ItemPage"],"@id":"https:\/\/www.garciavarona.com\/en\/producto\/dado-de-madera-de-roble-rustico\/","url":"https:\/\/www.garciavarona.com\/en\/producto\/dado-de-madera-de-roble-rustico\/","name":"Dado de madera de roble r\u00fastico | Maderas Garc\u00eda Varona","isPartOf":{"@id":"https:\/\/www.garciavarona.com\/en\/#website"},"primaryImageOfPage":{"@id":"https:\/\/www.garciavarona.com\/en\/producto\/dado-de-madera-de-roble-rustico\/#primaryimage"},"image":{"@id":"https:\/\/www.garciavarona.com\/en\/producto\/dado-de-madera-de-roble-rustico\/#primaryimage"},"thumbnailUrl":"https:\/\/www.garciavarona.com\/wp-content\/uploads\/2019\/02\/293-Dado-de-roble-macizo-rustico-peana-de-madera-pedestal.jpg","datePublished":"2023-08-07T06:13:00+00:00","dateModified":"2025-09-14T21:34:46+00:00","description":"Bloque de madera natural de roble con grietas y nudos para la decoraci\u00f3n interior y exterior; mesa auxiliar. Dado de madera de roble r\u00fastico.\u00a0","breadcrumb":{"@id":"https:\/\/www.garciavarona.com\/en\/producto\/dado-de-madera-de-roble-rustico\/#breadcrumb"},"inLanguage":"en-US","potentialAction":[{"@type":"ReadAction","target":["https:\/\/www.garciavarona.com\/en\/producto\/dado-de-madera-de-roble-rustico\/"]}]},{"@type":"ImageObject","inLanguage":"en-US","@id":"https:\/\/www.garciavarona.com\/en\/producto\/dado-de-madera-de-roble-rustico\/#primaryimage","url":"https:\/\/www.garciavarona.com\/wp-content\/uploads\/2019\/02\/293-Dado-de-roble-macizo-rustico-peana-de-madera-pedestal.jpg","contentUrl":"https:\/\/www.garciavarona.com\/wp-content\/uploads\/2019\/02\/293-Dado-de-roble-macizo-rustico-peana-de-madera-pedestal.jpg","width":750,"height":750,"caption":"Dado de madera de roble rustico. Bloque de madera. Peana de madera, pedestal. Mesa r\u00fastica."},{"@type":"BreadcrumbList","@id":"https:\/\/www.garciavarona.com\/en\/producto\/dado-de-madera-de-roble-rustico\/#breadcrumb","itemListElement":[{"@type":"ListItem","position":1,"name":"Portada","item":"https:\/\/www.garciavarona.com\/en\/"},{"@type":"ListItem","position":2,"name":"Tienda Maderas Garc\u00eda Varona","item":"https:\/\/www.garciavarona.com\/tienda\/"},{"@type":"ListItem","position":3,"name":"Dado de madera de roble r\u00fastico"}]},{"@type":"WebSite","@id":"https:\/\/www.garciavarona.com\/en\/#website","url":"https:\/\/www.garciavarona.com\/en\/","name":"Maderas Garcia Varona","description":"Fabrica y Aserradero de Madera. Expertos en Madera","publisher":{"@id":"https:\/\/www.garciavarona.com\/en\/#organization"},"potentialAction":[{"@type":"SearchAction","target":{"@type":"EntryPoint","urlTemplate":"https:\/\/www.garciavarona.com\/en\/?s={search_term_string}"},"query-input":{"@type":"PropertyValueSpecification","valueRequired":true,"valueName":"search_term_string"}}],"inLanguage":"en-US"},{"@type":"Organization","@id":"https:\/\/www.garciavarona.com\/en\/#organization","name":"Maderas Garcia Varona","url":"https:\/\/www.garciavarona.com\/en\/","logo":{"@type":"ImageObject","inLanguage":"en-US","@id":"https:\/\/www.garciavarona.com\/en\/#\/schema\/logo\/image\/","url":"https:\/\/www.garciavarona.com\/wp-content\/uploads\/2022\/06\/logoGarciaVarona.svg","contentUrl":"https:\/\/www.garciavarona.com\/wp-content\/uploads\/2022\/06\/logoGarciaVarona.svg","width":1020,"height":200,"caption":"Maderas Garcia Varona"},"image":{"@id":"https:\/\/www.garciavarona.com\/en\/#\/schema\/logo\/image\/"},"sameAs":["https:\/\/www.facebook.com\/maderasgarciavaronagrupo","https:\/\/x.com\/maderasvaronars","https:\/\/www.instagram.com\/maderasgarciavarona\/","https:\/\/www.linkedin.com\/company\/maderas-garcia-varona\/","https:\/\/www.youtube.com\/channel\/UCGUEME06N_h66pB2coJC83w\/featured"]}]}},"_links":{"self":[{"href":"https:\/\/www.garciavarona.com\/en\/wp-json\/wp\/v2\/product\/20413","targetHints":{"allow":["GET"]}}],"collection":[{"href":"https:\/\/www.garciavarona.com\/en\/wp-json\/wp\/v2\/product"}],"about":[{"href":"https:\/\/www.garciavarona.com\/en\/wp-json\/wp\/v2\/types\/product"}],"version-history":[{"count":3,"href":"https:\/\/www.garciavarona.com\/en\/wp-json\/wp\/v2\/product\/20413\/revisions"}],"predecessor-version":[{"id":20419,"href":"https:\/\/www.garciavarona.com\/en\/wp-json\/wp\/v2\/product\/20413\/revisions\/20419"}],"wp:featuredmedia":[{"embeddable":true,"href":"https:\/\/www.garciavarona.com\/en\/wp-json\/wp\/v2\/media\/11542"}],"wp:attachment":[{"href":"https:\/\/www.garciavarona.com\/en\/wp-json\/wp\/v2\/media?parent=20413"}],"wp:term":[{"taxonomy":"product_brand","embeddable":true,"href":"https:\/\/www.garciavarona.com\/en\/wp-json\/wp\/v2\/product_brand?post=20413"},{"taxonomy":"product_cat","embeddable":true,"href":"https:\/\/www.garciavarona.com\/en\/wp-json\/wp\/v2\/product_cat?post=20413"},{"taxonomy":"product_tag","embeddable":true,"href":"https:\/\/www.garciavarona.com\/en\/wp-json\/wp\/v2\/product_tag?post=20413"}],"curies":[{"name":"wp","href":"https:\/\/api.w.org\/{rel}","templated":true}]}}