{"id":20628,"date":"2023-12-15T09:36:43","date_gmt":"2023-12-15T09:36:43","guid":{"rendered":"https:\/\/www.garciavarona.com\/?post_type=product&#038;p=20628"},"modified":"2025-07-09T11:19:29","modified_gmt":"2025-07-09T09:19:29","slug":"tarima-de-abeto-para-suelos-y-paredes-termotratado","status":"publish","type":"product","link":"https:\/\/www.garciavarona.com\/en\/producto\/tarima-de-abeto-para-suelos-y-paredes-termotratado\/","title":{"rendered":"Tarima de abeto para suelos y paredes termotratado"},"content":{"rendered":"<h2><strong>Tarima de abeto para suelos y paredes termotratado con superficie antideslizante\u00a0<\/strong><\/h2>\n<p>Tarima de abeto para suelos y paredes termotratado. Deck de madera de abeto con tratamiento t\u00e9rmico y superficie antideslizante. El termotratamiento confiere a la madera un tono marr\u00f3n y permite el uso de esta tarima tanto en exterior como en interior. Revestimiento de madera de abeto con superficie antideslizante en una de sus caras y perfil liso en la otro cara. Tabla de madera maciza de abeto termotratada. Precio\/m2<\/p>\n<p>En <strong><a href=\"https:\/\/www.garciavarona.com\/revestimientos-de-madera\/\" target=\"_blank\" rel=\"noopener\">nuestro blog<\/a><\/strong> puedes descubrir los beneficios de usar madera como revestimiento, as\u00ed como algunas ideas de decoraci\u00f3n con madera en suelos y paredes.<\/p>\n<h4>Especificaciones t\u00e9cnicas:<\/h4>\n<p><span style=\"font-weight: 400;\">Fabricaci\u00f3n est\u00e1ndar: una cara antideslizante y con bisel Go2 y la otra cara lisa y con bisel. Recomendada para suelos la cara ranurada (antideslizante) y la cara lisa para paredes, tanto en exterior como interior.<\/span><\/p>\n<p><span style=\"font-weight: 400;\">Colocaci\u00f3n clavada con tornillo visto, sistema l\u00edder en Europa por su estabilidad y durabilidad.<\/span><\/p>\n<h3><strong>Caracter\u00edsticas del termotratamiento:<\/strong><\/h3>\n<p><span style=\"font-weight: 400;\">\u2013 Tratamiento a base de calor y vapor, sin sustancias qu\u00edmicas<\/span><\/p>\n<p><span style=\"font-weight: 400;\">\u2013 La madera termotratada puede ser usada tanto para interior como exterior<\/span><\/p>\n<p><span style=\"font-weight: 400;\">\u2013 Alta estabilidad y resistencia a la degradaci\u00f3n<\/span><\/p>\n<p><span style=\"font-weight: 400;\">\u2013 Se incrementa exponencialmente la resistencia a hongos, insectos y humedad<\/span><\/p>\n<p><span style=\"font-weight: 400;\">\u2013 La madera se oscurece y homogeniza su color, tanto en la albura como en el duramen<\/span><\/p>\n<p><span style=\"font-weight: 400;\">\u2013 La tarima de cipr\u00e9s termotratada conserva bien su tama\u00f1o y forma, menor riesgo de deformaci\u00f3n<\/span><\/p>\n<p><span style=\"font-weight: 400;\">\u2013 Mejora sus propiedades como aislamiento t\u00e9rmico<\/span><\/p>\n<p>&nbsp;<\/p>\n<p><span style=\"font-weight: 400;\">\u00a0<\/span><\/p>\n","protected":false},"excerpt":{"rendered":"<p><span style=\"font-weight: 400;\">Una cara antideslizante con bisel Go2 y la otra cara lisa y con bisel. Recomendada para suelos la cara ranurada y la cara lisa para paredes, tanto en exterior como interior.<\/span><\/p>\n","protected":false},"featured_media":20658,"template":"","meta":[],"product_brand":[],"product_cat":[796,2075,758,752,797,764,805,799,800],"product_tag":[],"class_list":{"0":"post-20628","1":"product","2":"type-product","3":"status-publish","4":"has-post-thumbnail","6":"product_cat-fachadas-de-madera","7":"product_cat-producto-recogida-en-tienda","8":"product_cat-tarima-madera-interior","9":"product_cat-tarimas","10":"product_cat-suelos-exterior","11":"product_cat-tarima-madera-exterior","12":"product_cat-otras-especies","13":"product_cat-paredes","14":"product_cat-suelos","15":"product_shipping_class-recogida-local","16":"pa_ancho-140-mm","17":"pa_grueso-21mm","18":"pa_largo-2-250-mm","19":"pa_largo-3-300-mm","21":"first","22":"outofstock","23":"taxable","24":"shipping-taxable","25":"purchasable","26":"product-type-variable","27":"has-default-attributes"},"yoast_head":"<!-- This site is optimized with the Yoast SEO plugin v27.3 - https:\/\/yoast.com\/product\/yoast-seo-wordpress\/ -->\n<title>Tarima de abeto para suelos y paredes termotratado<\/title>\n<meta name=\"description\" content=\"Tarima de madera de abeto para revestimiento de suelos y paredes termotratado con superficie antideslizante para uso interior y exterior. Deck de abeto.\" \/>\n<meta name=\"robots\" content=\"index, follow, max-snippet:-1, max-image-preview:large, max-video-preview:-1\" \/>\n<link rel=\"canonical\" href=\"https:\/\/www.garciavarona.com\/en\/producto\/tarima-de-abeto-para-suelos-y-paredes-termotratado\/\" \/>\n<meta property=\"og:locale\" content=\"en_US\" \/>\n<meta property=\"og:type\" content=\"article\" \/>\n<meta property=\"og:title\" content=\"Tarima de abeto para suelos y paredes termotratado\" \/>\n<meta property=\"og:description\" content=\"Tarima de madera de abeto para revestimiento de suelos y paredes termotratado con superficie antideslizante para uso interior y exterior. Deck de abeto.\" \/>\n<meta property=\"og:url\" content=\"https:\/\/www.garciavarona.com\/en\/producto\/tarima-de-abeto-para-suelos-y-paredes-termotratado\/\" \/>\n<meta property=\"og:site_name\" content=\"Maderas Garcia Varona\" \/>\n<meta property=\"article:publisher\" content=\"https:\/\/www.facebook.com\/maderasgarciavaronagrupo\" \/>\n<meta property=\"article:modified_time\" content=\"2025-07-09T09:19:29+00:00\" \/>\n<meta property=\"og:image\" content=\"https:\/\/www.garciavarona.com\/wp-content\/uploads\/2023\/12\/1.png\" \/>\n\t<meta property=\"og:image:width\" content=\"525\" \/>\n\t<meta property=\"og:image:height\" content=\"525\" \/>\n\t<meta property=\"og:image:type\" content=\"image\/png\" \/>\n<meta name=\"twitter:card\" content=\"summary_large_image\" \/>\n<meta name=\"twitter:site\" content=\"@maderasvaronars\" \/>\n<meta name=\"twitter:label1\" content=\"Est. reading time\" \/>\n\t<meta name=\"twitter:data1\" content=\"2 minutes\" \/>\n<script type=\"application\/ld+json\" class=\"yoast-schema-graph\">{\"@context\":\"https:\\\/\\\/schema.org\",\"@graph\":[{\"@type\":[\"WebPage\",\"ItemPage\"],\"@id\":\"https:\\\/\\\/www.garciavarona.com\\\/en\\\/producto\\\/tarima-de-abeto-para-suelos-y-paredes-termotratado\\\/\",\"url\":\"https:\\\/\\\/www.garciavarona.com\\\/en\\\/producto\\\/tarima-de-abeto-para-suelos-y-paredes-termotratado\\\/\",\"name\":\"Tarima de abeto para suelos y paredes termotratado\",\"isPartOf\":{\"@id\":\"https:\\\/\\\/www.garciavarona.com\\\/en\\\/#website\"},\"primaryImageOfPage\":{\"@id\":\"https:\\\/\\\/www.garciavarona.com\\\/en\\\/producto\\\/tarima-de-abeto-para-suelos-y-paredes-termotratado\\\/#primaryimage\"},\"image\":{\"@id\":\"https:\\\/\\\/www.garciavarona.com\\\/en\\\/producto\\\/tarima-de-abeto-para-suelos-y-paredes-termotratado\\\/#primaryimage\"},\"thumbnailUrl\":\"https:\\\/\\\/www.garciavarona.com\\\/wp-content\\\/uploads\\\/2023\\\/12\\\/1.png\",\"datePublished\":\"2023-12-15T09:36:43+00:00\",\"dateModified\":\"2025-07-09T09:19:29+00:00\",\"description\":\"Tarima de madera de abeto para revestimiento de suelos y paredes termotratado con superficie antideslizante para uso interior y exterior. Deck de abeto.\",\"breadcrumb\":{\"@id\":\"https:\\\/\\\/www.garciavarona.com\\\/en\\\/producto\\\/tarima-de-abeto-para-suelos-y-paredes-termotratado\\\/#breadcrumb\"},\"inLanguage\":\"en-US\",\"potentialAction\":[{\"@type\":\"ReadAction\",\"target\":[\"https:\\\/\\\/www.garciavarona.com\\\/en\\\/producto\\\/tarima-de-abeto-para-suelos-y-paredes-termotratado\\\/\"]}]},{\"@type\":\"ImageObject\",\"inLanguage\":\"en-US\",\"@id\":\"https:\\\/\\\/www.garciavarona.com\\\/en\\\/producto\\\/tarima-de-abeto-para-suelos-y-paredes-termotratado\\\/#primaryimage\",\"url\":\"https:\\\/\\\/www.garciavarona.com\\\/wp-content\\\/uploads\\\/2023\\\/12\\\/1.png\",\"contentUrl\":\"https:\\\/\\\/www.garciavarona.com\\\/wp-content\\\/uploads\\\/2023\\\/12\\\/1.png\",\"width\":525,\"height\":525,\"caption\":\"Tarima de Abeto deck Termotratado antideslizante de 140mm de ancho, 21mm de grueso y largo de 3.300mm y 2.250mm. Tabla con perfil ranurado en una cara, de madera maciza termotratada. Este tratamiento confiere a la madera un tono marr\u00f3n.\"},{\"@type\":\"BreadcrumbList\",\"@id\":\"https:\\\/\\\/www.garciavarona.com\\\/en\\\/producto\\\/tarima-de-abeto-para-suelos-y-paredes-termotratado\\\/#breadcrumb\",\"itemListElement\":[{\"@type\":\"ListItem\",\"position\":1,\"name\":\"Portada\",\"item\":\"https:\\\/\\\/www.garciavarona.com\\\/en\\\/\"},{\"@type\":\"ListItem\",\"position\":2,\"name\":\"Tienda Maderas Garc\u00eda Varona\",\"item\":\"https:\\\/\\\/www.garciavarona.com\\\/tienda\\\/\"},{\"@type\":\"ListItem\",\"position\":3,\"name\":\"Tarima de abeto para suelos y paredes termotratado\"}]},{\"@type\":\"WebSite\",\"@id\":\"https:\\\/\\\/www.garciavarona.com\\\/en\\\/#website\",\"url\":\"https:\\\/\\\/www.garciavarona.com\\\/en\\\/\",\"name\":\"Maderas Garcia Varona\",\"description\":\"Fabrica y Aserradero de Madera. Expertos en Madera\",\"publisher\":{\"@id\":\"https:\\\/\\\/www.garciavarona.com\\\/en\\\/#organization\"},\"potentialAction\":[{\"@type\":\"SearchAction\",\"target\":{\"@type\":\"EntryPoint\",\"urlTemplate\":\"https:\\\/\\\/www.garciavarona.com\\\/en\\\/?s={search_term_string}\"},\"query-input\":{\"@type\":\"PropertyValueSpecification\",\"valueRequired\":true,\"valueName\":\"search_term_string\"}}],\"inLanguage\":\"en-US\"},{\"@type\":\"Organization\",\"@id\":\"https:\\\/\\\/www.garciavarona.com\\\/en\\\/#organization\",\"name\":\"Maderas Garcia Varona\",\"url\":\"https:\\\/\\\/www.garciavarona.com\\\/en\\\/\",\"logo\":{\"@type\":\"ImageObject\",\"inLanguage\":\"en-US\",\"@id\":\"https:\\\/\\\/www.garciavarona.com\\\/en\\\/#\\\/schema\\\/logo\\\/image\\\/\",\"url\":\"https:\\\/\\\/www.garciavarona.com\\\/wp-content\\\/uploads\\\/2022\\\/06\\\/logoGarciaVarona.svg\",\"contentUrl\":\"https:\\\/\\\/www.garciavarona.com\\\/wp-content\\\/uploads\\\/2022\\\/06\\\/logoGarciaVarona.svg\",\"width\":1020,\"height\":200,\"caption\":\"Maderas Garcia Varona\"},\"image\":{\"@id\":\"https:\\\/\\\/www.garciavarona.com\\\/en\\\/#\\\/schema\\\/logo\\\/image\\\/\"},\"sameAs\":[\"https:\\\/\\\/www.facebook.com\\\/maderasgarciavaronagrupo\",\"https:\\\/\\\/x.com\\\/maderasvaronars\",\"https:\\\/\\\/www.instagram.com\\\/maderasgarciavarona\\\/\",\"https:\\\/\\\/www.linkedin.com\\\/company\\\/maderas-garcia-varona\\\/\",\"https:\\\/\\\/www.youtube.com\\\/channel\\\/UCGUEME06N_h66pB2coJC83w\\\/featured\"]}]}<\/script>\n<!-- \/ Yoast SEO plugin. -->","yoast_head_json":{"title":"Tarima de abeto para suelos y paredes termotratado","description":"Tarima de madera de abeto para revestimiento de suelos y paredes termotratado con superficie antideslizante para uso interior y exterior. Deck de abeto.","robots":{"index":"index","follow":"follow","max-snippet":"max-snippet:-1","max-image-preview":"max-image-preview:large","max-video-preview":"max-video-preview:-1"},"canonical":"https:\/\/www.garciavarona.com\/en\/producto\/tarima-de-abeto-para-suelos-y-paredes-termotratado\/","og_locale":"en_US","og_type":"article","og_title":"Tarima de abeto para suelos y paredes termotratado","og_description":"Tarima de madera de abeto para revestimiento de suelos y paredes termotratado con superficie antideslizante para uso interior y exterior. Deck de abeto.","og_url":"https:\/\/www.garciavarona.com\/en\/producto\/tarima-de-abeto-para-suelos-y-paredes-termotratado\/","og_site_name":"Maderas Garcia Varona","article_publisher":"https:\/\/www.facebook.com\/maderasgarciavaronagrupo","article_modified_time":"2025-07-09T09:19:29+00:00","og_image":[{"width":525,"height":525,"url":"https:\/\/www.garciavarona.com\/wp-content\/uploads\/2023\/12\/1.png","type":"image\/png"}],"twitter_card":"summary_large_image","twitter_site":"@maderasvaronars","twitter_misc":{"Est. reading time":"2 minutes"},"schema":{"@context":"https:\/\/schema.org","@graph":[{"@type":["WebPage","ItemPage"],"@id":"https:\/\/www.garciavarona.com\/en\/producto\/tarima-de-abeto-para-suelos-y-paredes-termotratado\/","url":"https:\/\/www.garciavarona.com\/en\/producto\/tarima-de-abeto-para-suelos-y-paredes-termotratado\/","name":"Tarima de abeto para suelos y paredes termotratado","isPartOf":{"@id":"https:\/\/www.garciavarona.com\/en\/#website"},"primaryImageOfPage":{"@id":"https:\/\/www.garciavarona.com\/en\/producto\/tarima-de-abeto-para-suelos-y-paredes-termotratado\/#primaryimage"},"image":{"@id":"https:\/\/www.garciavarona.com\/en\/producto\/tarima-de-abeto-para-suelos-y-paredes-termotratado\/#primaryimage"},"thumbnailUrl":"https:\/\/www.garciavarona.com\/wp-content\/uploads\/2023\/12\/1.png","datePublished":"2023-12-15T09:36:43+00:00","dateModified":"2025-07-09T09:19:29+00:00","description":"Tarima de madera de abeto para revestimiento de suelos y paredes termotratado con superficie antideslizante para uso interior y exterior. Deck de abeto.","breadcrumb":{"@id":"https:\/\/www.garciavarona.com\/en\/producto\/tarima-de-abeto-para-suelos-y-paredes-termotratado\/#breadcrumb"},"inLanguage":"en-US","potentialAction":[{"@type":"ReadAction","target":["https:\/\/www.garciavarona.com\/en\/producto\/tarima-de-abeto-para-suelos-y-paredes-termotratado\/"]}]},{"@type":"ImageObject","inLanguage":"en-US","@id":"https:\/\/www.garciavarona.com\/en\/producto\/tarima-de-abeto-para-suelos-y-paredes-termotratado\/#primaryimage","url":"https:\/\/www.garciavarona.com\/wp-content\/uploads\/2023\/12\/1.png","contentUrl":"https:\/\/www.garciavarona.com\/wp-content\/uploads\/2023\/12\/1.png","width":525,"height":525,"caption":"Tarima de Abeto deck Termotratado antideslizante de 140mm de ancho, 21mm de grueso y largo de 3.300mm y 2.250mm. Tabla con perfil ranurado en una cara, de madera maciza termotratada. Este tratamiento confiere a la madera un tono marr\u00f3n."},{"@type":"BreadcrumbList","@id":"https:\/\/www.garciavarona.com\/en\/producto\/tarima-de-abeto-para-suelos-y-paredes-termotratado\/#breadcrumb","itemListElement":[{"@type":"ListItem","position":1,"name":"Portada","item":"https:\/\/www.garciavarona.com\/en\/"},{"@type":"ListItem","position":2,"name":"Tienda Maderas Garc\u00eda Varona","item":"https:\/\/www.garciavarona.com\/tienda\/"},{"@type":"ListItem","position":3,"name":"Tarima de abeto para suelos y paredes termotratado"}]},{"@type":"WebSite","@id":"https:\/\/www.garciavarona.com\/en\/#website","url":"https:\/\/www.garciavarona.com\/en\/","name":"Maderas Garcia Varona","description":"Fabrica y Aserradero de Madera. Expertos en Madera","publisher":{"@id":"https:\/\/www.garciavarona.com\/en\/#organization"},"potentialAction":[{"@type":"SearchAction","target":{"@type":"EntryPoint","urlTemplate":"https:\/\/www.garciavarona.com\/en\/?s={search_term_string}"},"query-input":{"@type":"PropertyValueSpecification","valueRequired":true,"valueName":"search_term_string"}}],"inLanguage":"en-US"},{"@type":"Organization","@id":"https:\/\/www.garciavarona.com\/en\/#organization","name":"Maderas Garcia Varona","url":"https:\/\/www.garciavarona.com\/en\/","logo":{"@type":"ImageObject","inLanguage":"en-US","@id":"https:\/\/www.garciavarona.com\/en\/#\/schema\/logo\/image\/","url":"https:\/\/www.garciavarona.com\/wp-content\/uploads\/2022\/06\/logoGarciaVarona.svg","contentUrl":"https:\/\/www.garciavarona.com\/wp-content\/uploads\/2022\/06\/logoGarciaVarona.svg","width":1020,"height":200,"caption":"Maderas Garcia Varona"},"image":{"@id":"https:\/\/www.garciavarona.com\/en\/#\/schema\/logo\/image\/"},"sameAs":["https:\/\/www.facebook.com\/maderasgarciavaronagrupo","https:\/\/x.com\/maderasvaronars","https:\/\/www.instagram.com\/maderasgarciavarona\/","https:\/\/www.linkedin.com\/company\/maderas-garcia-varona\/","https:\/\/www.youtube.com\/channel\/UCGUEME06N_h66pB2coJC83w\/featured"]}]}},"_links":{"self":[{"href":"https:\/\/www.garciavarona.com\/en\/wp-json\/wp\/v2\/product\/20628","targetHints":{"allow":["GET"]}}],"collection":[{"href":"https:\/\/www.garciavarona.com\/en\/wp-json\/wp\/v2\/product"}],"about":[{"href":"https:\/\/www.garciavarona.com\/en\/wp-json\/wp\/v2\/types\/product"}],"version-history":[{"count":6,"href":"https:\/\/www.garciavarona.com\/en\/wp-json\/wp\/v2\/product\/20628\/revisions"}],"predecessor-version":[{"id":20785,"href":"https:\/\/www.garciavarona.com\/en\/wp-json\/wp\/v2\/product\/20628\/revisions\/20785"}],"wp:featuredmedia":[{"embeddable":true,"href":"https:\/\/www.garciavarona.com\/en\/wp-json\/wp\/v2\/media\/20658"}],"wp:attachment":[{"href":"https:\/\/www.garciavarona.com\/en\/wp-json\/wp\/v2\/media?parent=20628"}],"wp:term":[{"taxonomy":"product_brand","embeddable":true,"href":"https:\/\/www.garciavarona.com\/en\/wp-json\/wp\/v2\/product_brand?post=20628"},{"taxonomy":"product_cat","embeddable":true,"href":"https:\/\/www.garciavarona.com\/en\/wp-json\/wp\/v2\/product_cat?post=20628"},{"taxonomy":"product_tag","embeddable":true,"href":"https:\/\/www.garciavarona.com\/en\/wp-json\/wp\/v2\/product_tag?post=20628"}],"curies":[{"name":"wp","href":"https:\/\/api.w.org\/{rel}","templated":true}]}}