{"id":22173,"date":"2024-08-30T13:55:47","date_gmt":"2024-08-30T13:55:47","guid":{"rendered":"https:\/\/www.garciavarona.com\/?post_type=product&#038;p=22173"},"modified":"2026-01-15T11:39:00","modified_gmt":"2026-01-15T10:39:00","slug":"poimate-termite-protector-de-madera-contra-insectos-hongos-y-termitas","status":"publish","type":"product","link":"https:\/\/www.garciavarona.com\/en\/producto\/poimate-termite-protector-de-madera-contra-insectos-hongos-y-termitas\/","title":{"rendered":"Poimate termite protector de madera contra insectos, hongos y termitas"},"content":{"rendered":"<h2>Poimate termite protector de madera contra insectos, hongos y termitas<\/h2>\n<p>Toda madera que luego se cubra con alguna pintura, barniz etc, conviene tratarla previamente con Poimate Termite protector de madera. Se obtiene una total protecci\u00f3n contra insectos, hongos (incluso hongos crom\u00f3genos que suelen causar levantamiento de la pintura) y termitas de madera seca.<\/p>\n<p><span style=\"text-decoration: underline;\">Aplicaci\u00f3n:<\/span><\/p>\n<p>Se prepara la madera en su forma definitiva y, estando ya lijada y limpia de cualquier adherencia, se aplica\u00a0Poimate Termite a raz\u00f3n de unos 200-300 gramos m<sup>2 <\/sup>si son marcos de puertas, ventanas y vigas, o de unos 150 gramos m<sup>2 <\/sup>si son tablas, etc, no m\u00e1s gruesas de 30 mm.<\/p>\n<p>El rendimiento de poimate termite es 9 litros por metro cuadrado.<\/p>\n<p>Para la aplicaci\u00f3n se usa rollo de pintor, o pistola, no brocha. Con brocha y pincel se aplica siempre muy irregular.<\/p>\n<p><span style=\"text-decoration: underline;\">Presentaci\u00f3n:<\/span><\/p>\n<p>Es un l\u00edquido viscoso de color amarillo-oro. Conviene mantener los envases bien cerrados, en especial partidas empezadas.<\/p>\n<p><span style=\"text-decoration: underline;\">Materia Activa:<\/span><\/p>\n<p>Cipermetrina 92%: 0,2%<br \/>\nPropiconazol T\u00e9cnico: 1 %<\/p>\n<p><span style=\"text-decoration: underline;\">Efecto:<\/span><\/p>\n<p>Los productos penetran inmediatamente en la madera, fij\u00e1ndose en los microporos y siendo entonces pr\u00e1cticamente indeslavable.<\/p>\n<p>La perfecta fijaci\u00f3n se consigue despu\u00e9s de un d\u00eda de secado y a partir de entonces se puede barnizar o pintar encima sin ninguna precauci\u00f3n. Con Poimate Termite no se modifica el color de la madera.<\/p>\n<p>&nbsp;<\/p>\n","protected":false},"excerpt":{"rendered":"<p>Protector de madera contra insectos, hongos y termitas. Precio por unidad.<\/p>\n","protected":false},"featured_media":11799,"template":"","meta":[],"product_brand":[],"product_cat":[755,790],"product_tag":[],"class_list":{"0":"post-22173","1":"product","2":"type-product","3":"status-publish","4":"has-post-thumbnail","6":"product_cat-construccion","7":"product_cat-complementos-de-madera","8":"pa_cantidad-1-litro","9":"pa_cantidad-5-litros","10":"pa_cantidad-20-litros","12":"first","13":"instock","14":"taxable","15":"shipping-taxable","16":"purchasable","17":"product-type-variable"},"yoast_head":"<!-- This site is optimized with the Yoast SEO plugin v27.3 - https:\/\/yoast.com\/product\/yoast-seo-wordpress\/ -->\n<title>Poimate termite protector de madera contra insectos<\/title>\n<meta name=\"description\" content=\"Poimate termite protector de madera contra insectos, hongos y termitas en la madera de exterior e interior. Se pueden mezclar los tonos.\" \/>\n<meta name=\"robots\" content=\"index, follow, max-snippet:-1, max-image-preview:large, max-video-preview:-1\" \/>\n<link rel=\"canonical\" href=\"https:\/\/www.garciavarona.com\/en\/producto\/poimate-termite-protector-de-madera-contra-insectos-hongos-y-termitas\/\" \/>\n<meta property=\"og:locale\" content=\"en_US\" \/>\n<meta property=\"og:type\" content=\"article\" \/>\n<meta property=\"og:title\" content=\"Poimate termite protector de madera contra insectos\" \/>\n<meta property=\"og:description\" content=\"Poimate termite protector de madera contra insectos, hongos y termitas en la madera de exterior e interior. Se pueden mezclar los tonos.\" \/>\n<meta property=\"og:url\" content=\"https:\/\/www.garciavarona.com\/en\/producto\/poimate-termite-protector-de-madera-contra-insectos-hongos-y-termitas\/\" \/>\n<meta property=\"og:site_name\" content=\"Maderas Garcia Varona\" \/>\n<meta property=\"article:publisher\" content=\"https:\/\/www.facebook.com\/maderasgarciavaronagrupo\" \/>\n<meta property=\"article:modified_time\" content=\"2026-01-15T10:39:00+00:00\" \/>\n<meta property=\"og:image\" content=\"https:\/\/www.garciavarona.com\/wp-content\/uploads\/2019\/03\/461-Poimate-termite-1-l-protector-de-madera-contra-insectos-hongos-y-termitas.jpg\" \/>\n\t<meta property=\"og:image:width\" content=\"525\" \/>\n\t<meta property=\"og:image:height\" content=\"525\" \/>\n\t<meta property=\"og:image:type\" content=\"image\/jpeg\" \/>\n<meta name=\"twitter:card\" content=\"summary_large_image\" \/>\n<meta name=\"twitter:site\" content=\"@maderasvaronars\" \/>\n<meta name=\"twitter:label1\" content=\"Est. reading time\" \/>\n\t<meta name=\"twitter:data1\" content=\"2 minutes\" \/>\n<script type=\"application\/ld+json\" class=\"yoast-schema-graph\">{\"@context\":\"https:\\\/\\\/schema.org\",\"@graph\":[{\"@type\":[\"WebPage\",\"ItemPage\"],\"@id\":\"https:\\\/\\\/www.garciavarona.com\\\/en\\\/producto\\\/poimate-termite-protector-de-madera-contra-insectos-hongos-y-termitas\\\/\",\"url\":\"https:\\\/\\\/www.garciavarona.com\\\/en\\\/producto\\\/poimate-termite-protector-de-madera-contra-insectos-hongos-y-termitas\\\/\",\"name\":\"Poimate termite protector de madera contra insectos\",\"isPartOf\":{\"@id\":\"https:\\\/\\\/www.garciavarona.com\\\/en\\\/#website\"},\"primaryImageOfPage\":{\"@id\":\"https:\\\/\\\/www.garciavarona.com\\\/en\\\/producto\\\/poimate-termite-protector-de-madera-contra-insectos-hongos-y-termitas\\\/#primaryimage\"},\"image\":{\"@id\":\"https:\\\/\\\/www.garciavarona.com\\\/en\\\/producto\\\/poimate-termite-protector-de-madera-contra-insectos-hongos-y-termitas\\\/#primaryimage\"},\"thumbnailUrl\":\"https:\\\/\\\/www.garciavarona.com\\\/wp-content\\\/uploads\\\/2019\\\/03\\\/461-Poimate-termite-1-l-protector-de-madera-contra-insectos-hongos-y-termitas.jpg\",\"datePublished\":\"2024-08-30T13:55:47+00:00\",\"dateModified\":\"2026-01-15T10:39:00+00:00\",\"description\":\"Poimate termite protector de madera contra insectos, hongos y termitas en la madera de exterior e interior. Se pueden mezclar los tonos.\",\"breadcrumb\":{\"@id\":\"https:\\\/\\\/www.garciavarona.com\\\/en\\\/producto\\\/poimate-termite-protector-de-madera-contra-insectos-hongos-y-termitas\\\/#breadcrumb\"},\"inLanguage\":\"en-US\",\"potentialAction\":[{\"@type\":\"ReadAction\",\"target\":[\"https:\\\/\\\/www.garciavarona.com\\\/en\\\/producto\\\/poimate-termite-protector-de-madera-contra-insectos-hongos-y-termitas\\\/\"]}]},{\"@type\":\"ImageObject\",\"inLanguage\":\"en-US\",\"@id\":\"https:\\\/\\\/www.garciavarona.com\\\/en\\\/producto\\\/poimate-termite-protector-de-madera-contra-insectos-hongos-y-termitas\\\/#primaryimage\",\"url\":\"https:\\\/\\\/www.garciavarona.com\\\/wp-content\\\/uploads\\\/2019\\\/03\\\/461-Poimate-termite-1-l-protector-de-madera-contra-insectos-hongos-y-termitas.jpg\",\"contentUrl\":\"https:\\\/\\\/www.garciavarona.com\\\/wp-content\\\/uploads\\\/2019\\\/03\\\/461-Poimate-termite-1-l-protector-de-madera-contra-insectos-hongos-y-termitas.jpg\",\"width\":525,\"height\":525,\"caption\":\"Poimate termite 1 l protector de madera contra insectos, hongos y termitas\"},{\"@type\":\"BreadcrumbList\",\"@id\":\"https:\\\/\\\/www.garciavarona.com\\\/en\\\/producto\\\/poimate-termite-protector-de-madera-contra-insectos-hongos-y-termitas\\\/#breadcrumb\",\"itemListElement\":[{\"@type\":\"ListItem\",\"position\":1,\"name\":\"Portada\",\"item\":\"https:\\\/\\\/www.garciavarona.com\\\/en\\\/\"},{\"@type\":\"ListItem\",\"position\":2,\"name\":\"Tienda Maderas Garc\u00eda Varona\",\"item\":\"https:\\\/\\\/www.garciavarona.com\\\/tienda\\\/\"},{\"@type\":\"ListItem\",\"position\":3,\"name\":\"Poimate termite protector de madera contra insectos, hongos y termitas\"}]},{\"@type\":\"WebSite\",\"@id\":\"https:\\\/\\\/www.garciavarona.com\\\/en\\\/#website\",\"url\":\"https:\\\/\\\/www.garciavarona.com\\\/en\\\/\",\"name\":\"Maderas Garcia Varona\",\"description\":\"Fabrica y Aserradero de Madera. Expertos en Madera\",\"publisher\":{\"@id\":\"https:\\\/\\\/www.garciavarona.com\\\/en\\\/#organization\"},\"potentialAction\":[{\"@type\":\"SearchAction\",\"target\":{\"@type\":\"EntryPoint\",\"urlTemplate\":\"https:\\\/\\\/www.garciavarona.com\\\/en\\\/?s={search_term_string}\"},\"query-input\":{\"@type\":\"PropertyValueSpecification\",\"valueRequired\":true,\"valueName\":\"search_term_string\"}}],\"inLanguage\":\"en-US\"},{\"@type\":\"Organization\",\"@id\":\"https:\\\/\\\/www.garciavarona.com\\\/en\\\/#organization\",\"name\":\"Maderas Garcia Varona\",\"url\":\"https:\\\/\\\/www.garciavarona.com\\\/en\\\/\",\"logo\":{\"@type\":\"ImageObject\",\"inLanguage\":\"en-US\",\"@id\":\"https:\\\/\\\/www.garciavarona.com\\\/en\\\/#\\\/schema\\\/logo\\\/image\\\/\",\"url\":\"https:\\\/\\\/www.garciavarona.com\\\/wp-content\\\/uploads\\\/2022\\\/06\\\/logoGarciaVarona.svg\",\"contentUrl\":\"https:\\\/\\\/www.garciavarona.com\\\/wp-content\\\/uploads\\\/2022\\\/06\\\/logoGarciaVarona.svg\",\"width\":1020,\"height\":200,\"caption\":\"Maderas Garcia Varona\"},\"image\":{\"@id\":\"https:\\\/\\\/www.garciavarona.com\\\/en\\\/#\\\/schema\\\/logo\\\/image\\\/\"},\"sameAs\":[\"https:\\\/\\\/www.facebook.com\\\/maderasgarciavaronagrupo\",\"https:\\\/\\\/x.com\\\/maderasvaronars\",\"https:\\\/\\\/www.instagram.com\\\/maderasgarciavarona\\\/\",\"https:\\\/\\\/www.linkedin.com\\\/company\\\/maderas-garcia-varona\\\/\",\"https:\\\/\\\/www.youtube.com\\\/channel\\\/UCGUEME06N_h66pB2coJC83w\\\/featured\"]}]}<\/script>\n<!-- \/ Yoast SEO plugin. -->","yoast_head_json":{"title":"Poimate termite protector de madera contra insectos","description":"Poimate termite protector de madera contra insectos, hongos y termitas en la madera de exterior e interior. Se pueden mezclar los tonos.","robots":{"index":"index","follow":"follow","max-snippet":"max-snippet:-1","max-image-preview":"max-image-preview:large","max-video-preview":"max-video-preview:-1"},"canonical":"https:\/\/www.garciavarona.com\/en\/producto\/poimate-termite-protector-de-madera-contra-insectos-hongos-y-termitas\/","og_locale":"en_US","og_type":"article","og_title":"Poimate termite protector de madera contra insectos","og_description":"Poimate termite protector de madera contra insectos, hongos y termitas en la madera de exterior e interior. Se pueden mezclar los tonos.","og_url":"https:\/\/www.garciavarona.com\/en\/producto\/poimate-termite-protector-de-madera-contra-insectos-hongos-y-termitas\/","og_site_name":"Maderas Garcia Varona","article_publisher":"https:\/\/www.facebook.com\/maderasgarciavaronagrupo","article_modified_time":"2026-01-15T10:39:00+00:00","og_image":[{"width":525,"height":525,"url":"https:\/\/www.garciavarona.com\/wp-content\/uploads\/2019\/03\/461-Poimate-termite-1-l-protector-de-madera-contra-insectos-hongos-y-termitas.jpg","type":"image\/jpeg"}],"twitter_card":"summary_large_image","twitter_site":"@maderasvaronars","twitter_misc":{"Est. reading time":"2 minutes"},"schema":{"@context":"https:\/\/schema.org","@graph":[{"@type":["WebPage","ItemPage"],"@id":"https:\/\/www.garciavarona.com\/en\/producto\/poimate-termite-protector-de-madera-contra-insectos-hongos-y-termitas\/","url":"https:\/\/www.garciavarona.com\/en\/producto\/poimate-termite-protector-de-madera-contra-insectos-hongos-y-termitas\/","name":"Poimate termite protector de madera contra insectos","isPartOf":{"@id":"https:\/\/www.garciavarona.com\/en\/#website"},"primaryImageOfPage":{"@id":"https:\/\/www.garciavarona.com\/en\/producto\/poimate-termite-protector-de-madera-contra-insectos-hongos-y-termitas\/#primaryimage"},"image":{"@id":"https:\/\/www.garciavarona.com\/en\/producto\/poimate-termite-protector-de-madera-contra-insectos-hongos-y-termitas\/#primaryimage"},"thumbnailUrl":"https:\/\/www.garciavarona.com\/wp-content\/uploads\/2019\/03\/461-Poimate-termite-1-l-protector-de-madera-contra-insectos-hongos-y-termitas.jpg","datePublished":"2024-08-30T13:55:47+00:00","dateModified":"2026-01-15T10:39:00+00:00","description":"Poimate termite protector de madera contra insectos, hongos y termitas en la madera de exterior e interior. Se pueden mezclar los tonos.","breadcrumb":{"@id":"https:\/\/www.garciavarona.com\/en\/producto\/poimate-termite-protector-de-madera-contra-insectos-hongos-y-termitas\/#breadcrumb"},"inLanguage":"en-US","potentialAction":[{"@type":"ReadAction","target":["https:\/\/www.garciavarona.com\/en\/producto\/poimate-termite-protector-de-madera-contra-insectos-hongos-y-termitas\/"]}]},{"@type":"ImageObject","inLanguage":"en-US","@id":"https:\/\/www.garciavarona.com\/en\/producto\/poimate-termite-protector-de-madera-contra-insectos-hongos-y-termitas\/#primaryimage","url":"https:\/\/www.garciavarona.com\/wp-content\/uploads\/2019\/03\/461-Poimate-termite-1-l-protector-de-madera-contra-insectos-hongos-y-termitas.jpg","contentUrl":"https:\/\/www.garciavarona.com\/wp-content\/uploads\/2019\/03\/461-Poimate-termite-1-l-protector-de-madera-contra-insectos-hongos-y-termitas.jpg","width":525,"height":525,"caption":"Poimate termite 1 l protector de madera contra insectos, hongos y termitas"},{"@type":"BreadcrumbList","@id":"https:\/\/www.garciavarona.com\/en\/producto\/poimate-termite-protector-de-madera-contra-insectos-hongos-y-termitas\/#breadcrumb","itemListElement":[{"@type":"ListItem","position":1,"name":"Portada","item":"https:\/\/www.garciavarona.com\/en\/"},{"@type":"ListItem","position":2,"name":"Tienda Maderas Garc\u00eda Varona","item":"https:\/\/www.garciavarona.com\/tienda\/"},{"@type":"ListItem","position":3,"name":"Poimate termite protector de madera contra insectos, hongos y termitas"}]},{"@type":"WebSite","@id":"https:\/\/www.garciavarona.com\/en\/#website","url":"https:\/\/www.garciavarona.com\/en\/","name":"Maderas Garcia Varona","description":"Fabrica y Aserradero de Madera. Expertos en Madera","publisher":{"@id":"https:\/\/www.garciavarona.com\/en\/#organization"},"potentialAction":[{"@type":"SearchAction","target":{"@type":"EntryPoint","urlTemplate":"https:\/\/www.garciavarona.com\/en\/?s={search_term_string}"},"query-input":{"@type":"PropertyValueSpecification","valueRequired":true,"valueName":"search_term_string"}}],"inLanguage":"en-US"},{"@type":"Organization","@id":"https:\/\/www.garciavarona.com\/en\/#organization","name":"Maderas Garcia Varona","url":"https:\/\/www.garciavarona.com\/en\/","logo":{"@type":"ImageObject","inLanguage":"en-US","@id":"https:\/\/www.garciavarona.com\/en\/#\/schema\/logo\/image\/","url":"https:\/\/www.garciavarona.com\/wp-content\/uploads\/2022\/06\/logoGarciaVarona.svg","contentUrl":"https:\/\/www.garciavarona.com\/wp-content\/uploads\/2022\/06\/logoGarciaVarona.svg","width":1020,"height":200,"caption":"Maderas Garcia Varona"},"image":{"@id":"https:\/\/www.garciavarona.com\/en\/#\/schema\/logo\/image\/"},"sameAs":["https:\/\/www.facebook.com\/maderasgarciavaronagrupo","https:\/\/x.com\/maderasvaronars","https:\/\/www.instagram.com\/maderasgarciavarona\/","https:\/\/www.linkedin.com\/company\/maderas-garcia-varona\/","https:\/\/www.youtube.com\/channel\/UCGUEME06N_h66pB2coJC83w\/featured"]}]}},"_links":{"self":[{"href":"https:\/\/www.garciavarona.com\/en\/wp-json\/wp\/v2\/product\/22173","targetHints":{"allow":["GET"]}}],"collection":[{"href":"https:\/\/www.garciavarona.com\/en\/wp-json\/wp\/v2\/product"}],"about":[{"href":"https:\/\/www.garciavarona.com\/en\/wp-json\/wp\/v2\/types\/product"}],"version-history":[{"count":6,"href":"https:\/\/www.garciavarona.com\/en\/wp-json\/wp\/v2\/product\/22173\/revisions"}],"predecessor-version":[{"id":22243,"href":"https:\/\/www.garciavarona.com\/en\/wp-json\/wp\/v2\/product\/22173\/revisions\/22243"}],"wp:featuredmedia":[{"embeddable":true,"href":"https:\/\/www.garciavarona.com\/en\/wp-json\/wp\/v2\/media\/11799"}],"wp:attachment":[{"href":"https:\/\/www.garciavarona.com\/en\/wp-json\/wp\/v2\/media?parent=22173"}],"wp:term":[{"taxonomy":"product_brand","embeddable":true,"href":"https:\/\/www.garciavarona.com\/en\/wp-json\/wp\/v2\/product_brand?post=22173"},{"taxonomy":"product_cat","embeddable":true,"href":"https:\/\/www.garciavarona.com\/en\/wp-json\/wp\/v2\/product_cat?post=22173"},{"taxonomy":"product_tag","embeddable":true,"href":"https:\/\/www.garciavarona.com\/en\/wp-json\/wp\/v2\/product_tag?post=22173"}],"curies":[{"name":"wp","href":"https:\/\/api.w.org\/{rel}","templated":true}]}}